{"id":94,"date":"2016-03-07T23:11:09","date_gmt":"2016-03-07T22:11:09","guid":{"rendered":"http:\/\/www.schwaben-international.de\/schueleraustausch\/?page_id=94"},"modified":"2023-03-23T15:51:19","modified_gmt":"2023-03-23T14:51:19","slug":"argentinien","status":"publish","type":"page","link":"https:\/\/www.schwaben-international.de\/schueleraustausch\/laender-und-termine\/argentinien\/","title":{"rendered":"Argentinien"},"content":{"rendered":"<h1 class=\"entry-title-post\"><span style=\"color: #ff0000\"><a style=\"color: #ff0000\" href=\"https:\/\/www.schwaben-international.de\/schueleraustausch\/2023\/03\/wir-sagen-auf-wiedersehen-nach-33-jahren-geht-eine-aera-zu-ende\/\" rel=\"bookmark\">Wir sagen auf Wiedersehen! \u2013 Nach 33 Jahren geht eine \u00c4ra zu Ende<\/a><\/span><\/h1>\n<h6><\/h6>\n<h1 class=\"entry-title-post\"><a href=\"https:\/\/www.schwaben-international.de\/schueleraustausch\/2023\/03\/neuer-kooperationspartner-djo-deutschen-jugend-in-europa-landesverband-baden-wuerttemberg\/\" rel=\"bookmark\"><span style=\"color: #ff6600\">Neuer Kooperationspartner djo \u2013 Deutschen Jugend in Europa Landesverband Baden-W\u00fcrttemberg<\/span><\/a><\/h1>\n<p>&nbsp;<\/p>\n<p>&nbsp;<\/p>\n<h1>2023<\/h1>\n<p><strong>Familienaufenthalt: 08. Januar bis 25. Februar 2023<br \/>\nSchulen in Eldorado und Posadas<br \/>\n<\/strong>12 Sch\u00fcler*innen mit guten Deutschkenntnissen<br \/>\nAlter 15-17 Jahre<br \/>\n<strong><span style=\"color: #ff0000\">Diese Gruppe ist aufgrund zu wenig Teilnehmer*innen leider abgesagt.<\/span><\/strong><\/p>\n<p>Die Sch\u00fclergruppe kommt in Frankfurt\/ Main an. In Stuttgart k\u00f6nnen sich die Jugendlichen etwas aklimatisieren und wir bereiten sie noch einmal auf den Aufenthalt in den Gastfamilien, den Schulbesuch und die Reise mit dem Zug zur Gastfamilie vor. Zwei N\u00e4chte verbringt sie in der Jugendherberge Stuttgart International.<\/p>\n<p>Am Tag der Anreise zu den Gastfamilien werden die Jugendlichen entweder von der Gastfamilie in der Jugendherberge abgeholt oder von Schwaben International am Hauptbahnhof Stuttgart zu ihren Z\u00fcgen gebracht.<\/p>\n<p>Sie wohnen sieben Wochen bei der Gastfamilie und besuchen dort ein Gymnasium oder eine Gesamtschule. W\u00e4hrend dieser Zeit ist kein gemeinsames Programm vorgesehen.<\/p>\n<p>Nach dem Ende des Aufenthaltes in der Gastfamilie werden die Sch\u00fcler*innen entweder von der Gastfamilie zum Flughafen Frankfurt gebracht oder sie fahren selbst\u00e4ndig mit dem Zug dorthin. Die Abreise wird von uns organisiert. Von Frankfurt fliegen die Jugendlichen nach Argentinien zur\u00fcck.<\/p>\n","protected":false},"excerpt":{"rendered":"<p>Wir sagen auf Wiedersehen! \u2013 Nach 33 Jahren geht eine \u00c4ra zu Ende Neuer Kooperationspartner djo \u2013 Deutschen Jugend in Europa Landesverband Baden-W\u00fcrttemberg &nbsp; &nbsp; 2023 Familienaufenthalt: 08. Januar bis 25. Februar 2023 Schulen in Eldorado und Posadas 12 Sch\u00fcler*innen mit guten Deutschkenntnissen Alter 15-17 Jahre Diese Gruppe ist aufgrund zu wenig Teilnehmer*innen leider abgesagt. Die Sch\u00fclergruppe kommt in Frankfurt\/ Main an. In Stuttgart k\u00f6nnen &hellip; <a href=\"https:\/\/www.schwaben-international.de\/schueleraustausch\/laender-und-termine\/argentinien\/\" class=\"more-link\">weiterlesen <span class=\"screen-reader-text\">Argentinien<\/span> <span class=\u201emeta-nav\u201c>&raquo;<\/span><\/a><\/p>\n","protected":false},"author":2,"featured_media":0,"parent":8,"menu_order":16,"comment_status":"closed","ping_status":"closed","template":"","meta":{"footnotes":""},"class_list":["post-94","page","type-page","status-publish","hentry"],"yoast_head":"<!-- This site is optimized with the Yoast SEO plugin v25.6 - https:\/\/yoast.com\/wordpress\/plugins\/seo\/ -->\n<title>Argentinien - Sch\u00fcleraustausch Schwaben International e.V.<\/title>\n<meta name=\"description\" content=\"Hier finden Sie die Termine f\u00fcr unseren Sch\u00fcleraustausch aus Argentnien und den Familienaufenthalt unserer Austauschsch\u00fcler im Sommer 2018.\" \/>\n<meta name=\"robots\" content=\"index, follow, max-snippet:-1, max-image-preview:large, max-video-preview:-1\" \/>\n<link rel=\"canonical\" href=\"https:\/\/www.schwaben-international.de\/schueleraustausch\/laender-und-termine\/argentinien\/\" \/>\n<meta property=\"og:locale\" content=\"de_DE\" \/>\n<meta property=\"og:type\" content=\"article\" \/>\n<meta property=\"og:title\" content=\"Argentinien - Sch\u00fcleraustausch Schwaben International e.V.\" \/>\n<meta property=\"og:description\" content=\"Hier finden Sie die Termine f\u00fcr unseren Sch\u00fcleraustausch aus Argentnien und den Familienaufenthalt unserer Austauschsch\u00fcler im Sommer 2018.\" \/>\n<meta property=\"og:url\" content=\"https:\/\/www.schwaben-international.de\/schueleraustausch\/laender-und-termine\/argentinien\/\" \/>\n<meta property=\"og:site_name\" content=\"Sch\u00fcleraustausch\" \/>\n<meta property=\"article:modified_time\" content=\"2023-03-23T14:51:19+00:00\" \/>\n<meta property=\"og:image\" content=\"https:\/\/www.schwaben-international.de\/schueleraustausch\/wp-content\/uploads\/sites\/2\/2016\/08\/allg-info-01.jpg\" \/>\n\t<meta property=\"og:image:width\" content=\"1200\" \/>\n\t<meta property=\"og:image:height\" content=\"300\" \/>\n\t<meta property=\"og:image:type\" content=\"image\/jpeg\" \/>\n<meta name=\"twitter:card\" content=\"summary_large_image\" \/>\n<meta name=\"twitter:label1\" content=\"Gesch\u00e4tzte Lesezeit\" \/>\n\t<meta name=\"twitter:data1\" content=\"2\u00a0Minuten\" \/>\n<script type=\"application\/ld+json\" class=\"yoast-schema-graph\">{\"@context\":\"https:\/\/schema.org\",\"@graph\":[{\"@type\":\"WebPage\",\"@id\":\"https:\/\/www.schwaben-international.de\/schueleraustausch\/laender-und-termine\/argentinien\/\",\"url\":\"https:\/\/www.schwaben-international.de\/schueleraustausch\/laender-und-termine\/argentinien\/\",\"name\":\"Argentinien - Sch\u00fcleraustausch Schwaben International e.V.\",\"isPartOf\":{\"@id\":\"https:\/\/www.schwaben-international.de\/schueleraustausch\/#website\"},\"datePublished\":\"2016-03-07T22:11:09+00:00\",\"dateModified\":\"2023-03-23T14:51:19+00:00\",\"description\":\"Hier finden Sie die Termine f\u00fcr unseren Sch\u00fcleraustausch aus Argentnien und den Familienaufenthalt unserer Austauschsch\u00fcler im Sommer 2018.\",\"breadcrumb\":{\"@id\":\"https:\/\/www.schwaben-international.de\/schueleraustausch\/laender-und-termine\/argentinien\/#breadcrumb\"},\"inLanguage\":\"de\",\"potentialAction\":[{\"@type\":\"ReadAction\",\"target\":[\"https:\/\/www.schwaben-international.de\/schueleraustausch\/laender-und-termine\/argentinien\/\"]}]},{\"@type\":\"BreadcrumbList\",\"@id\":\"https:\/\/www.schwaben-international.de\/schueleraustausch\/laender-und-termine\/argentinien\/#breadcrumb\",\"itemListElement\":[{\"@type\":\"ListItem\",\"position\":1,\"name\":\"Startseite\",\"item\":\"https:\/\/www.schwaben-international.de\/schueleraustausch\/\"},{\"@type\":\"ListItem\",\"position\":2,\"name\":\"L\u00e4nder und Termine\",\"item\":\"https:\/\/www.schwaben-international.de\/schueleraustausch\/laender-und-termine\/\"},{\"@type\":\"ListItem\",\"position\":3,\"name\":\"Argentinien\"}]},{\"@type\":\"WebSite\",\"@id\":\"https:\/\/www.schwaben-international.de\/schueleraustausch\/#website\",\"url\":\"https:\/\/www.schwaben-international.de\/schueleraustausch\/\",\"name\":\"Sch\u00fcleraustausch\",\"description\":\"Schwaben International e.V.\",\"publisher\":{\"@id\":\"https:\/\/www.schwaben-international.de\/schueleraustausch\/#organization\"},\"potentialAction\":[{\"@type\":\"SearchAction\",\"target\":{\"@type\":\"EntryPoint\",\"urlTemplate\":\"https:\/\/www.schwaben-international.de\/schueleraustausch\/?s={search_term_string}\"},\"query-input\":{\"@type\":\"PropertyValueSpecification\",\"valueRequired\":true,\"valueName\":\"search_term_string\"}}],\"inLanguage\":\"de\"},{\"@type\":\"Organization\",\"@id\":\"https:\/\/www.schwaben-international.de\/schueleraustausch\/#organization\",\"name\":\"Schwaben International e.V.\",\"url\":\"https:\/\/www.schwaben-international.de\/schueleraustausch\/\",\"logo\":{\"@type\":\"ImageObject\",\"inLanguage\":\"de\",\"@id\":\"https:\/\/www.schwaben-international.de\/schueleraustausch\/#\/schema\/logo\/image\/\",\"url\":\"https:\/\/www.schwaben-international.de\/schueleraustausch\/wp-content\/uploads\/sites\/2\/2016\/08\/logo-1.png\",\"contentUrl\":\"https:\/\/www.schwaben-international.de\/schueleraustausch\/wp-content\/uploads\/sites\/2\/2016\/08\/logo-1.png\",\"width\":300,\"height\":90,\"caption\":\"Schwaben International e.V.\"},\"image\":{\"@id\":\"https:\/\/www.schwaben-international.de\/schueleraustausch\/#\/schema\/logo\/image\/\"}}]}<\/script>\n<!-- \/ Yoast SEO plugin. -->","yoast_head_json":{"title":"Argentinien - Sch\u00fcleraustausch Schwaben International e.V.","description":"Hier finden Sie die Termine f\u00fcr unseren Sch\u00fcleraustausch aus Argentnien und den Familienaufenthalt unserer Austauschsch\u00fcler im Sommer 2018.","robots":{"index":"index","follow":"follow","max-snippet":"max-snippet:-1","max-image-preview":"max-image-preview:large","max-video-preview":"max-video-preview:-1"},"canonical":"https:\/\/www.schwaben-international.de\/schueleraustausch\/laender-und-termine\/argentinien\/","og_locale":"de_DE","og_type":"article","og_title":"Argentinien - Sch\u00fcleraustausch Schwaben International e.V.","og_description":"Hier finden Sie die Termine f\u00fcr unseren Sch\u00fcleraustausch aus Argentnien und den Familienaufenthalt unserer Austauschsch\u00fcler im Sommer 2018.","og_url":"https:\/\/www.schwaben-international.de\/schueleraustausch\/laender-und-termine\/argentinien\/","og_site_name":"Sch\u00fcleraustausch","article_modified_time":"2023-03-23T14:51:19+00:00","og_image":[{"width":1200,"height":300,"url":"https:\/\/www.schwaben-international.de\/schueleraustausch\/wp-content\/uploads\/sites\/2\/2016\/08\/allg-info-01.jpg","type":"image\/jpeg"}],"twitter_card":"summary_large_image","twitter_misc":{"Gesch\u00e4tzte Lesezeit":"2\u00a0Minuten"},"schema":{"@context":"https:\/\/schema.org","@graph":[{"@type":"WebPage","@id":"https:\/\/www.schwaben-international.de\/schueleraustausch\/laender-und-termine\/argentinien\/","url":"https:\/\/www.schwaben-international.de\/schueleraustausch\/laender-und-termine\/argentinien\/","name":"Argentinien - Sch\u00fcleraustausch Schwaben International e.V.","isPartOf":{"@id":"https:\/\/www.schwaben-international.de\/schueleraustausch\/#website"},"datePublished":"2016-03-07T22:11:09+00:00","dateModified":"2023-03-23T14:51:19+00:00","description":"Hier finden Sie die Termine f\u00fcr unseren Sch\u00fcleraustausch aus Argentnien und den Familienaufenthalt unserer Austauschsch\u00fcler im Sommer 2018.","breadcrumb":{"@id":"https:\/\/www.schwaben-international.de\/schueleraustausch\/laender-und-termine\/argentinien\/#breadcrumb"},"inLanguage":"de","potentialAction":[{"@type":"ReadAction","target":["https:\/\/www.schwaben-international.de\/schueleraustausch\/laender-und-termine\/argentinien\/"]}]},{"@type":"BreadcrumbList","@id":"https:\/\/www.schwaben-international.de\/schueleraustausch\/laender-und-termine\/argentinien\/#breadcrumb","itemListElement":[{"@type":"ListItem","position":1,"name":"Startseite","item":"https:\/\/www.schwaben-international.de\/schueleraustausch\/"},{"@type":"ListItem","position":2,"name":"L\u00e4nder und Termine","item":"https:\/\/www.schwaben-international.de\/schueleraustausch\/laender-und-termine\/"},{"@type":"ListItem","position":3,"name":"Argentinien"}]},{"@type":"WebSite","@id":"https:\/\/www.schwaben-international.de\/schueleraustausch\/#website","url":"https:\/\/www.schwaben-international.de\/schueleraustausch\/","name":"Sch\u00fcleraustausch","description":"Schwaben International e.V.","publisher":{"@id":"https:\/\/www.schwaben-international.de\/schueleraustausch\/#organization"},"potentialAction":[{"@type":"SearchAction","target":{"@type":"EntryPoint","urlTemplate":"https:\/\/www.schwaben-international.de\/schueleraustausch\/?s={search_term_string}"},"query-input":{"@type":"PropertyValueSpecification","valueRequired":true,"valueName":"search_term_string"}}],"inLanguage":"de"},{"@type":"Organization","@id":"https:\/\/www.schwaben-international.de\/schueleraustausch\/#organization","name":"Schwaben International e.V.","url":"https:\/\/www.schwaben-international.de\/schueleraustausch\/","logo":{"@type":"ImageObject","inLanguage":"de","@id":"https:\/\/www.schwaben-international.de\/schueleraustausch\/#\/schema\/logo\/image\/","url":"https:\/\/www.schwaben-international.de\/schueleraustausch\/wp-content\/uploads\/sites\/2\/2016\/08\/logo-1.png","contentUrl":"https:\/\/www.schwaben-international.de\/schueleraustausch\/wp-content\/uploads\/sites\/2\/2016\/08\/logo-1.png","width":300,"height":90,"caption":"Schwaben International e.V."},"image":{"@id":"https:\/\/www.schwaben-international.de\/schueleraustausch\/#\/schema\/logo\/image\/"}}]}},"_links":{"self":[{"href":"https:\/\/www.schwaben-international.de\/schueleraustausch\/wp-json\/wp\/v2\/pages\/94","targetHints":{"allow":["GET"]}}],"collection":[{"href":"https:\/\/www.schwaben-international.de\/schueleraustausch\/wp-json\/wp\/v2\/pages"}],"about":[{"href":"https:\/\/www.schwaben-international.de\/schueleraustausch\/wp-json\/wp\/v2\/types\/page"}],"author":[{"embeddable":true,"href":"https:\/\/www.schwaben-international.de\/schueleraustausch\/wp-json\/wp\/v2\/users\/2"}],"replies":[{"embeddable":true,"href":"https:\/\/www.schwaben-international.de\/schueleraustausch\/wp-json\/wp\/v2\/comments?post=94"}],"version-history":[{"count":2,"href":"https:\/\/www.schwaben-international.de\/schueleraustausch\/wp-json\/wp\/v2\/pages\/94\/revisions"}],"predecessor-version":[{"id":3288,"href":"https:\/\/www.schwaben-international.de\/schueleraustausch\/wp-json\/wp\/v2\/pages\/94\/revisions\/3288"}],"up":[{"embeddable":true,"href":"https:\/\/www.schwaben-international.de\/schueleraustausch\/wp-json\/wp\/v2\/pages\/8"}],"wp:attachment":[{"href":"https:\/\/www.schwaben-international.de\/schueleraustausch\/wp-json\/wp\/v2\/media?parent=94"}],"curies":[{"name":"wp","href":"https:\/\/api.w.org\/{rel}","templated":true}]}}