{"id":8,"date":"2016-02-06T18:19:39","date_gmt":"2016-02-06T17:19:39","guid":{"rendered":"http:\/\/www.schwaben-international.de\/schueleraustausch\/?page_id=8"},"modified":"2023-03-23T15:40:49","modified_gmt":"2023-03-23T14:40:49","slug":"laender-und-termine","status":"publish","type":"page","link":"https:\/\/www.schwaben-international.de\/schueleraustausch\/laender-und-termine\/","title":{"rendered":"L\u00e4nder und Termine"},"content":{"rendered":"<h1 class=\"entry-title-post\"><span style=\"color: #ff0000\"><a style=\"color: #ff0000\" href=\"https:\/\/www.schwaben-international.de\/schueleraustausch\/2023\/03\/wir-sagen-auf-wiedersehen-nach-33-jahren-geht-eine-aera-zu-ende\/\" rel=\"bookmark\">Wir sagen auf Wiedersehen! \u2013 Nach 33 Jahren geht eine \u00c4ra zu Ende<\/a><br \/>\n<\/span><\/h1>\n<h6><\/h6>\n<h1 class=\"entry-title-post\"><a href=\"https:\/\/www.schwaben-international.de\/schueleraustausch\/2023\/03\/neuer-kooperationspartner-djo-deutschen-jugend-in-europa-landesverband-baden-wuerttemberg\/\" rel=\"bookmark\"><span style=\"color: #ff0000\"><span style=\"color: #000000\"><span style=\"color: #ff6600\">Neuer Kooperationspartner djo \u2013 Deutschen Jugend in Europa Landesverband Baden-W\u00fcrttemberg<\/span><\/span><\/span><\/a><\/h1>\n<p>&nbsp;<\/p>\n<p>&nbsp;<\/p>\n<h1>2023<\/h1>\n<h2><a href=\"https:\/\/www.schwaben-international.de\/schueleraustausch\/laender-und-termine\/peru\/\" target=\"_blank\" rel=\"noopener noreferrer\">Peru<\/a><\/h2>\n<p><strong>Familienaufenthalt: 07. Januar bis 17. Februar 2023<br \/>\n<a href=\"https:\/\/www.schwaben-international.de\/schueleraustausch\/infos\/partnerschulen\/peru\/\">Alexander von Humboldt Schule, Lima<\/a><br \/>\n<\/strong>38 Sch\u00fcler*innen mit ausreichenden bis guten Deutschkenntnissen<br \/>\nAlter 15-17 Jahre<\/p>\n<h2><a href=\"https:\/\/www.schwaben-international.de\/schueleraustausch\/laender-und-termine\/brasilien\/\" target=\"_blank\" rel=\"noopener noreferrer\">Brasilien<\/a><\/h2>\n<p><strong>Familienaufenthalt: 14. Januar bis 08. Februar 2023<br \/>\n<\/strong><strong><a href=\"https:\/\/www.schwaben-international.de\/schueleraustausch\/infos\/partnerschulen\/brasilien\/\">Pastor Dohms Schule, Porto Alegre<\/a><br \/>\n<\/strong>20 Sch\u00fcler*innen mit guten Deutschkenntnissen<br \/>\nAlter 15-17 Jahre<br \/>\n<span style=\"color: #ff0000\"><strong>Diese Gruppe ist aufgrund zu wenig Teilnehmer*innen leider abgesagt.<\/strong><\/span><\/p>\n<h2><a href=\"https:\/\/www.schwaben-international.de\/schueleraustausch\/laender-und-termine\/el-salvador\/\" target=\"_blank\" rel=\"noopener\">El Salvador<\/a><\/h2>\n<p><strong>Familienaufenthalt: ca. 16. April bis ca. 11. Juni 2023<br \/>\n<\/strong><strong><a href=\"https:\/\/www.schwaben-international.de\/schueleraustausch\/infos\/partnerschulen\/partnerschule-in-el-salvador\/\" target=\"_blank\" rel=\"noopener noreferrer\">Deutsche Schule San Salvador<\/a><br \/>\n<\/strong>25 Sch\u00fcler*innen mit guten Deutschkenntnissen<br \/>\nAlter 16-17 Jahre<br \/>\n<span style=\"color: #ff0000\"><strong>Diese Gruppe ist aufgrund zu wenig Teilnehmer*innen leider abgesagt.<\/strong><\/span><\/p>\n","protected":false},"excerpt":{"rendered":"<p>Wir sagen auf Wiedersehen! \u2013 Nach 33 Jahren geht eine \u00c4ra zu Ende Neuer Kooperationspartner djo \u2013 Deutschen Jugend in Europa Landesverband Baden-W\u00fcrttemberg &nbsp; &nbsp; 2023 Peru Familienaufenthalt: 07. Januar bis 17. Februar 2023 Alexander von Humboldt Schule, Lima 38 Sch\u00fcler*innen mit ausreichenden bis guten Deutschkenntnissen Alter 15-17 Jahre Brasilien Familienaufenthalt: 14. Januar bis 08. Februar 2023 Pastor Dohms Schule, Porto Alegre 20 Sch\u00fcler*innen mit &hellip; <a href=\"https:\/\/www.schwaben-international.de\/schueleraustausch\/laender-und-termine\/\" class=\"more-link\">weiterlesen <span class=\"screen-reader-text\">L\u00e4nder und Termine<\/span> <span class=\u201emeta-nav\u201c>&raquo;<\/span><\/a><\/p>\n","protected":false},"author":2,"featured_media":0,"parent":0,"menu_order":15,"comment_status":"closed","ping_status":"closed","template":"","meta":{"footnotes":""},"class_list":["post-8","page","type-page","status-publish","hentry"],"yoast_head":"<!-- This site is optimized with the Yoast SEO plugin v25.6 - https:\/\/yoast.com\/wordpress\/plugins\/seo\/ -->\n<title>L\u00e4nder und Termine - Sch\u00fcleraustausch Schwaben International e.V.<\/title>\n<meta name=\"description\" content=\"Termine f\u00fcr 2017\/18 f\u00fcr unseren Sch\u00fcleraustausch aus Argentinien, Brasilien, Chile und Peru sowie den Familienaufenthalt unserer Austauschsch\u00fcler.\" \/>\n<meta name=\"robots\" content=\"index, follow, max-snippet:-1, max-image-preview:large, max-video-preview:-1\" \/>\n<link rel=\"canonical\" href=\"https:\/\/www.schwaben-international.de\/schueleraustausch\/laender-und-termine\/\" \/>\n<meta property=\"og:locale\" content=\"de_DE\" \/>\n<meta property=\"og:type\" content=\"article\" \/>\n<meta property=\"og:title\" content=\"L\u00e4nder und Termine - Sch\u00fcleraustausch Schwaben International e.V.\" \/>\n<meta property=\"og:description\" content=\"Termine f\u00fcr 2017\/18 f\u00fcr unseren Sch\u00fcleraustausch aus Argentinien, Brasilien, Chile und Peru sowie den Familienaufenthalt unserer Austauschsch\u00fcler.\" \/>\n<meta property=\"og:url\" content=\"https:\/\/www.schwaben-international.de\/schueleraustausch\/laender-und-termine\/\" \/>\n<meta property=\"og:site_name\" content=\"Sch\u00fcleraustausch\" \/>\n<meta property=\"article:modified_time\" content=\"2023-03-23T14:40:49+00:00\" \/>\n<meta property=\"og:image\" content=\"https:\/\/www.schwaben-international.de\/schueleraustausch\/wp-content\/uploads\/sites\/2\/2016\/08\/allg-info-01.jpg\" \/>\n\t<meta property=\"og:image:width\" content=\"1200\" \/>\n\t<meta property=\"og:image:height\" content=\"300\" \/>\n\t<meta property=\"og:image:type\" content=\"image\/jpeg\" \/>\n<meta name=\"twitter:card\" content=\"summary_large_image\" \/>\n<meta name=\"twitter:label1\" content=\"Gesch\u00e4tzte Lesezeit\" \/>\n\t<meta name=\"twitter:data1\" content=\"1\u00a0Minute\" \/>\n<script type=\"application\/ld+json\" class=\"yoast-schema-graph\">{\"@context\":\"https:\/\/schema.org\",\"@graph\":[{\"@type\":\"WebPage\",\"@id\":\"https:\/\/www.schwaben-international.de\/schueleraustausch\/laender-und-termine\/\",\"url\":\"https:\/\/www.schwaben-international.de\/schueleraustausch\/laender-und-termine\/\",\"name\":\"L\u00e4nder und Termine - Sch\u00fcleraustausch Schwaben International e.V.\",\"isPartOf\":{\"@id\":\"https:\/\/www.schwaben-international.de\/schueleraustausch\/#website\"},\"datePublished\":\"2016-02-06T17:19:39+00:00\",\"dateModified\":\"2023-03-23T14:40:49+00:00\",\"description\":\"Termine f\u00fcr 2017\/18 f\u00fcr unseren Sch\u00fcleraustausch aus Argentinien, Brasilien, Chile und Peru sowie den Familienaufenthalt unserer Austauschsch\u00fcler.\",\"breadcrumb\":{\"@id\":\"https:\/\/www.schwaben-international.de\/schueleraustausch\/laender-und-termine\/#breadcrumb\"},\"inLanguage\":\"de\",\"potentialAction\":[{\"@type\":\"ReadAction\",\"target\":[\"https:\/\/www.schwaben-international.de\/schueleraustausch\/laender-und-termine\/\"]}]},{\"@type\":\"BreadcrumbList\",\"@id\":\"https:\/\/www.schwaben-international.de\/schueleraustausch\/laender-und-termine\/#breadcrumb\",\"itemListElement\":[{\"@type\":\"ListItem\",\"position\":1,\"name\":\"Startseite\",\"item\":\"https:\/\/www.schwaben-international.de\/schueleraustausch\/\"},{\"@type\":\"ListItem\",\"position\":2,\"name\":\"L\u00e4nder und Termine\"}]},{\"@type\":\"WebSite\",\"@id\":\"https:\/\/www.schwaben-international.de\/schueleraustausch\/#website\",\"url\":\"https:\/\/www.schwaben-international.de\/schueleraustausch\/\",\"name\":\"Sch\u00fcleraustausch\",\"description\":\"Schwaben International e.V.\",\"publisher\":{\"@id\":\"https:\/\/www.schwaben-international.de\/schueleraustausch\/#organization\"},\"potentialAction\":[{\"@type\":\"SearchAction\",\"target\":{\"@type\":\"EntryPoint\",\"urlTemplate\":\"https:\/\/www.schwaben-international.de\/schueleraustausch\/?s={search_term_string}\"},\"query-input\":{\"@type\":\"PropertyValueSpecification\",\"valueRequired\":true,\"valueName\":\"search_term_string\"}}],\"inLanguage\":\"de\"},{\"@type\":\"Organization\",\"@id\":\"https:\/\/www.schwaben-international.de\/schueleraustausch\/#organization\",\"name\":\"Schwaben International e.V.\",\"url\":\"https:\/\/www.schwaben-international.de\/schueleraustausch\/\",\"logo\":{\"@type\":\"ImageObject\",\"inLanguage\":\"de\",\"@id\":\"https:\/\/www.schwaben-international.de\/schueleraustausch\/#\/schema\/logo\/image\/\",\"url\":\"https:\/\/www.schwaben-international.de\/schueleraustausch\/wp-content\/uploads\/sites\/2\/2016\/08\/logo-1.png\",\"contentUrl\":\"https:\/\/www.schwaben-international.de\/schueleraustausch\/wp-content\/uploads\/sites\/2\/2016\/08\/logo-1.png\",\"width\":300,\"height\":90,\"caption\":\"Schwaben International e.V.\"},\"image\":{\"@id\":\"https:\/\/www.schwaben-international.de\/schueleraustausch\/#\/schema\/logo\/image\/\"}}]}<\/script>\n<!-- \/ Yoast SEO plugin. -->","yoast_head_json":{"title":"L\u00e4nder und Termine - Sch\u00fcleraustausch Schwaben International e.V.","description":"Termine f\u00fcr 2017\/18 f\u00fcr unseren Sch\u00fcleraustausch aus Argentinien, Brasilien, Chile und Peru sowie den Familienaufenthalt unserer Austauschsch\u00fcler.","robots":{"index":"index","follow":"follow","max-snippet":"max-snippet:-1","max-image-preview":"max-image-preview:large","max-video-preview":"max-video-preview:-1"},"canonical":"https:\/\/www.schwaben-international.de\/schueleraustausch\/laender-und-termine\/","og_locale":"de_DE","og_type":"article","og_title":"L\u00e4nder und Termine - Sch\u00fcleraustausch Schwaben International e.V.","og_description":"Termine f\u00fcr 2017\/18 f\u00fcr unseren Sch\u00fcleraustausch aus Argentinien, Brasilien, Chile und Peru sowie den Familienaufenthalt unserer Austauschsch\u00fcler.","og_url":"https:\/\/www.schwaben-international.de\/schueleraustausch\/laender-und-termine\/","og_site_name":"Sch\u00fcleraustausch","article_modified_time":"2023-03-23T14:40:49+00:00","og_image":[{"width":1200,"height":300,"url":"https:\/\/www.schwaben-international.de\/schueleraustausch\/wp-content\/uploads\/sites\/2\/2016\/08\/allg-info-01.jpg","type":"image\/jpeg"}],"twitter_card":"summary_large_image","twitter_misc":{"Gesch\u00e4tzte Lesezeit":"1\u00a0Minute"},"schema":{"@context":"https:\/\/schema.org","@graph":[{"@type":"WebPage","@id":"https:\/\/www.schwaben-international.de\/schueleraustausch\/laender-und-termine\/","url":"https:\/\/www.schwaben-international.de\/schueleraustausch\/laender-und-termine\/","name":"L\u00e4nder und Termine - Sch\u00fcleraustausch Schwaben International e.V.","isPartOf":{"@id":"https:\/\/www.schwaben-international.de\/schueleraustausch\/#website"},"datePublished":"2016-02-06T17:19:39+00:00","dateModified":"2023-03-23T14:40:49+00:00","description":"Termine f\u00fcr 2017\/18 f\u00fcr unseren Sch\u00fcleraustausch aus Argentinien, Brasilien, Chile und Peru sowie den Familienaufenthalt unserer Austauschsch\u00fcler.","breadcrumb":{"@id":"https:\/\/www.schwaben-international.de\/schueleraustausch\/laender-und-termine\/#breadcrumb"},"inLanguage":"de","potentialAction":[{"@type":"ReadAction","target":["https:\/\/www.schwaben-international.de\/schueleraustausch\/laender-und-termine\/"]}]},{"@type":"BreadcrumbList","@id":"https:\/\/www.schwaben-international.de\/schueleraustausch\/laender-und-termine\/#breadcrumb","itemListElement":[{"@type":"ListItem","position":1,"name":"Startseite","item":"https:\/\/www.schwaben-international.de\/schueleraustausch\/"},{"@type":"ListItem","position":2,"name":"L\u00e4nder und Termine"}]},{"@type":"WebSite","@id":"https:\/\/www.schwaben-international.de\/schueleraustausch\/#website","url":"https:\/\/www.schwaben-international.de\/schueleraustausch\/","name":"Sch\u00fcleraustausch","description":"Schwaben International e.V.","publisher":{"@id":"https:\/\/www.schwaben-international.de\/schueleraustausch\/#organization"},"potentialAction":[{"@type":"SearchAction","target":{"@type":"EntryPoint","urlTemplate":"https:\/\/www.schwaben-international.de\/schueleraustausch\/?s={search_term_string}"},"query-input":{"@type":"PropertyValueSpecification","valueRequired":true,"valueName":"search_term_string"}}],"inLanguage":"de"},{"@type":"Organization","@id":"https:\/\/www.schwaben-international.de\/schueleraustausch\/#organization","name":"Schwaben International e.V.","url":"https:\/\/www.schwaben-international.de\/schueleraustausch\/","logo":{"@type":"ImageObject","inLanguage":"de","@id":"https:\/\/www.schwaben-international.de\/schueleraustausch\/#\/schema\/logo\/image\/","url":"https:\/\/www.schwaben-international.de\/schueleraustausch\/wp-content\/uploads\/sites\/2\/2016\/08\/logo-1.png","contentUrl":"https:\/\/www.schwaben-international.de\/schueleraustausch\/wp-content\/uploads\/sites\/2\/2016\/08\/logo-1.png","width":300,"height":90,"caption":"Schwaben International e.V."},"image":{"@id":"https:\/\/www.schwaben-international.de\/schueleraustausch\/#\/schema\/logo\/image\/"}}]}},"_links":{"self":[{"href":"https:\/\/www.schwaben-international.de\/schueleraustausch\/wp-json\/wp\/v2\/pages\/8","targetHints":{"allow":["GET"]}}],"collection":[{"href":"https:\/\/www.schwaben-international.de\/schueleraustausch\/wp-json\/wp\/v2\/pages"}],"about":[{"href":"https:\/\/www.schwaben-international.de\/schueleraustausch\/wp-json\/wp\/v2\/types\/page"}],"author":[{"embeddable":true,"href":"https:\/\/www.schwaben-international.de\/schueleraustausch\/wp-json\/wp\/v2\/users\/2"}],"replies":[{"embeddable":true,"href":"https:\/\/www.schwaben-international.de\/schueleraustausch\/wp-json\/wp\/v2\/comments?post=8"}],"version-history":[{"count":2,"href":"https:\/\/www.schwaben-international.de\/schueleraustausch\/wp-json\/wp\/v2\/pages\/8\/revisions"}],"predecessor-version":[{"id":3275,"href":"https:\/\/www.schwaben-international.de\/schueleraustausch\/wp-json\/wp\/v2\/pages\/8\/revisions\/3275"}],"wp:attachment":[{"href":"https:\/\/www.schwaben-international.de\/schueleraustausch\/wp-json\/wp\/v2\/media?parent=8"}],"curies":[{"name":"wp","href":"https:\/\/api.w.org\/{rel}","templated":true}]}}