{"id":52,"date":"2016-02-16T14:02:40","date_gmt":"2016-02-16T13:02:40","guid":{"rendered":"http:\/\/www.schwaben-international.de\/schueleraustausch\/?page_id=52"},"modified":"2023-03-23T15:45:50","modified_gmt":"2023-03-23T14:45:50","slug":"partnerschulen","status":"publish","type":"page","link":"https:\/\/www.schwaben-international.de\/schueleraustausch\/infos\/partnerschulen\/","title":{"rendered":"Partnerschulen und Partnerorganisationen"},"content":{"rendered":"<h1 class=\"entry-title-post\"><a href=\"https:\/\/www.schwaben-international.de\/schueleraustausch\/2023\/03\/wir-sagen-auf-wiedersehen-nach-33-jahren-geht-eine-aera-zu-ende\/\" rel=\"bookmark\"><span style=\"color: #ff0000\">Wir sagen auf Wiedersehen! \u2013 Nach 33 Jahren geht eine \u00c4ra zu Ende<\/span><\/a><\/h1>\n<h6><\/h6>\n<h1 class=\"entry-title-post\"><a href=\"https:\/\/www.schwaben-international.de\/schueleraustausch\/2023\/03\/neuer-kooperationspartner-djo-deutschen-jugend-in-europa-landesverband-baden-wuerttemberg\/\" rel=\"bookmark\"><span style=\"color: #ff6600\">Neuer Kooperationspartner djo \u2013 Deutschen Jugend in Europa Landesverband Baden-W\u00fcrttemberg<\/span><\/a><\/h1>\n<p>&nbsp;<\/p>\n<p>&nbsp;<\/p>\n<h2>Argentinien<\/h2>\n<p><strong><a href=\"https:\/\/www.schwaben-international.de\/schueleraustausch\/infos\/partnerschulen\/argentinien\/\">Fundaci\u00f3n Wachnitz, Eldorado, unser Kooperationspartner f\u00fcr Schulen in verschiedenen St\u00e4dten<\/a><\/strong><\/p>\n<h2>Brasilien<\/h2>\n<p><strong><a href=\"https:\/\/www.schwaben-international.de\/schueleraustausch\/infos\/partnerschulen\/brasilien\/\">Pastor Dohms Schule, Porto Alegre<\/a><\/strong><\/p>\n<h2>Chile<\/h2>\n<p><a href=\"https:\/\/www.schwaben-international.de\/schueleraustausch\/infos\/partnerschulen\/chile\/\"><strong>Deutsche Schule Carlos Anwandter, Valdivia<\/strong><\/a><br \/>\n<a href=\"https:\/\/www.schwaben-international.de\/schueleraustausch\/infos\/partnerschulen\/chile\/#ra_philippi\"><strong>Deutsche Schule R.A. Philippi, La Uni\u00f3n<\/strong><\/a><strong><br \/>\n<a href=\"https:\/\/www.schwaben-international.de\/schueleraustausch\/infos\/partnerschulen\/chile\/#villarrica\">Deutsche Schule, Villarrica<\/a><\/strong><\/p>\n<h2>Peru<\/h2>\n<p><a href=\"https:\/\/www.schwaben-international.de\/schueleraustausch\/infos\/partnerschulen\/peru\/\"><strong>Alexander von Humboldt Schule, Lima<\/strong><\/a><\/p>\n<h2>El Salvador<\/h2>\n<p class=\"entry-title-page\"><a href=\"https:\/\/www.schwaben-international.de\/schueleraustausch\/infos\/partnerschulen\/partnerschule-in-el-salvador\/\"><strong>Deutsche Schule San Salvador<\/strong><\/a><\/p>\n","protected":false},"excerpt":{"rendered":"<p>Wir sagen auf Wiedersehen! \u2013 Nach 33 Jahren geht eine \u00c4ra zu Ende Neuer Kooperationspartner djo \u2013 Deutschen Jugend in Europa Landesverband Baden-W\u00fcrttemberg &nbsp; &nbsp; Argentinien Fundaci\u00f3n Wachnitz, Eldorado, unser Kooperationspartner f\u00fcr Schulen in verschiedenen St\u00e4dten Brasilien Pastor Dohms Schule, Porto Alegre Chile Deutsche Schule Carlos Anwandter, Valdivia Deutsche Schule R.A. Philippi, La Uni\u00f3n Deutsche Schule, Villarrica Peru Alexander von Humboldt Schule, Lima El Salvador &hellip; <a href=\"https:\/\/www.schwaben-international.de\/schueleraustausch\/infos\/partnerschulen\/\" class=\"more-link\">weiterlesen <span class=\"screen-reader-text\">Partnerschulen und Partnerorganisationen<\/span> <span class=\u201emeta-nav\u201c>&raquo;<\/span><\/a><\/p>\n","protected":false},"author":2,"featured_media":0,"parent":2,"menu_order":9,"comment_status":"closed","ping_status":"closed","template":"","meta":{"footnotes":""},"class_list":["post-52","page","type-page","status-publish","hentry"],"yoast_head":"<!-- This site is optimized with the Yoast SEO plugin v25.6 - https:\/\/yoast.com\/wordpress\/plugins\/seo\/ -->\n<title>Partnerschulen und Partnerorganisationen - Sch\u00fcleraustausch Schwaben International e.V.<\/title>\n<meta name=\"description\" content=\"Schwaben International organisiert den Sch\u00fcleraustausch mit mehreren Partnerschulen in S\u00fcdamerika. J\u00e4hrlich kommen Sch\u00fcler zum Austausch nach Deutschland.\" \/>\n<meta name=\"robots\" content=\"index, follow, max-snippet:-1, max-image-preview:large, max-video-preview:-1\" \/>\n<link rel=\"canonical\" href=\"https:\/\/www.schwaben-international.de\/schueleraustausch\/infos\/partnerschulen\/\" \/>\n<meta property=\"og:locale\" content=\"de_DE\" \/>\n<meta property=\"og:type\" content=\"article\" \/>\n<meta property=\"og:title\" content=\"Partnerschulen und Partnerorganisationen - Sch\u00fcleraustausch Schwaben International e.V.\" \/>\n<meta property=\"og:description\" content=\"Schwaben International organisiert den Sch\u00fcleraustausch mit mehreren Partnerschulen in S\u00fcdamerika. J\u00e4hrlich kommen Sch\u00fcler zum Austausch nach Deutschland.\" \/>\n<meta property=\"og:url\" content=\"https:\/\/www.schwaben-international.de\/schueleraustausch\/infos\/partnerschulen\/\" \/>\n<meta property=\"og:site_name\" content=\"Sch\u00fcleraustausch\" \/>\n<meta property=\"article:modified_time\" content=\"2023-03-23T14:45:50+00:00\" \/>\n<meta property=\"og:image\" content=\"https:\/\/www.schwaben-international.de\/schueleraustausch\/wp-content\/uploads\/sites\/2\/2016\/08\/allg-info-01.jpg\" \/>\n\t<meta property=\"og:image:width\" content=\"1200\" \/>\n\t<meta property=\"og:image:height\" content=\"300\" \/>\n\t<meta property=\"og:image:type\" content=\"image\/jpeg\" \/>\n<meta name=\"twitter:card\" content=\"summary_large_image\" \/>\n<meta name=\"twitter:label1\" content=\"Gesch\u00e4tzte Lesezeit\" \/>\n\t<meta name=\"twitter:data1\" content=\"1\u00a0Minute\" \/>\n<script type=\"application\/ld+json\" class=\"yoast-schema-graph\">{\"@context\":\"https:\/\/schema.org\",\"@graph\":[{\"@type\":\"WebPage\",\"@id\":\"https:\/\/www.schwaben-international.de\/schueleraustausch\/infos\/partnerschulen\/\",\"url\":\"https:\/\/www.schwaben-international.de\/schueleraustausch\/infos\/partnerschulen\/\",\"name\":\"Partnerschulen und Partnerorganisationen - Sch\u00fcleraustausch Schwaben International e.V.\",\"isPartOf\":{\"@id\":\"https:\/\/www.schwaben-international.de\/schueleraustausch\/#website\"},\"datePublished\":\"2016-02-16T13:02:40+00:00\",\"dateModified\":\"2023-03-23T14:45:50+00:00\",\"description\":\"Schwaben International organisiert den Sch\u00fcleraustausch mit mehreren Partnerschulen in S\u00fcdamerika. J\u00e4hrlich kommen Sch\u00fcler zum Austausch nach Deutschland.\",\"breadcrumb\":{\"@id\":\"https:\/\/www.schwaben-international.de\/schueleraustausch\/infos\/partnerschulen\/#breadcrumb\"},\"inLanguage\":\"de\",\"potentialAction\":[{\"@type\":\"ReadAction\",\"target\":[\"https:\/\/www.schwaben-international.de\/schueleraustausch\/infos\/partnerschulen\/\"]}]},{\"@type\":\"BreadcrumbList\",\"@id\":\"https:\/\/www.schwaben-international.de\/schueleraustausch\/infos\/partnerschulen\/#breadcrumb\",\"itemListElement\":[{\"@type\":\"ListItem\",\"position\":1,\"name\":\"Startseite\",\"item\":\"https:\/\/www.schwaben-international.de\/schueleraustausch\/\"},{\"@type\":\"ListItem\",\"position\":2,\"name\":\"Allgemeine Infos\",\"item\":\"https:\/\/www.schwaben-international.de\/schueleraustausch\/infos\/\"},{\"@type\":\"ListItem\",\"position\":3,\"name\":\"Partnerschulen und Partnerorganisationen\"}]},{\"@type\":\"WebSite\",\"@id\":\"https:\/\/www.schwaben-international.de\/schueleraustausch\/#website\",\"url\":\"https:\/\/www.schwaben-international.de\/schueleraustausch\/\",\"name\":\"Sch\u00fcleraustausch\",\"description\":\"Schwaben International e.V.\",\"publisher\":{\"@id\":\"https:\/\/www.schwaben-international.de\/schueleraustausch\/#organization\"},\"potentialAction\":[{\"@type\":\"SearchAction\",\"target\":{\"@type\":\"EntryPoint\",\"urlTemplate\":\"https:\/\/www.schwaben-international.de\/schueleraustausch\/?s={search_term_string}\"},\"query-input\":{\"@type\":\"PropertyValueSpecification\",\"valueRequired\":true,\"valueName\":\"search_term_string\"}}],\"inLanguage\":\"de\"},{\"@type\":\"Organization\",\"@id\":\"https:\/\/www.schwaben-international.de\/schueleraustausch\/#organization\",\"name\":\"Schwaben International e.V.\",\"url\":\"https:\/\/www.schwaben-international.de\/schueleraustausch\/\",\"logo\":{\"@type\":\"ImageObject\",\"inLanguage\":\"de\",\"@id\":\"https:\/\/www.schwaben-international.de\/schueleraustausch\/#\/schema\/logo\/image\/\",\"url\":\"https:\/\/www.schwaben-international.de\/schueleraustausch\/wp-content\/uploads\/sites\/2\/2016\/08\/logo-1.png\",\"contentUrl\":\"https:\/\/www.schwaben-international.de\/schueleraustausch\/wp-content\/uploads\/sites\/2\/2016\/08\/logo-1.png\",\"width\":300,\"height\":90,\"caption\":\"Schwaben International e.V.\"},\"image\":{\"@id\":\"https:\/\/www.schwaben-international.de\/schueleraustausch\/#\/schema\/logo\/image\/\"}}]}<\/script>\n<!-- \/ Yoast SEO plugin. -->","yoast_head_json":{"title":"Partnerschulen und Partnerorganisationen - Sch\u00fcleraustausch Schwaben International e.V.","description":"Schwaben International organisiert den Sch\u00fcleraustausch mit mehreren Partnerschulen in S\u00fcdamerika. J\u00e4hrlich kommen Sch\u00fcler zum Austausch nach Deutschland.","robots":{"index":"index","follow":"follow","max-snippet":"max-snippet:-1","max-image-preview":"max-image-preview:large","max-video-preview":"max-video-preview:-1"},"canonical":"https:\/\/www.schwaben-international.de\/schueleraustausch\/infos\/partnerschulen\/","og_locale":"de_DE","og_type":"article","og_title":"Partnerschulen und Partnerorganisationen - Sch\u00fcleraustausch Schwaben International e.V.","og_description":"Schwaben International organisiert den Sch\u00fcleraustausch mit mehreren Partnerschulen in S\u00fcdamerika. J\u00e4hrlich kommen Sch\u00fcler zum Austausch nach Deutschland.","og_url":"https:\/\/www.schwaben-international.de\/schueleraustausch\/infos\/partnerschulen\/","og_site_name":"Sch\u00fcleraustausch","article_modified_time":"2023-03-23T14:45:50+00:00","og_image":[{"width":1200,"height":300,"url":"https:\/\/www.schwaben-international.de\/schueleraustausch\/wp-content\/uploads\/sites\/2\/2016\/08\/allg-info-01.jpg","type":"image\/jpeg"}],"twitter_card":"summary_large_image","twitter_misc":{"Gesch\u00e4tzte Lesezeit":"1\u00a0Minute"},"schema":{"@context":"https:\/\/schema.org","@graph":[{"@type":"WebPage","@id":"https:\/\/www.schwaben-international.de\/schueleraustausch\/infos\/partnerschulen\/","url":"https:\/\/www.schwaben-international.de\/schueleraustausch\/infos\/partnerschulen\/","name":"Partnerschulen und Partnerorganisationen - Sch\u00fcleraustausch Schwaben International e.V.","isPartOf":{"@id":"https:\/\/www.schwaben-international.de\/schueleraustausch\/#website"},"datePublished":"2016-02-16T13:02:40+00:00","dateModified":"2023-03-23T14:45:50+00:00","description":"Schwaben International organisiert den Sch\u00fcleraustausch mit mehreren Partnerschulen in S\u00fcdamerika. J\u00e4hrlich kommen Sch\u00fcler zum Austausch nach Deutschland.","breadcrumb":{"@id":"https:\/\/www.schwaben-international.de\/schueleraustausch\/infos\/partnerschulen\/#breadcrumb"},"inLanguage":"de","potentialAction":[{"@type":"ReadAction","target":["https:\/\/www.schwaben-international.de\/schueleraustausch\/infos\/partnerschulen\/"]}]},{"@type":"BreadcrumbList","@id":"https:\/\/www.schwaben-international.de\/schueleraustausch\/infos\/partnerschulen\/#breadcrumb","itemListElement":[{"@type":"ListItem","position":1,"name":"Startseite","item":"https:\/\/www.schwaben-international.de\/schueleraustausch\/"},{"@type":"ListItem","position":2,"name":"Allgemeine Infos","item":"https:\/\/www.schwaben-international.de\/schueleraustausch\/infos\/"},{"@type":"ListItem","position":3,"name":"Partnerschulen und Partnerorganisationen"}]},{"@type":"WebSite","@id":"https:\/\/www.schwaben-international.de\/schueleraustausch\/#website","url":"https:\/\/www.schwaben-international.de\/schueleraustausch\/","name":"Sch\u00fcleraustausch","description":"Schwaben International e.V.","publisher":{"@id":"https:\/\/www.schwaben-international.de\/schueleraustausch\/#organization"},"potentialAction":[{"@type":"SearchAction","target":{"@type":"EntryPoint","urlTemplate":"https:\/\/www.schwaben-international.de\/schueleraustausch\/?s={search_term_string}"},"query-input":{"@type":"PropertyValueSpecification","valueRequired":true,"valueName":"search_term_string"}}],"inLanguage":"de"},{"@type":"Organization","@id":"https:\/\/www.schwaben-international.de\/schueleraustausch\/#organization","name":"Schwaben International e.V.","url":"https:\/\/www.schwaben-international.de\/schueleraustausch\/","logo":{"@type":"ImageObject","inLanguage":"de","@id":"https:\/\/www.schwaben-international.de\/schueleraustausch\/#\/schema\/logo\/image\/","url":"https:\/\/www.schwaben-international.de\/schueleraustausch\/wp-content\/uploads\/sites\/2\/2016\/08\/logo-1.png","contentUrl":"https:\/\/www.schwaben-international.de\/schueleraustausch\/wp-content\/uploads\/sites\/2\/2016\/08\/logo-1.png","width":300,"height":90,"caption":"Schwaben International e.V."},"image":{"@id":"https:\/\/www.schwaben-international.de\/schueleraustausch\/#\/schema\/logo\/image\/"}}]}},"_links":{"self":[{"href":"https:\/\/www.schwaben-international.de\/schueleraustausch\/wp-json\/wp\/v2\/pages\/52","targetHints":{"allow":["GET"]}}],"collection":[{"href":"https:\/\/www.schwaben-international.de\/schueleraustausch\/wp-json\/wp\/v2\/pages"}],"about":[{"href":"https:\/\/www.schwaben-international.de\/schueleraustausch\/wp-json\/wp\/v2\/types\/page"}],"author":[{"embeddable":true,"href":"https:\/\/www.schwaben-international.de\/schueleraustausch\/wp-json\/wp\/v2\/users\/2"}],"replies":[{"embeddable":true,"href":"https:\/\/www.schwaben-international.de\/schueleraustausch\/wp-json\/wp\/v2\/comments?post=52"}],"version-history":[{"count":2,"href":"https:\/\/www.schwaben-international.de\/schueleraustausch\/wp-json\/wp\/v2\/pages\/52\/revisions"}],"predecessor-version":[{"id":3280,"href":"https:\/\/www.schwaben-international.de\/schueleraustausch\/wp-json\/wp\/v2\/pages\/52\/revisions\/3280"}],"up":[{"embeddable":true,"href":"https:\/\/www.schwaben-international.de\/schueleraustausch\/wp-json\/wp\/v2\/pages\/2"}],"wp:attachment":[{"href":"https:\/\/www.schwaben-international.de\/schueleraustausch\/wp-json\/wp\/v2\/media?parent=52"}],"curies":[{"name":"wp","href":"https:\/\/api.w.org\/{rel}","templated":true}]}}