{"id":41,"date":"2016-02-16T13:49:30","date_gmt":"2016-02-16T12:49:30","guid":{"rendered":"http:\/\/www.schwaben-international.de\/schueleraustausch\/?page_id=41"},"modified":"2023-03-23T15:44:26","modified_gmt":"2023-03-23T14:44:26","slug":"auslandsaufenthalt","status":"publish","type":"page","link":"https:\/\/www.schwaben-international.de\/schueleraustausch\/infos\/auslandsaufenthalt\/","title":{"rendered":"Auslandsaufenthalt"},"content":{"rendered":"<h1 class=\"entry-title-post\"><a href=\"https:\/\/www.schwaben-international.de\/schueleraustausch\/2023\/03\/wir-sagen-auf-wiedersehen-nach-33-jahren-geht-eine-aera-zu-ende\/\" rel=\"bookmark\"><span style=\"color: #ff0000\">Wir sagen auf Wiedersehen! \u2013 Nach 33 Jahren geht eine \u00c4ra zu Ende<\/span><\/a><\/h1>\n<h6><\/h6>\n<h1 class=\"entry-title-post\"><a href=\"https:\/\/www.schwaben-international.de\/schueleraustausch\/2023\/03\/neuer-kooperationspartner-djo-deutschen-jugend-in-europa-landesverband-baden-wuerttemberg\/\" rel=\"bookmark\"><span style=\"color: #ff6600\">Neuer Kooperationspartner djo \u2013 Deutschen Jugend in Europa Landesverband Baden-W\u00fcrttemberg<\/span><\/a><\/h1>\n<p>&nbsp;<\/p>\n<p>&nbsp;<\/p>\n<h1><strong>Auslandsaufenthalt in Coronazeiten<\/strong><\/h1>\n<p>Hallo &#8211; hola \u2013 ol\u00e1,<strong><br \/>\n<\/strong>sch\u00f6n, dass Ihr auf unserer Website vorbeischaut. Das zeugt davon, dass ihr trotz der Pandemie-Situation noch Tr\u00e4ume habt \u2013 und darin m\u00f6chten wir Euch best\u00e4rken. Wichtig in der heutigen Zeit scheint es uns zu sein, dass wir in allem sehr flexibel bleiben. <a href=\"https:\/\/www.schwaben-international.de\/schueleraustausch\/2020\/08\/fuer-interessierte-am-auslandsaufenthalt-in-sued-und-mittelamerika\/\" target=\"_blank\" rel=\"noopener noreferrer\">weiterlesen<\/a><br \/>\n<a href=\"https:\/\/www.schwaben-international.de\/schueleraustausch\/haeufig-gestellte-fragen\/faq-corona-fuer-interessierte-am-auslandsaufenthalt-in-sued-und-mittelamerika\/\" target=\"_blank\" rel=\"noopener noreferrer\">FAQ Corona Auslandsaufenthalt<\/a><\/p>\n<h1 style=\"text-align: center\"><strong>Raus in die Welt<\/strong><\/h1>\n<p style=\"text-align: left\">Du w\u00fcnschst Dir einen Auslandsaufenthalt, um andere Kulturen kennenzulernen, Deine Selbstst\u00e4ndigkeit fern des gewohnten Alltags zu entwickeln und zu st\u00e4rken und Freundschaften in S\u00fcdamerika zu kn\u00fcpfen? Ein Sch\u00fcleraustausch bietet hierf\u00fcr eine optimale Gelegenheit.<\/p>\n<p style=\"text-align: left\">Du nimmst zuerst einen <a href=\"https:\/\/www.schwaben-international.de\/schueleraustausch\/gastfamilie-werden\/\" target=\"_blank\" rel=\"noopener noreferrer\">Gast<\/a> auf. Das heisst, wir suchen Dir eine*n passende*n Partner*in aus, und Du kannst im n\u00e4chsten Sommer zum Gegenbesuch reisen.<\/p>\n<p>Aufgrund der Corona-Pandemie k\u00f6nnen wir noch nicht sagen, wie sich die Situation in S\u00fcd- und Mittelamerika entwickeln wird. Wir stehen mit unseren Partnern in regem Kontakt und k\u00f6nnen so \u00fcber die aktuelle Lage &#8222;vor Ort&#8220; informieren.<\/p>\n<p>Wenn es mehrere Interessierte gibt, die etwa zur selben Zeit reisen m\u00f6chten, vermitteln wir zur Findung eines gemeinsamen Reisetermins. Ist dies nicht der Fall, unterst\u00fctzen wir Dich bei Deinem Einzelaustausch.<\/p>\n<p>Alle unsere Austauschprogramme beruhen auf Gegenseitigkeit.<\/p>\n<p>&nbsp;<\/p>\n<p>&nbsp;<\/p>\n","protected":false},"excerpt":{"rendered":"<p>Wir sagen auf Wiedersehen! \u2013 Nach 33 Jahren geht eine \u00c4ra zu Ende Neuer Kooperationspartner djo \u2013 Deutschen Jugend in Europa Landesverband Baden-W\u00fcrttemberg &nbsp; &nbsp; Auslandsaufenthalt in Coronazeiten Hallo &#8211; hola \u2013 ol\u00e1, sch\u00f6n, dass Ihr auf unserer Website vorbeischaut. Das zeugt davon, dass ihr trotz der Pandemie-Situation noch Tr\u00e4ume habt \u2013 und darin m\u00f6chten wir Euch best\u00e4rken. Wichtig in der heutigen Zeit scheint es &hellip; <a href=\"https:\/\/www.schwaben-international.de\/schueleraustausch\/infos\/auslandsaufenthalt\/\" class=\"more-link\">weiterlesen <span class=\"screen-reader-text\">Auslandsaufenthalt<\/span> <span class=\u201emeta-nav\u201c>&raquo;<\/span><\/a><\/p>\n","protected":false},"author":2,"featured_media":0,"parent":2,"menu_order":4,"comment_status":"closed","ping_status":"closed","template":"","meta":{"footnotes":""},"class_list":["post-41","page","type-page","status-publish","hentry"],"yoast_head":"<!-- This site is optimized with the Yoast SEO plugin v25.6 - https:\/\/yoast.com\/wordpress\/plugins\/seo\/ -->\n<title>Auslandsaufenthalt - Sch\u00fcleraustausch Schwaben International e.V.<\/title>\n<meta name=\"description\" content=\"Viele Kinder unserer Gastfamilien w\u00fcnschen sich nach Aufnahme einer Sch\u00fclerin\/eines Sch\u00fclers einen Gegenaustausch (Gegenbesuch) bei ihren Gastgeschwistern.\" \/>\n<meta name=\"robots\" content=\"index, follow, max-snippet:-1, max-image-preview:large, max-video-preview:-1\" \/>\n<link rel=\"canonical\" href=\"https:\/\/www.schwaben-international.de\/schueleraustausch\/infos\/auslandsaufenthalt\/\" \/>\n<meta property=\"og:locale\" content=\"de_DE\" \/>\n<meta property=\"og:type\" content=\"article\" \/>\n<meta property=\"og:title\" content=\"Auslandsaufenthalt - Sch\u00fcleraustausch Schwaben International e.V.\" \/>\n<meta property=\"og:description\" content=\"Viele Kinder unserer Gastfamilien w\u00fcnschen sich nach Aufnahme einer Sch\u00fclerin\/eines Sch\u00fclers einen Gegenaustausch (Gegenbesuch) bei ihren Gastgeschwistern.\" \/>\n<meta property=\"og:url\" content=\"https:\/\/www.schwaben-international.de\/schueleraustausch\/infos\/auslandsaufenthalt\/\" \/>\n<meta property=\"og:site_name\" content=\"Sch\u00fcleraustausch\" \/>\n<meta property=\"article:modified_time\" content=\"2023-03-23T14:44:26+00:00\" \/>\n<meta property=\"og:image\" content=\"https:\/\/www.schwaben-international.de\/schueleraustausch\/wp-content\/uploads\/sites\/2\/2016\/08\/allg-info-01.jpg\" \/>\n\t<meta property=\"og:image:width\" content=\"1200\" \/>\n\t<meta property=\"og:image:height\" content=\"300\" \/>\n\t<meta property=\"og:image:type\" content=\"image\/jpeg\" \/>\n<meta name=\"twitter:card\" content=\"summary_large_image\" \/>\n<meta name=\"twitter:label1\" content=\"Gesch\u00e4tzte Lesezeit\" \/>\n\t<meta name=\"twitter:data1\" content=\"2\u00a0Minuten\" \/>\n<script type=\"application\/ld+json\" class=\"yoast-schema-graph\">{\"@context\":\"https:\/\/schema.org\",\"@graph\":[{\"@type\":\"WebPage\",\"@id\":\"https:\/\/www.schwaben-international.de\/schueleraustausch\/infos\/auslandsaufenthalt\/\",\"url\":\"https:\/\/www.schwaben-international.de\/schueleraustausch\/infos\/auslandsaufenthalt\/\",\"name\":\"Auslandsaufenthalt - Sch\u00fcleraustausch Schwaben International e.V.\",\"isPartOf\":{\"@id\":\"https:\/\/www.schwaben-international.de\/schueleraustausch\/#website\"},\"datePublished\":\"2016-02-16T12:49:30+00:00\",\"dateModified\":\"2023-03-23T14:44:26+00:00\",\"description\":\"Viele Kinder unserer Gastfamilien w\u00fcnschen sich nach Aufnahme einer Sch\u00fclerin\/eines Sch\u00fclers einen Gegenaustausch (Gegenbesuch) bei ihren Gastgeschwistern.\",\"breadcrumb\":{\"@id\":\"https:\/\/www.schwaben-international.de\/schueleraustausch\/infos\/auslandsaufenthalt\/#breadcrumb\"},\"inLanguage\":\"de\",\"potentialAction\":[{\"@type\":\"ReadAction\",\"target\":[\"https:\/\/www.schwaben-international.de\/schueleraustausch\/infos\/auslandsaufenthalt\/\"]}]},{\"@type\":\"BreadcrumbList\",\"@id\":\"https:\/\/www.schwaben-international.de\/schueleraustausch\/infos\/auslandsaufenthalt\/#breadcrumb\",\"itemListElement\":[{\"@type\":\"ListItem\",\"position\":1,\"name\":\"Startseite\",\"item\":\"https:\/\/www.schwaben-international.de\/schueleraustausch\/\"},{\"@type\":\"ListItem\",\"position\":2,\"name\":\"Allgemeine Infos\",\"item\":\"https:\/\/www.schwaben-international.de\/schueleraustausch\/infos\/\"},{\"@type\":\"ListItem\",\"position\":3,\"name\":\"Auslandsaufenthalt\"}]},{\"@type\":\"WebSite\",\"@id\":\"https:\/\/www.schwaben-international.de\/schueleraustausch\/#website\",\"url\":\"https:\/\/www.schwaben-international.de\/schueleraustausch\/\",\"name\":\"Sch\u00fcleraustausch\",\"description\":\"Schwaben International e.V.\",\"publisher\":{\"@id\":\"https:\/\/www.schwaben-international.de\/schueleraustausch\/#organization\"},\"potentialAction\":[{\"@type\":\"SearchAction\",\"target\":{\"@type\":\"EntryPoint\",\"urlTemplate\":\"https:\/\/www.schwaben-international.de\/schueleraustausch\/?s={search_term_string}\"},\"query-input\":{\"@type\":\"PropertyValueSpecification\",\"valueRequired\":true,\"valueName\":\"search_term_string\"}}],\"inLanguage\":\"de\"},{\"@type\":\"Organization\",\"@id\":\"https:\/\/www.schwaben-international.de\/schueleraustausch\/#organization\",\"name\":\"Schwaben International e.V.\",\"url\":\"https:\/\/www.schwaben-international.de\/schueleraustausch\/\",\"logo\":{\"@type\":\"ImageObject\",\"inLanguage\":\"de\",\"@id\":\"https:\/\/www.schwaben-international.de\/schueleraustausch\/#\/schema\/logo\/image\/\",\"url\":\"https:\/\/www.schwaben-international.de\/schueleraustausch\/wp-content\/uploads\/sites\/2\/2016\/08\/logo-1.png\",\"contentUrl\":\"https:\/\/www.schwaben-international.de\/schueleraustausch\/wp-content\/uploads\/sites\/2\/2016\/08\/logo-1.png\",\"width\":300,\"height\":90,\"caption\":\"Schwaben International e.V.\"},\"image\":{\"@id\":\"https:\/\/www.schwaben-international.de\/schueleraustausch\/#\/schema\/logo\/image\/\"}}]}<\/script>\n<!-- \/ Yoast SEO plugin. -->","yoast_head_json":{"title":"Auslandsaufenthalt - Sch\u00fcleraustausch Schwaben International e.V.","description":"Viele Kinder unserer Gastfamilien w\u00fcnschen sich nach Aufnahme einer Sch\u00fclerin\/eines Sch\u00fclers einen Gegenaustausch (Gegenbesuch) bei ihren Gastgeschwistern.","robots":{"index":"index","follow":"follow","max-snippet":"max-snippet:-1","max-image-preview":"max-image-preview:large","max-video-preview":"max-video-preview:-1"},"canonical":"https:\/\/www.schwaben-international.de\/schueleraustausch\/infos\/auslandsaufenthalt\/","og_locale":"de_DE","og_type":"article","og_title":"Auslandsaufenthalt - Sch\u00fcleraustausch Schwaben International e.V.","og_description":"Viele Kinder unserer Gastfamilien w\u00fcnschen sich nach Aufnahme einer Sch\u00fclerin\/eines Sch\u00fclers einen Gegenaustausch (Gegenbesuch) bei ihren Gastgeschwistern.","og_url":"https:\/\/www.schwaben-international.de\/schueleraustausch\/infos\/auslandsaufenthalt\/","og_site_name":"Sch\u00fcleraustausch","article_modified_time":"2023-03-23T14:44:26+00:00","og_image":[{"width":1200,"height":300,"url":"https:\/\/www.schwaben-international.de\/schueleraustausch\/wp-content\/uploads\/sites\/2\/2016\/08\/allg-info-01.jpg","type":"image\/jpeg"}],"twitter_card":"summary_large_image","twitter_misc":{"Gesch\u00e4tzte Lesezeit":"2\u00a0Minuten"},"schema":{"@context":"https:\/\/schema.org","@graph":[{"@type":"WebPage","@id":"https:\/\/www.schwaben-international.de\/schueleraustausch\/infos\/auslandsaufenthalt\/","url":"https:\/\/www.schwaben-international.de\/schueleraustausch\/infos\/auslandsaufenthalt\/","name":"Auslandsaufenthalt - Sch\u00fcleraustausch Schwaben International e.V.","isPartOf":{"@id":"https:\/\/www.schwaben-international.de\/schueleraustausch\/#website"},"datePublished":"2016-02-16T12:49:30+00:00","dateModified":"2023-03-23T14:44:26+00:00","description":"Viele Kinder unserer Gastfamilien w\u00fcnschen sich nach Aufnahme einer Sch\u00fclerin\/eines Sch\u00fclers einen Gegenaustausch (Gegenbesuch) bei ihren Gastgeschwistern.","breadcrumb":{"@id":"https:\/\/www.schwaben-international.de\/schueleraustausch\/infos\/auslandsaufenthalt\/#breadcrumb"},"inLanguage":"de","potentialAction":[{"@type":"ReadAction","target":["https:\/\/www.schwaben-international.de\/schueleraustausch\/infos\/auslandsaufenthalt\/"]}]},{"@type":"BreadcrumbList","@id":"https:\/\/www.schwaben-international.de\/schueleraustausch\/infos\/auslandsaufenthalt\/#breadcrumb","itemListElement":[{"@type":"ListItem","position":1,"name":"Startseite","item":"https:\/\/www.schwaben-international.de\/schueleraustausch\/"},{"@type":"ListItem","position":2,"name":"Allgemeine Infos","item":"https:\/\/www.schwaben-international.de\/schueleraustausch\/infos\/"},{"@type":"ListItem","position":3,"name":"Auslandsaufenthalt"}]},{"@type":"WebSite","@id":"https:\/\/www.schwaben-international.de\/schueleraustausch\/#website","url":"https:\/\/www.schwaben-international.de\/schueleraustausch\/","name":"Sch\u00fcleraustausch","description":"Schwaben International e.V.","publisher":{"@id":"https:\/\/www.schwaben-international.de\/schueleraustausch\/#organization"},"potentialAction":[{"@type":"SearchAction","target":{"@type":"EntryPoint","urlTemplate":"https:\/\/www.schwaben-international.de\/schueleraustausch\/?s={search_term_string}"},"query-input":{"@type":"PropertyValueSpecification","valueRequired":true,"valueName":"search_term_string"}}],"inLanguage":"de"},{"@type":"Organization","@id":"https:\/\/www.schwaben-international.de\/schueleraustausch\/#organization","name":"Schwaben International e.V.","url":"https:\/\/www.schwaben-international.de\/schueleraustausch\/","logo":{"@type":"ImageObject","inLanguage":"de","@id":"https:\/\/www.schwaben-international.de\/schueleraustausch\/#\/schema\/logo\/image\/","url":"https:\/\/www.schwaben-international.de\/schueleraustausch\/wp-content\/uploads\/sites\/2\/2016\/08\/logo-1.png","contentUrl":"https:\/\/www.schwaben-international.de\/schueleraustausch\/wp-content\/uploads\/sites\/2\/2016\/08\/logo-1.png","width":300,"height":90,"caption":"Schwaben International e.V."},"image":{"@id":"https:\/\/www.schwaben-international.de\/schueleraustausch\/#\/schema\/logo\/image\/"}}]}},"_links":{"self":[{"href":"https:\/\/www.schwaben-international.de\/schueleraustausch\/wp-json\/wp\/v2\/pages\/41","targetHints":{"allow":["GET"]}}],"collection":[{"href":"https:\/\/www.schwaben-international.de\/schueleraustausch\/wp-json\/wp\/v2\/pages"}],"about":[{"href":"https:\/\/www.schwaben-international.de\/schueleraustausch\/wp-json\/wp\/v2\/types\/page"}],"author":[{"embeddable":true,"href":"https:\/\/www.schwaben-international.de\/schueleraustausch\/wp-json\/wp\/v2\/users\/2"}],"replies":[{"embeddable":true,"href":"https:\/\/www.schwaben-international.de\/schueleraustausch\/wp-json\/wp\/v2\/comments?post=41"}],"version-history":[{"count":3,"href":"https:\/\/www.schwaben-international.de\/schueleraustausch\/wp-json\/wp\/v2\/pages\/41\/revisions"}],"predecessor-version":[{"id":3278,"href":"https:\/\/www.schwaben-international.de\/schueleraustausch\/wp-json\/wp\/v2\/pages\/41\/revisions\/3278"}],"up":[{"embeddable":true,"href":"https:\/\/www.schwaben-international.de\/schueleraustausch\/wp-json\/wp\/v2\/pages\/2"}],"wp:attachment":[{"href":"https:\/\/www.schwaben-international.de\/schueleraustausch\/wp-json\/wp\/v2\/media?parent=41"}],"curies":[{"name":"wp","href":"https:\/\/api.w.org\/{rel}","templated":true}]}}