{"id":367,"date":"2016-08-21T20:23:26","date_gmt":"2016-08-21T18:23:26","guid":{"rendered":"http:\/\/www.schwaben-international.de\/schueleraustausch\/?page_id=367"},"modified":"2023-03-23T15:47:13","modified_gmt":"2023-03-23T14:47:13","slug":"peru","status":"publish","type":"page","link":"https:\/\/www.schwaben-international.de\/schueleraustausch\/infos\/partnerschulen\/peru\/","title":{"rendered":"Partnerschule in Peru"},"content":{"rendered":"<h1 class=\"entry-title-post\"><span style=\"color: #ff0000\"><a style=\"color: #ff0000\" href=\"https:\/\/www.schwaben-international.de\/schueleraustausch\/2023\/03\/wir-sagen-auf-wiedersehen-nach-33-jahren-geht-eine-aera-zu-ende\/\" rel=\"bookmark\">Wir sagen auf Wiedersehen! \u2013 Nach 33 Jahren geht eine \u00c4ra zu Ende<\/a><\/span><\/h1>\n<h6><\/h6>\n<h1 class=\"entry-title-post\"><span style=\"color: #ff6600\"><a style=\"color: #ff6600\" href=\"https:\/\/www.schwaben-international.de\/schueleraustausch\/2023\/03\/neuer-kooperationspartner-djo-deutschen-jugend-in-europa-landesverband-baden-wuerttemberg\/\" rel=\"bookmark\">Neuer Kooperationspartner djo \u2013 Deutschen Jugend in Europa Landesverband Baden-W\u00fcrttemberg<\/a><\/span><\/h1>\n<p>&nbsp;<\/p>\n<p>&nbsp;<\/p>\n<h1>Alexander von Humboldt Schule in Lima<\/h1>\n<p>Mit der Alexander von Humboldt Schule in der peruanischen Hauptstadt Lima verbindet Schwaben International eine lange und tolle Zusammenarbeit, seit 1990 organisieren wir den Sch\u00fcleraustausch f\u00fcr Sch\u00fcler*innen der Alexander von Humboldt Schule. Mal sind es bis zu 90, mal auch nur knapp 50 Sch\u00fcler*innen, die jedes Jahr im Januar f\u00fcr zirka acht Wochen nach Deutschland kommen. Zwischen zehn und 20 deutsche Jugendliche machen sich anschlie\u00dfend w\u00e4hrend der deutschen Sommerferien zum <a href=\"https:\/\/www.schwaben-international.de\/schueleraustausch\/infos\/gegenaustausch\/gegenaustausch-mit-peru\/\">Gegenaustausch<\/a> auf den Weg nach Lima.<\/p>\n<p><img loading=\"lazy\" decoding=\"async\" class=\"alignleft wp-image-777 size-medium\" src=\"https:\/\/www.schwaben-international.de\/schueleraustausch\/wp-content\/uploads\/sites\/2\/2016\/08\/Humboldt_Schule-mit-Fahnen-und-Namen-370x277.jpg\" alt=\"Alexander von Humboldt Schule in Lima\" width=\"370\" height=\"277\" srcset=\"https:\/\/www.schwaben-international.de\/schueleraustausch\/wp-content\/uploads\/sites\/2\/2016\/08\/Humboldt_Schule-mit-Fahnen-und-Namen-370x277.jpg 370w, https:\/\/www.schwaben-international.de\/schueleraustausch\/wp-content\/uploads\/sites\/2\/2016\/08\/Humboldt_Schule-mit-Fahnen-und-Namen-1024x768.jpg 1024w, https:\/\/www.schwaben-international.de\/schueleraustausch\/wp-content\/uploads\/sites\/2\/2016\/08\/Humboldt_Schule-mit-Fahnen-und-Namen-800x600.jpg 800w, https:\/\/www.schwaben-international.de\/schueleraustausch\/wp-content\/uploads\/sites\/2\/2016\/08\/Humboldt_Schule-mit-Fahnen-und-Namen-1200x900.jpg 1200w\" sizes=\"auto, (max-width: 370px) 100vw, 370px\" \/>Die Alexander von Humboldt Schule wurde nach dem Zweiten Weltkrieg im Jahre 1952 gegr\u00fcndet. Sie ist eine private, internationale und von Deutschland aus anerkannte \u201eBegegnungsschule\u201c, deren Angebot vom Kindergarten bis zur Oberschule und einem Berufsbildungszentrum reicht. Sie f\u00fchrt zur Allgemeinen Hochschulreife (allgemeinbildend) bzw. zur Fachhochschulreife (berufsbildend).<\/p>\n<p>Die Schule hat zwei Standorte, die nur von einem Kreisverkehr getrennt werden. Im Schultrakt Humboldt I befinden sich der Kindergarten, die Grundschule und die Mittelstufe. Zu Humboldt II geh\u00f6ren die Klassen 9 bis 12 und die Berufsschule. Die Schulgemeinschaft umfasst insgesamt 1.600 Sch\u00fcler*innen. Ihnen zur Seite stehen zirka 150 Lehrende, 40 Verwaltungsmitarbeiter*innen und 45 Personen, die in der Hausverwaltung arbeiten. Die Sch\u00fcler*innen haben die M\u00f6glichkeit Deutsch, Spanisch, Englisch und Franz\u00f6sisch zu <img loading=\"lazy\" decoding=\"async\" class=\"alignleft wp-image-778 size-medium\" src=\"https:\/\/www.schwaben-international.de\/schueleraustausch\/wp-content\/uploads\/sites\/2\/2016\/08\/Humboldt_Schulhof-370x278.jpg\" alt=\"Alexander von Humboldt Schule in Lima\" width=\"370\" height=\"278\" srcset=\"https:\/\/www.schwaben-international.de\/schueleraustausch\/wp-content\/uploads\/sites\/2\/2016\/08\/Humboldt_Schulhof-370x278.jpg 370w, https:\/\/www.schwaben-international.de\/schueleraustausch\/wp-content\/uploads\/sites\/2\/2016\/08\/Humboldt_Schulhof-1024x768.jpg 1024w, https:\/\/www.schwaben-international.de\/schueleraustausch\/wp-content\/uploads\/sites\/2\/2016\/08\/Humboldt_Schulhof-800x600.jpg 800w, https:\/\/www.schwaben-international.de\/schueleraustausch\/wp-content\/uploads\/sites\/2\/2016\/08\/Humboldt_Schulhof-1200x900.jpg 1200w\" sizes=\"auto, (max-width: 370px) 100vw, 370px\" \/>lernen. Neben dem Mathematik- und Informatikunterricht werden auch naturwissenschaftliche F\u00e4cher wie Biologie, Chemie und Physik in deutscher Sprache unterrichtet. Hierf\u00fcr stehen moderne Sammlungen und Fachr\u00e4ume mit neuester Technologie zur Verf\u00fcgung.<\/p>\n<p>Um eine ganzheitliche Erziehung zu gew\u00e4hrleisten, wird den Sch\u00fcler*innen zus\u00e4tzlich eine breite Palette an Kursen aus den Gebieten bildende Kunst, Musik, Tanz und Theater angeboten. Sport ist f\u00fcr alle ein Pflichtfach. Im Unterricht werden die Jugendlichen zu selbstst\u00e4ndigem Lernen und kritischem Denken erzogen. Ihre pers\u00f6nliche Entfaltung und ihre soziale Entwicklung werden gleicherma\u00dfen gef\u00f6rdert. Auf diese Weise werden die Sch\u00fcler*innen auf ein multikulturelles Leben vorbereitet und zur Begegnung mit anderen Kulturen und Gesellschaften angeregt. Sie erwerben eine umfassende Weltanschauung, die F\u00e4higkeit international zu agieren und den Frieden weiterzutragen.<\/p>\n<p>Weitere Informationen: <strong><a href=\"http:\/\/www.colegio-humboldt.edu.pe\" target=\"_blank\" rel=\"noopener noreferrer\">www.colegio-humboldt.edu.pe<\/a><\/strong><\/p>\n","protected":false},"excerpt":{"rendered":"<p>Wir sagen auf Wiedersehen! \u2013 Nach 33 Jahren geht eine \u00c4ra zu Ende Neuer Kooperationspartner djo \u2013 Deutschen Jugend in Europa Landesverband Baden-W\u00fcrttemberg &nbsp; &nbsp; Alexander von Humboldt Schule in Lima Mit der Alexander von Humboldt Schule in der peruanischen Hauptstadt Lima verbindet Schwaben International eine lange und tolle Zusammenarbeit, seit 1990 organisieren wir den Sch\u00fcleraustausch f\u00fcr Sch\u00fcler*innen der Alexander von Humboldt Schule. Mal sind &hellip; <a href=\"https:\/\/www.schwaben-international.de\/schueleraustausch\/infos\/partnerschulen\/peru\/\" class=\"more-link\">weiterlesen <span class=\"screen-reader-text\">Partnerschule in Peru<\/span> <span class=\u201emeta-nav\u201c>&raquo;<\/span><\/a><\/p>\n","protected":false},"author":2,"featured_media":0,"parent":52,"menu_order":10,"comment_status":"closed","ping_status":"closed","template":"","meta":{"footnotes":""},"class_list":["post-367","page","type-page","status-publish","hentry"],"yoast_head":"<!-- This site is optimized with the Yoast SEO plugin v25.6 - https:\/\/yoast.com\/wordpress\/plugins\/seo\/ -->\n<title>Partnerschule in Peru - Sch\u00fcleraustausch Schwaben International e.V.<\/title>\n<meta name=\"description\" content=\"Mit der A. v. Humboldt Schule in Lima verbindet Schwaben International eine lange und tolle Zusammenarbeit, seit 1990 organisieren wir den Sch\u00fcleraustausch\" \/>\n<meta name=\"robots\" content=\"index, follow, max-snippet:-1, max-image-preview:large, max-video-preview:-1\" \/>\n<link rel=\"canonical\" href=\"https:\/\/www.schwaben-international.de\/schueleraustausch\/infos\/partnerschulen\/peru\/\" \/>\n<meta property=\"og:locale\" content=\"de_DE\" \/>\n<meta property=\"og:type\" content=\"article\" \/>\n<meta property=\"og:title\" content=\"Partnerschule in Peru - Sch\u00fcleraustausch Schwaben International e.V.\" \/>\n<meta property=\"og:description\" content=\"Mit der A. v. Humboldt Schule in Lima verbindet Schwaben International eine lange und tolle Zusammenarbeit, seit 1990 organisieren wir den Sch\u00fcleraustausch\" \/>\n<meta property=\"og:url\" content=\"https:\/\/www.schwaben-international.de\/schueleraustausch\/infos\/partnerschulen\/peru\/\" \/>\n<meta property=\"og:site_name\" content=\"Sch\u00fcleraustausch\" \/>\n<meta property=\"article:modified_time\" content=\"2023-03-23T14:47:13+00:00\" \/>\n<meta property=\"og:image\" content=\"https:\/\/www.schwaben-international.de\/schueleraustausch\/wp-content\/uploads\/sites\/2\/2016\/08\/Humboldt_Schule-mit-Fahnen-und-Namen-370x277.jpg\" \/>\n<meta name=\"twitter:card\" content=\"summary_large_image\" \/>\n<meta name=\"twitter:label1\" content=\"Gesch\u00e4tzte Lesezeit\" \/>\n\t<meta name=\"twitter:data1\" content=\"3\u00a0Minuten\" \/>\n<script type=\"application\/ld+json\" class=\"yoast-schema-graph\">{\"@context\":\"https:\/\/schema.org\",\"@graph\":[{\"@type\":\"WebPage\",\"@id\":\"https:\/\/www.schwaben-international.de\/schueleraustausch\/infos\/partnerschulen\/peru\/\",\"url\":\"https:\/\/www.schwaben-international.de\/schueleraustausch\/infos\/partnerschulen\/peru\/\",\"name\":\"Partnerschule in Peru - Sch\u00fcleraustausch Schwaben International e.V.\",\"isPartOf\":{\"@id\":\"https:\/\/www.schwaben-international.de\/schueleraustausch\/#website\"},\"primaryImageOfPage\":{\"@id\":\"https:\/\/www.schwaben-international.de\/schueleraustausch\/infos\/partnerschulen\/peru\/#primaryimage\"},\"image\":{\"@id\":\"https:\/\/www.schwaben-international.de\/schueleraustausch\/infos\/partnerschulen\/peru\/#primaryimage\"},\"thumbnailUrl\":\"https:\/\/www.schwaben-international.de\/schueleraustausch\/wp-content\/uploads\/sites\/2\/2016\/08\/Humboldt_Schule-mit-Fahnen-und-Namen-370x277.jpg\",\"datePublished\":\"2016-08-21T18:23:26+00:00\",\"dateModified\":\"2023-03-23T14:47:13+00:00\",\"description\":\"Mit der A. v. Humboldt Schule in Lima verbindet Schwaben International eine lange und tolle Zusammenarbeit, seit 1990 organisieren wir den Sch\u00fcleraustausch\",\"breadcrumb\":{\"@id\":\"https:\/\/www.schwaben-international.de\/schueleraustausch\/infos\/partnerschulen\/peru\/#breadcrumb\"},\"inLanguage\":\"de\",\"potentialAction\":[{\"@type\":\"ReadAction\",\"target\":[\"https:\/\/www.schwaben-international.de\/schueleraustausch\/infos\/partnerschulen\/peru\/\"]}]},{\"@type\":\"ImageObject\",\"inLanguage\":\"de\",\"@id\":\"https:\/\/www.schwaben-international.de\/schueleraustausch\/infos\/partnerschulen\/peru\/#primaryimage\",\"url\":\"https:\/\/www.schwaben-international.de\/schueleraustausch\/wp-content\/uploads\/sites\/2\/2016\/08\/Humboldt_Schule-mit-Fahnen-und-Namen.jpg\",\"contentUrl\":\"https:\/\/www.schwaben-international.de\/schueleraustausch\/wp-content\/uploads\/sites\/2\/2016\/08\/Humboldt_Schule-mit-Fahnen-und-Namen.jpg\",\"width\":5039,\"height\":3778},{\"@type\":\"BreadcrumbList\",\"@id\":\"https:\/\/www.schwaben-international.de\/schueleraustausch\/infos\/partnerschulen\/peru\/#breadcrumb\",\"itemListElement\":[{\"@type\":\"ListItem\",\"position\":1,\"name\":\"Startseite\",\"item\":\"https:\/\/www.schwaben-international.de\/schueleraustausch\/\"},{\"@type\":\"ListItem\",\"position\":2,\"name\":\"Allgemeine Infos\",\"item\":\"https:\/\/www.schwaben-international.de\/schueleraustausch\/infos\/\"},{\"@type\":\"ListItem\",\"position\":3,\"name\":\"Partnerschulen und Partnerorganisationen\",\"item\":\"https:\/\/www.schwaben-international.de\/schueleraustausch\/infos\/partnerschulen\/\"},{\"@type\":\"ListItem\",\"position\":4,\"name\":\"Partnerschule in Peru\"}]},{\"@type\":\"WebSite\",\"@id\":\"https:\/\/www.schwaben-international.de\/schueleraustausch\/#website\",\"url\":\"https:\/\/www.schwaben-international.de\/schueleraustausch\/\",\"name\":\"Sch\u00fcleraustausch\",\"description\":\"Schwaben International e.V.\",\"publisher\":{\"@id\":\"https:\/\/www.schwaben-international.de\/schueleraustausch\/#organization\"},\"potentialAction\":[{\"@type\":\"SearchAction\",\"target\":{\"@type\":\"EntryPoint\",\"urlTemplate\":\"https:\/\/www.schwaben-international.de\/schueleraustausch\/?s={search_term_string}\"},\"query-input\":{\"@type\":\"PropertyValueSpecification\",\"valueRequired\":true,\"valueName\":\"search_term_string\"}}],\"inLanguage\":\"de\"},{\"@type\":\"Organization\",\"@id\":\"https:\/\/www.schwaben-international.de\/schueleraustausch\/#organization\",\"name\":\"Schwaben International e.V.\",\"url\":\"https:\/\/www.schwaben-international.de\/schueleraustausch\/\",\"logo\":{\"@type\":\"ImageObject\",\"inLanguage\":\"de\",\"@id\":\"https:\/\/www.schwaben-international.de\/schueleraustausch\/#\/schema\/logo\/image\/\",\"url\":\"https:\/\/www.schwaben-international.de\/schueleraustausch\/wp-content\/uploads\/sites\/2\/2016\/08\/logo-1.png\",\"contentUrl\":\"https:\/\/www.schwaben-international.de\/schueleraustausch\/wp-content\/uploads\/sites\/2\/2016\/08\/logo-1.png\",\"width\":300,\"height\":90,\"caption\":\"Schwaben International e.V.\"},\"image\":{\"@id\":\"https:\/\/www.schwaben-international.de\/schueleraustausch\/#\/schema\/logo\/image\/\"}}]}<\/script>\n<!-- \/ Yoast SEO plugin. -->","yoast_head_json":{"title":"Partnerschule in Peru - Sch\u00fcleraustausch Schwaben International e.V.","description":"Mit der A. v. Humboldt Schule in Lima verbindet Schwaben International eine lange und tolle Zusammenarbeit, seit 1990 organisieren wir den Sch\u00fcleraustausch","robots":{"index":"index","follow":"follow","max-snippet":"max-snippet:-1","max-image-preview":"max-image-preview:large","max-video-preview":"max-video-preview:-1"},"canonical":"https:\/\/www.schwaben-international.de\/schueleraustausch\/infos\/partnerschulen\/peru\/","og_locale":"de_DE","og_type":"article","og_title":"Partnerschule in Peru - Sch\u00fcleraustausch Schwaben International e.V.","og_description":"Mit der A. v. Humboldt Schule in Lima verbindet Schwaben International eine lange und tolle Zusammenarbeit, seit 1990 organisieren wir den Sch\u00fcleraustausch","og_url":"https:\/\/www.schwaben-international.de\/schueleraustausch\/infos\/partnerschulen\/peru\/","og_site_name":"Sch\u00fcleraustausch","article_modified_time":"2023-03-23T14:47:13+00:00","og_image":[{"url":"https:\/\/www.schwaben-international.de\/schueleraustausch\/wp-content\/uploads\/sites\/2\/2016\/08\/Humboldt_Schule-mit-Fahnen-und-Namen-370x277.jpg","type":"","width":"","height":""}],"twitter_card":"summary_large_image","twitter_misc":{"Gesch\u00e4tzte Lesezeit":"3\u00a0Minuten"},"schema":{"@context":"https:\/\/schema.org","@graph":[{"@type":"WebPage","@id":"https:\/\/www.schwaben-international.de\/schueleraustausch\/infos\/partnerschulen\/peru\/","url":"https:\/\/www.schwaben-international.de\/schueleraustausch\/infos\/partnerschulen\/peru\/","name":"Partnerschule in Peru - Sch\u00fcleraustausch Schwaben International e.V.","isPartOf":{"@id":"https:\/\/www.schwaben-international.de\/schueleraustausch\/#website"},"primaryImageOfPage":{"@id":"https:\/\/www.schwaben-international.de\/schueleraustausch\/infos\/partnerschulen\/peru\/#primaryimage"},"image":{"@id":"https:\/\/www.schwaben-international.de\/schueleraustausch\/infos\/partnerschulen\/peru\/#primaryimage"},"thumbnailUrl":"https:\/\/www.schwaben-international.de\/schueleraustausch\/wp-content\/uploads\/sites\/2\/2016\/08\/Humboldt_Schule-mit-Fahnen-und-Namen-370x277.jpg","datePublished":"2016-08-21T18:23:26+00:00","dateModified":"2023-03-23T14:47:13+00:00","description":"Mit der A. v. Humboldt Schule in Lima verbindet Schwaben International eine lange und tolle Zusammenarbeit, seit 1990 organisieren wir den Sch\u00fcleraustausch","breadcrumb":{"@id":"https:\/\/www.schwaben-international.de\/schueleraustausch\/infos\/partnerschulen\/peru\/#breadcrumb"},"inLanguage":"de","potentialAction":[{"@type":"ReadAction","target":["https:\/\/www.schwaben-international.de\/schueleraustausch\/infos\/partnerschulen\/peru\/"]}]},{"@type":"ImageObject","inLanguage":"de","@id":"https:\/\/www.schwaben-international.de\/schueleraustausch\/infos\/partnerschulen\/peru\/#primaryimage","url":"https:\/\/www.schwaben-international.de\/schueleraustausch\/wp-content\/uploads\/sites\/2\/2016\/08\/Humboldt_Schule-mit-Fahnen-und-Namen.jpg","contentUrl":"https:\/\/www.schwaben-international.de\/schueleraustausch\/wp-content\/uploads\/sites\/2\/2016\/08\/Humboldt_Schule-mit-Fahnen-und-Namen.jpg","width":5039,"height":3778},{"@type":"BreadcrumbList","@id":"https:\/\/www.schwaben-international.de\/schueleraustausch\/infos\/partnerschulen\/peru\/#breadcrumb","itemListElement":[{"@type":"ListItem","position":1,"name":"Startseite","item":"https:\/\/www.schwaben-international.de\/schueleraustausch\/"},{"@type":"ListItem","position":2,"name":"Allgemeine Infos","item":"https:\/\/www.schwaben-international.de\/schueleraustausch\/infos\/"},{"@type":"ListItem","position":3,"name":"Partnerschulen und Partnerorganisationen","item":"https:\/\/www.schwaben-international.de\/schueleraustausch\/infos\/partnerschulen\/"},{"@type":"ListItem","position":4,"name":"Partnerschule in Peru"}]},{"@type":"WebSite","@id":"https:\/\/www.schwaben-international.de\/schueleraustausch\/#website","url":"https:\/\/www.schwaben-international.de\/schueleraustausch\/","name":"Sch\u00fcleraustausch","description":"Schwaben International e.V.","publisher":{"@id":"https:\/\/www.schwaben-international.de\/schueleraustausch\/#organization"},"potentialAction":[{"@type":"SearchAction","target":{"@type":"EntryPoint","urlTemplate":"https:\/\/www.schwaben-international.de\/schueleraustausch\/?s={search_term_string}"},"query-input":{"@type":"PropertyValueSpecification","valueRequired":true,"valueName":"search_term_string"}}],"inLanguage":"de"},{"@type":"Organization","@id":"https:\/\/www.schwaben-international.de\/schueleraustausch\/#organization","name":"Schwaben International e.V.","url":"https:\/\/www.schwaben-international.de\/schueleraustausch\/","logo":{"@type":"ImageObject","inLanguage":"de","@id":"https:\/\/www.schwaben-international.de\/schueleraustausch\/#\/schema\/logo\/image\/","url":"https:\/\/www.schwaben-international.de\/schueleraustausch\/wp-content\/uploads\/sites\/2\/2016\/08\/logo-1.png","contentUrl":"https:\/\/www.schwaben-international.de\/schueleraustausch\/wp-content\/uploads\/sites\/2\/2016\/08\/logo-1.png","width":300,"height":90,"caption":"Schwaben International e.V."},"image":{"@id":"https:\/\/www.schwaben-international.de\/schueleraustausch\/#\/schema\/logo\/image\/"}}]}},"_links":{"self":[{"href":"https:\/\/www.schwaben-international.de\/schueleraustausch\/wp-json\/wp\/v2\/pages\/367","targetHints":{"allow":["GET"]}}],"collection":[{"href":"https:\/\/www.schwaben-international.de\/schueleraustausch\/wp-json\/wp\/v2\/pages"}],"about":[{"href":"https:\/\/www.schwaben-international.de\/schueleraustausch\/wp-json\/wp\/v2\/types\/page"}],"author":[{"embeddable":true,"href":"https:\/\/www.schwaben-international.de\/schueleraustausch\/wp-json\/wp\/v2\/users\/2"}],"replies":[{"embeddable":true,"href":"https:\/\/www.schwaben-international.de\/schueleraustausch\/wp-json\/wp\/v2\/comments?post=367"}],"version-history":[{"count":1,"href":"https:\/\/www.schwaben-international.de\/schueleraustausch\/wp-json\/wp\/v2\/pages\/367\/revisions"}],"predecessor-version":[{"id":3281,"href":"https:\/\/www.schwaben-international.de\/schueleraustausch\/wp-json\/wp\/v2\/pages\/367\/revisions\/3281"}],"up":[{"embeddable":true,"href":"https:\/\/www.schwaben-international.de\/schueleraustausch\/wp-json\/wp\/v2\/pages\/52"}],"wp:attachment":[{"href":"https:\/\/www.schwaben-international.de\/schueleraustausch\/wp-json\/wp\/v2\/media?parent=367"}],"curies":[{"name":"wp","href":"https:\/\/api.w.org\/{rel}","templated":true}]}}