{"id":365,"date":"2016-08-21T20:22:54","date_gmt":"2016-08-21T18:22:54","guid":{"rendered":"http:\/\/www.schwaben-international.de\/schueleraustausch\/?page_id=365"},"modified":"2023-03-23T15:48:07","modified_gmt":"2023-03-23T14:48:07","slug":"chile","status":"publish","type":"page","link":"https:\/\/www.schwaben-international.de\/schueleraustausch\/infos\/partnerschulen\/chile\/","title":{"rendered":"Partnerschulen in Chile"},"content":{"rendered":"<h1 class=\"entry-title-post\"><a href=\"https:\/\/www.schwaben-international.de\/schueleraustausch\/2023\/03\/wir-sagen-auf-wiedersehen-nach-33-jahren-geht-eine-aera-zu-ende\/\" rel=\"bookmark\"><span style=\"color: #ff0000\">Wir sagen auf Wiedersehen! \u2013 Nach 33 Jahren geht eine \u00c4ra zu Ende<\/span><\/a><\/h1>\n<h6><\/h6>\n<h1 class=\"entry-title-post\"><span style=\"color: #ff6600\"><a style=\"color: #ff6600\" href=\"https:\/\/www.schwaben-international.de\/schueleraustausch\/2023\/03\/neuer-kooperationspartner-djo-deutschen-jugend-in-europa-landesverband-baden-wuerttemberg\/\" rel=\"bookmark\">Neuer Kooperationspartner djo \u2013 Deutschen Jugend in Europa Landesverband Baden-W\u00fcrttemberg<\/a><\/span><\/h1>\n<p>&nbsp;<\/p>\n<p>&nbsp;<\/p>\n<ul>\n<li><a href=\"#c_anwandter\">Deutsche Schule Carlos Anwandter in Valdivia<\/a><\/li>\n<li><a href=\"#ra_philippi\">Deutsche Schule R.A. Philippi in La Uni\u00f3n<\/a><\/li>\n<li><a href=\"#villarrica\">Deutsche Schule Villarrica in Villarrica<\/a><\/li>\n<\/ul>\n<p><a name=\"c_anwandter\"><\/a><\/p>\n<h1>Deutsche Schule Carlos Anwandter in Valdivia<\/h1>\n<p>Knapp 850 Kilometer s\u00fcdlich der Hauptstadt Santiago de Chile liegt die Stadt Valdivia. Auf der Isla Teja befindet sich die nach dem Schulgr\u00fcnder Carl Anwandter benannte Deutsche Schule. Der im preu\u00dfischen Luckenwalde geb\u00fcrtige Apotheker und Politiker, der 1848 an der Revolution in Deutschland teilnahm, entschied sich f\u00fcr die Auswanderung nach Chile weil seine liberalen und republikanischen Prinzipien im Gegensatz zum preu\u00dfischen Absolutismus standen.<\/p>\n<p><img loading=\"lazy\" decoding=\"async\" class=\"alignleft wp-image-774 size-medium\" src=\"https:\/\/www.schwaben-international.de\/schueleraustausch\/wp-content\/uploads\/sites\/2\/2016\/08\/04_Dt.Schule_Valdivia-370x278.jpg\" alt=\"Deutsche Schule Carlos Anwandter in Valdivia\" width=\"370\" height=\"278\" srcset=\"https:\/\/www.schwaben-international.de\/schueleraustausch\/wp-content\/uploads\/sites\/2\/2016\/08\/04_Dt.Schule_Valdivia-370x278.jpg 370w, https:\/\/www.schwaben-international.de\/schueleraustausch\/wp-content\/uploads\/sites\/2\/2016\/08\/04_Dt.Schule_Valdivia-1024x768.jpg 1024w, https:\/\/www.schwaben-international.de\/schueleraustausch\/wp-content\/uploads\/sites\/2\/2016\/08\/04_Dt.Schule_Valdivia-800x600.jpg 800w, https:\/\/www.schwaben-international.de\/schueleraustausch\/wp-content\/uploads\/sites\/2\/2016\/08\/04_Dt.Schule_Valdivia-1200x900.jpg 1200w\" sizes=\"auto, (max-width: 370px) 100vw, 370px\" \/>Im Jahr 2013 feierte die Schule ihr 155-j\u00e4hriges Jubil\u00e4um. Ging es den Einwanderern im 19. Jahrhundert vor allem darum, ihre Traditionen zu erhalten, so versteht sich die Schule heute als Ort der Begegnung deutscher und chilenischer Kultur in einem internationalen Zusammenhang.<\/p>\n<p>Alle Sch\u00fcler*innen erlernen bereits ab dem Kindergarten die deutsche Sprache und nehmen am Sprachdiplom B1 und C1 teil. Letzteres er\u00f6ffnet zusammen mit einer entsprechenden Punktzahl in der chilenischen Hochschulzugangspr\u00fcfung den direkten Zugang auch an deutsche Hochschulen. Als weitere Fremdsprache wird ab der vierten Klasse Englisch unterrichtet. Ein zentrales Element der bikulturellen Erziehung ist der zweimonatige Sch\u00fcleraustausch, an dem fast alle Sch\u00fcler*innen der elften Klasse teilnehmen.<\/p>\n<p>Im Kindergarten besteht seit 2011 ein neues bilinguales Konzept: In den Spielgruppen (Drei- bis Vierj\u00e4hrige) wird mit dem Konzept der \u201eImmersion\u201d gearbeitet, das hei\u00dft beide Bezugspersonen sprechen mit den Kindern Deutsch. In der Stufe der \u201ePrekinder\u201d (Vier- bis F\u00fcnfj\u00e4hrige) und \u201eKinder\u201d (F\u00fcnfbis Sechsj\u00e4hrige) wird das Konzept der \u201ebilingualen Tandemarbeit\u201d angewandt, d. h. die Gruppenerzieherin spricht ausschlie\u00dflich Deutsch und die zweite Erzieherin verst\u00e4ndigt sich mit den Kindern auf Spanisch; der Dialog zwischen den beiden Erzieherinnen findet vor den Kindern bilingual statt.<\/p>\n<p>Neben Bilingualit\u00e4t und Bikulturalit\u00e4t ist die Werteerziehung eine weitere zentrale Leitlinie. Entscheidend ist es, die Sch\u00fcler*innen zu gegenseitigem Respekt und zu sozialer Verantwortung zu erziehen. Dies geschieht beispielsweise durch die Umsetzung sozialer Projekte. Weitere zentrale Aufgabenbereiche der Schule sind Wissensvermittlung, musikalisch-k\u00fcnstlerische Erziehung und Sport.<\/p>\n<p>Um noch besser auf die Herausforderungen einer immer st\u00e4rker globalisierten Welt vorbereitet zu sein, gibt es seit dem Jahr 2011 das gemischtsprachige internationale Bakkalaureat (GIB). Neben der deutschen Sprache und Literatur werden auch Biologie und Geschichte auf Deutsch unterrichtet. Dieser neue Abschluss erm\u00f6glicht ohne weitere Eingangspr\u00fcfungen den Zugang sowohl zu europ\u00e4ischen als auch zu chilenischen Hochschulen.<\/p>\n<p>Schwaben International organisiert seit 2011 den Sch\u00fcleraustausch f\u00fcr Sch\u00fcler*innen der Deutschen Schule Carl Anwandter. Jedes Jahr kommt eine Gruppe von Sch\u00fcler*innen im Winter zum Austausch nach Deutschland.<\/p>\n<p>Weitere Informationen: <a href=\"http:\/\/www.dsvaldivia.cl\" target=\"_blank\" rel=\"noopener noreferrer\">www.dsvaldivia.cl<\/a><\/p>\n<p><a name=\"ra_philippi\"><\/a><\/p>\n<p>&nbsp;<\/p>\n<p>&nbsp;<\/p>\n<h1>Deutsche Schule R.A. Philippi in La Uni\u00f3n<\/h1>\n<p>80 Kilometer s\u00fcd\u00f6stlich der Regionshauptstadt Valdivia gr\u00fcndeten deutsche Einwanderer 1860 die Deutsche Schule La Uni\u00f3n. Zwei Geb\u00e4ude stehen den insgesamt 312 Sch\u00fclern*innen und 29 Lehrern*innen vom Kindergarten bis zur 12. Klasse zur Verf\u00fcgung. Dies schlie\u00dft auch Sporthallen, Chemielabor, Computerraum und Bibliothek ein.<\/p>\n<p><img loading=\"lazy\" decoding=\"async\" class=\"alignleft wp-image-773 size-full\" src=\"https:\/\/www.schwaben-international.de\/schueleraustausch\/wp-content\/uploads\/sites\/2\/2016\/08\/Dt.Schule_R.A_Philippi_La-Union.jpg\" alt=\"Deutsche Schule R.A. Philippi in La Uni\u00f3n\" width=\"362\" height=\"272\" \/>An der Schule kann man Deutsch und Englisch als Fremdsprachen lernen. Der Deutschunterricht beginnt im Kindergarten auf spielerische Weise, indem die Kinder Deutsch mit Liedern und Spielen lernen. Der Englischunterricht beginnt in der f\u00fcnften Klasse.<\/p>\n<p>In der 11. Klasse erhalten die Sch\u00fcler*innen die M\u00f6glichkeit, an einem Austausch nach Deutschland teilzunehmen, der normalerweise acht Wochen dauert. Ziel des Austausches ist, die Deutschkenntnisse der Teilnehmenden zu verbessern und ihnen Gelegenheit zu geben, eine neue Kultur kennenzulernen.<\/p>\n<p>In der 12. Klasse m\u00fcssen die Sch\u00fcler*innen an einer Sprachpr\u00fcfung teilnehmen und das Sprachdiplom II erwerben. Dies verbessert ihre sp\u00e4teren M\u00f6glichkeiten im Studium und Beruf. Sie k\u00f6nnen auch eine Englischpr\u00fcfung ablegen, die dem US-amerikanischen \u201eMichigan Test\u201c \u00e4hnlich ist. Nach der Schule m\u00fcssen alle, die an einer Universit\u00e4t studieren wollen, eine vom Erziehungsministerium geforderte Abschlusspr\u00fcfung, die sogenannte PSU ablegen.<\/p>\n<p>Jedes Jahr nimmt die Schule an den Sportmeisterschaften teil. Die Volleyball-, Basketball- und Leichtathletik-Mannschaften spielen dabei gegen die Mannschaften der anderen deutschen Schulen in Chile. Ferner gibt es auch Wettbewerbe in den F\u00e4chern Biologie, Chemie und Mathematik, an denen alle Sch\u00fcler*innen Chiles teilnehmen.<\/p>\n<p>Schwaben International organisiert seit 2014 den Sch\u00fcleraustausch f\u00fcr Sch\u00fcler*innen der Deutschen Schule R.A. Philippi. Jedes Jahr kommt eine Gruppe von Sch\u00fcler*innen im Winter zum Austausch nach Deutschland.<\/p>\n<p>Weitere Informationen: <strong><a href=\"http:\/\/www.dslu.cl\" target=\"_blank\" rel=\"noopener noreferrer\">www.dslu.cl<\/a><\/strong><\/p>\n<p><a name=\"villarrica\"><\/a><\/p>\n<p>&nbsp;<\/p>\n<p>&nbsp;<\/p>\n<h1>Deutsche Schule Villarrica in Villarrica<\/h1>\n<p><img loading=\"lazy\" decoding=\"async\" class=\"alignleft wp-image-775 size-full\" src=\"https:\/\/www.schwaben-international.de\/schueleraustausch\/wp-content\/uploads\/sites\/2\/2016\/08\/pk19373477.jpg\" alt=\"Deutsche Schule Villarrica in Villarrica\" width=\"322\" height=\"242\" \/>Villarrica liegt in der Region Araukanien, im S\u00fcden Chiles am Lago Villarrica nicht weit von dem gleichnamigen Vulkan.<\/p>\n<p>Bereits 1916 erbauten Deutsche Siedler die Schule in Quilaco, in der N\u00e4he von Pucon \u2013 dort liegen die Anf\u00e4nge der Deutsche Schule Villarrica.1950 brannte die Schule komplett ab, worauf sie in Villarrica neu gebaut wurde.<\/p>\n<p>Die Schule mit 300 Sch\u00fcler*innen und 32 Lehrkr\u00e4ften hat zwei Standorte. Im Schulgeb\u00e4ude Anfion Mu\u00f1oz im Stadtzentrum werden die Sch\u00fcler*innen von 7 bis 18 Jahren unterrichtet. In Los Guindos, einem Wohnviertel au\u00dferhalb von Villarrica werden die Kindergartenkinder von 3 bis 6 Jahren unterrichtet, dort befindet sich auch die Sporthalle.<\/p>\n<p>Die Unterrichtssprache ist Spanisch, jedoch wird bereits im Kindergarten mit dem Deutschunterricht begonnen. Englisch kommt als zweite Fremdsprache ab der 5. Klasse hinzu. Sowohl in Englisch als auch in Deutsch k\u00f6nnen verschiedene Sprachzertifikate erworben werden, die den Sch\u00fcler*innen ein Studium im Ausland erm\u00f6glichen.<\/p>\n<p>Sport spielt eine gro\u00dfe Rolle im Unterricht und bei den schulischen Angeboten am Nachmittag. Es gibt Volleyball- und Basketballmannschaften, Leichtathletik und Rhythmische Sportgymnastik. In verschiedenen regionalen und nationalen Wettk\u00e4mpfen und Meisterschaften messen sich die Sch\u00fcler*innen mit anderen Jugendlichen ihres Alters.<\/p>\n<p>Von der 1. bis zur 5. Klasse wird von der Papageno Musikschule zweimal pro Woche Musikunterricht angeboten. Die Sch\u00fcler*innen k\u00f6nnen zwischen Fl\u00f6te, Gitarre, Cello oder Geige w\u00e4hlen. In der Musikschule gibt es auch einen Chor und mehrere Orchester. Zweimal im Jahr werden Konzerte veranstaltet.<\/p>\n<p>Jedes Jahr wird in der Sporthalle das Oktoberfest gefeiert. Jede Klasse bietet an ihrem Stand etwas zu Essen oder Spiele an.<\/p>\n<p>Das Jahresfest im Sommer ist eine Abendveranstaltung f\u00fcr die Eltern. Die 10. Klasse pr\u00e4sentiert an diesem Abend eine kleine Show, um Geld f\u00fcr ihre Klassenfahrt zu sammeln.<\/p>\n<p>Zum Jahresjubil\u00e4um der Schule wird die Alianzas gefeiert. Das Fest dauert drei Tage und zwei Teams k\u00e4mpfen gegeneinander. Jedes Team hat einen K\u00f6nig, eine K\u00f6nigin, Prinzen und Maskottchen. Am Ende gewinnt das Team, das die meisten Punkte hat.<\/p>\n<p>Schwaben International organisiert seit 2016 den Sch\u00fcleraustausch f\u00fcr Sch\u00fcler*innen der Deutschen Schule Villarrica. Jedes Jahr kommt eine Gruppe von Sch\u00fcler*innen im Winter zum Austausch nach Deutschland.<\/p>\n<p>Weitere Informationen: <strong><a href=\"http:\/\/www.dsvillarrica.cl\" target=\"_blank\" rel=\"noopener noreferrer\">www.dsvillarrica.cl<\/a><\/strong><\/p>\n","protected":false},"excerpt":{"rendered":"<p>Wir sagen auf Wiedersehen! \u2013 Nach 33 Jahren geht eine \u00c4ra zu Ende Neuer Kooperationspartner djo \u2013 Deutschen Jugend in Europa Landesverband Baden-W\u00fcrttemberg &nbsp; &nbsp; Deutsche Schule Carlos Anwandter in Valdivia Deutsche Schule R.A. Philippi in La Uni\u00f3n Deutsche Schule Villarrica in Villarrica Deutsche Schule Carlos Anwandter in Valdivia Knapp 850 Kilometer s\u00fcdlich der Hauptstadt Santiago de Chile liegt die Stadt Valdivia. Auf der Isla &hellip; <a href=\"https:\/\/www.schwaben-international.de\/schueleraustausch\/infos\/partnerschulen\/chile\/\" class=\"more-link\">weiterlesen <span class=\"screen-reader-text\">Partnerschulen in Chile<\/span> <span class=\u201emeta-nav\u201c>&raquo;<\/span><\/a><\/p>\n","protected":false},"author":2,"featured_media":0,"parent":52,"menu_order":11,"comment_status":"closed","ping_status":"closed","template":"","meta":{"footnotes":""},"class_list":["post-365","page","type-page","status-publish","hentry"],"yoast_head":"<!-- This site is optimized with the Yoast SEO plugin v25.6 - https:\/\/yoast.com\/wordpress\/plugins\/seo\/ -->\n<title>Partnerschulen in Chile - Sch\u00fcleraustausch Schwaben International e.V.<\/title>\n<meta name=\"description\" content=\"Schwaben International organisiert Sch\u00fcleraustausch f\u00fcr Sch\u00fcler dreier chilenischen Partnerschulen. J\u00e4hrlich kommen Sch\u00fcler zum Austausch nach Deutschland.\" \/>\n<meta name=\"robots\" content=\"index, follow, max-snippet:-1, max-image-preview:large, max-video-preview:-1\" \/>\n<link rel=\"canonical\" href=\"https:\/\/www.schwaben-international.de\/schueleraustausch\/infos\/partnerschulen\/chile\/\" \/>\n<meta property=\"og:locale\" content=\"de_DE\" \/>\n<meta property=\"og:type\" content=\"article\" \/>\n<meta property=\"og:title\" content=\"Partnerschulen in Chile - Sch\u00fcleraustausch Schwaben International e.V.\" \/>\n<meta property=\"og:description\" content=\"Schwaben International organisiert Sch\u00fcleraustausch f\u00fcr Sch\u00fcler dreier chilenischen Partnerschulen. J\u00e4hrlich kommen Sch\u00fcler zum Austausch nach Deutschland.\" \/>\n<meta property=\"og:url\" content=\"https:\/\/www.schwaben-international.de\/schueleraustausch\/infos\/partnerschulen\/chile\/\" \/>\n<meta property=\"og:site_name\" content=\"Sch\u00fcleraustausch\" \/>\n<meta property=\"article:modified_time\" content=\"2023-03-23T14:48:07+00:00\" \/>\n<meta property=\"og:image\" content=\"https:\/\/www.schwaben-international.de\/schueleraustausch\/wp-content\/uploads\/sites\/2\/2016\/08\/04_Dt.Schule_Valdivia-370x278.jpg\" \/>\n<meta name=\"twitter:card\" content=\"summary_large_image\" \/>\n<meta name=\"twitter:label1\" content=\"Gesch\u00e4tzte Lesezeit\" \/>\n\t<meta name=\"twitter:data1\" content=\"7\u00a0Minuten\" \/>\n<script type=\"application\/ld+json\" class=\"yoast-schema-graph\">{\"@context\":\"https:\/\/schema.org\",\"@graph\":[{\"@type\":\"WebPage\",\"@id\":\"https:\/\/www.schwaben-international.de\/schueleraustausch\/infos\/partnerschulen\/chile\/\",\"url\":\"https:\/\/www.schwaben-international.de\/schueleraustausch\/infos\/partnerschulen\/chile\/\",\"name\":\"Partnerschulen in Chile - Sch\u00fcleraustausch Schwaben International e.V.\",\"isPartOf\":{\"@id\":\"https:\/\/www.schwaben-international.de\/schueleraustausch\/#website\"},\"primaryImageOfPage\":{\"@id\":\"https:\/\/www.schwaben-international.de\/schueleraustausch\/infos\/partnerschulen\/chile\/#primaryimage\"},\"image\":{\"@id\":\"https:\/\/www.schwaben-international.de\/schueleraustausch\/infos\/partnerschulen\/chile\/#primaryimage\"},\"thumbnailUrl\":\"https:\/\/www.schwaben-international.de\/schueleraustausch\/wp-content\/uploads\/sites\/2\/2016\/08\/04_Dt.Schule_Valdivia-370x278.jpg\",\"datePublished\":\"2016-08-21T18:22:54+00:00\",\"dateModified\":\"2023-03-23T14:48:07+00:00\",\"description\":\"Schwaben International organisiert Sch\u00fcleraustausch f\u00fcr Sch\u00fcler dreier chilenischen Partnerschulen. J\u00e4hrlich kommen Sch\u00fcler zum Austausch nach Deutschland.\",\"breadcrumb\":{\"@id\":\"https:\/\/www.schwaben-international.de\/schueleraustausch\/infos\/partnerschulen\/chile\/#breadcrumb\"},\"inLanguage\":\"de\",\"potentialAction\":[{\"@type\":\"ReadAction\",\"target\":[\"https:\/\/www.schwaben-international.de\/schueleraustausch\/infos\/partnerschulen\/chile\/\"]}]},{\"@type\":\"ImageObject\",\"inLanguage\":\"de\",\"@id\":\"https:\/\/www.schwaben-international.de\/schueleraustausch\/infos\/partnerschulen\/chile\/#primaryimage\",\"url\":\"https:\/\/www.schwaben-international.de\/schueleraustausch\/wp-content\/uploads\/sites\/2\/2016\/08\/04_Dt.Schule_Valdivia.jpg\",\"contentUrl\":\"https:\/\/www.schwaben-international.de\/schueleraustausch\/wp-content\/uploads\/sites\/2\/2016\/08\/04_Dt.Schule_Valdivia.jpg\",\"width\":3648,\"height\":2736},{\"@type\":\"BreadcrumbList\",\"@id\":\"https:\/\/www.schwaben-international.de\/schueleraustausch\/infos\/partnerschulen\/chile\/#breadcrumb\",\"itemListElement\":[{\"@type\":\"ListItem\",\"position\":1,\"name\":\"Startseite\",\"item\":\"https:\/\/www.schwaben-international.de\/schueleraustausch\/\"},{\"@type\":\"ListItem\",\"position\":2,\"name\":\"Allgemeine Infos\",\"item\":\"https:\/\/www.schwaben-international.de\/schueleraustausch\/infos\/\"},{\"@type\":\"ListItem\",\"position\":3,\"name\":\"Partnerschulen und Partnerorganisationen\",\"item\":\"https:\/\/www.schwaben-international.de\/schueleraustausch\/infos\/partnerschulen\/\"},{\"@type\":\"ListItem\",\"position\":4,\"name\":\"Partnerschulen in Chile\"}]},{\"@type\":\"WebSite\",\"@id\":\"https:\/\/www.schwaben-international.de\/schueleraustausch\/#website\",\"url\":\"https:\/\/www.schwaben-international.de\/schueleraustausch\/\",\"name\":\"Sch\u00fcleraustausch\",\"description\":\"Schwaben International e.V.\",\"publisher\":{\"@id\":\"https:\/\/www.schwaben-international.de\/schueleraustausch\/#organization\"},\"potentialAction\":[{\"@type\":\"SearchAction\",\"target\":{\"@type\":\"EntryPoint\",\"urlTemplate\":\"https:\/\/www.schwaben-international.de\/schueleraustausch\/?s={search_term_string}\"},\"query-input\":{\"@type\":\"PropertyValueSpecification\",\"valueRequired\":true,\"valueName\":\"search_term_string\"}}],\"inLanguage\":\"de\"},{\"@type\":\"Organization\",\"@id\":\"https:\/\/www.schwaben-international.de\/schueleraustausch\/#organization\",\"name\":\"Schwaben International e.V.\",\"url\":\"https:\/\/www.schwaben-international.de\/schueleraustausch\/\",\"logo\":{\"@type\":\"ImageObject\",\"inLanguage\":\"de\",\"@id\":\"https:\/\/www.schwaben-international.de\/schueleraustausch\/#\/schema\/logo\/image\/\",\"url\":\"https:\/\/www.schwaben-international.de\/schueleraustausch\/wp-content\/uploads\/sites\/2\/2016\/08\/logo-1.png\",\"contentUrl\":\"https:\/\/www.schwaben-international.de\/schueleraustausch\/wp-content\/uploads\/sites\/2\/2016\/08\/logo-1.png\",\"width\":300,\"height\":90,\"caption\":\"Schwaben International e.V.\"},\"image\":{\"@id\":\"https:\/\/www.schwaben-international.de\/schueleraustausch\/#\/schema\/logo\/image\/\"}}]}<\/script>\n<!-- \/ Yoast SEO plugin. -->","yoast_head_json":{"title":"Partnerschulen in Chile - Sch\u00fcleraustausch Schwaben International e.V.","description":"Schwaben International organisiert Sch\u00fcleraustausch f\u00fcr Sch\u00fcler dreier chilenischen Partnerschulen. J\u00e4hrlich kommen Sch\u00fcler zum Austausch nach Deutschland.","robots":{"index":"index","follow":"follow","max-snippet":"max-snippet:-1","max-image-preview":"max-image-preview:large","max-video-preview":"max-video-preview:-1"},"canonical":"https:\/\/www.schwaben-international.de\/schueleraustausch\/infos\/partnerschulen\/chile\/","og_locale":"de_DE","og_type":"article","og_title":"Partnerschulen in Chile - Sch\u00fcleraustausch Schwaben International e.V.","og_description":"Schwaben International organisiert Sch\u00fcleraustausch f\u00fcr Sch\u00fcler dreier chilenischen Partnerschulen. J\u00e4hrlich kommen Sch\u00fcler zum Austausch nach Deutschland.","og_url":"https:\/\/www.schwaben-international.de\/schueleraustausch\/infos\/partnerschulen\/chile\/","og_site_name":"Sch\u00fcleraustausch","article_modified_time":"2023-03-23T14:48:07+00:00","og_image":[{"url":"https:\/\/www.schwaben-international.de\/schueleraustausch\/wp-content\/uploads\/sites\/2\/2016\/08\/04_Dt.Schule_Valdivia-370x278.jpg","type":"","width":"","height":""}],"twitter_card":"summary_large_image","twitter_misc":{"Gesch\u00e4tzte Lesezeit":"7\u00a0Minuten"},"schema":{"@context":"https:\/\/schema.org","@graph":[{"@type":"WebPage","@id":"https:\/\/www.schwaben-international.de\/schueleraustausch\/infos\/partnerschulen\/chile\/","url":"https:\/\/www.schwaben-international.de\/schueleraustausch\/infos\/partnerschulen\/chile\/","name":"Partnerschulen in Chile - Sch\u00fcleraustausch Schwaben International e.V.","isPartOf":{"@id":"https:\/\/www.schwaben-international.de\/schueleraustausch\/#website"},"primaryImageOfPage":{"@id":"https:\/\/www.schwaben-international.de\/schueleraustausch\/infos\/partnerschulen\/chile\/#primaryimage"},"image":{"@id":"https:\/\/www.schwaben-international.de\/schueleraustausch\/infos\/partnerschulen\/chile\/#primaryimage"},"thumbnailUrl":"https:\/\/www.schwaben-international.de\/schueleraustausch\/wp-content\/uploads\/sites\/2\/2016\/08\/04_Dt.Schule_Valdivia-370x278.jpg","datePublished":"2016-08-21T18:22:54+00:00","dateModified":"2023-03-23T14:48:07+00:00","description":"Schwaben International organisiert Sch\u00fcleraustausch f\u00fcr Sch\u00fcler dreier chilenischen Partnerschulen. J\u00e4hrlich kommen Sch\u00fcler zum Austausch nach Deutschland.","breadcrumb":{"@id":"https:\/\/www.schwaben-international.de\/schueleraustausch\/infos\/partnerschulen\/chile\/#breadcrumb"},"inLanguage":"de","potentialAction":[{"@type":"ReadAction","target":["https:\/\/www.schwaben-international.de\/schueleraustausch\/infos\/partnerschulen\/chile\/"]}]},{"@type":"ImageObject","inLanguage":"de","@id":"https:\/\/www.schwaben-international.de\/schueleraustausch\/infos\/partnerschulen\/chile\/#primaryimage","url":"https:\/\/www.schwaben-international.de\/schueleraustausch\/wp-content\/uploads\/sites\/2\/2016\/08\/04_Dt.Schule_Valdivia.jpg","contentUrl":"https:\/\/www.schwaben-international.de\/schueleraustausch\/wp-content\/uploads\/sites\/2\/2016\/08\/04_Dt.Schule_Valdivia.jpg","width":3648,"height":2736},{"@type":"BreadcrumbList","@id":"https:\/\/www.schwaben-international.de\/schueleraustausch\/infos\/partnerschulen\/chile\/#breadcrumb","itemListElement":[{"@type":"ListItem","position":1,"name":"Startseite","item":"https:\/\/www.schwaben-international.de\/schueleraustausch\/"},{"@type":"ListItem","position":2,"name":"Allgemeine Infos","item":"https:\/\/www.schwaben-international.de\/schueleraustausch\/infos\/"},{"@type":"ListItem","position":3,"name":"Partnerschulen und Partnerorganisationen","item":"https:\/\/www.schwaben-international.de\/schueleraustausch\/infos\/partnerschulen\/"},{"@type":"ListItem","position":4,"name":"Partnerschulen in Chile"}]},{"@type":"WebSite","@id":"https:\/\/www.schwaben-international.de\/schueleraustausch\/#website","url":"https:\/\/www.schwaben-international.de\/schueleraustausch\/","name":"Sch\u00fcleraustausch","description":"Schwaben International e.V.","publisher":{"@id":"https:\/\/www.schwaben-international.de\/schueleraustausch\/#organization"},"potentialAction":[{"@type":"SearchAction","target":{"@type":"EntryPoint","urlTemplate":"https:\/\/www.schwaben-international.de\/schueleraustausch\/?s={search_term_string}"},"query-input":{"@type":"PropertyValueSpecification","valueRequired":true,"valueName":"search_term_string"}}],"inLanguage":"de"},{"@type":"Organization","@id":"https:\/\/www.schwaben-international.de\/schueleraustausch\/#organization","name":"Schwaben International e.V.","url":"https:\/\/www.schwaben-international.de\/schueleraustausch\/","logo":{"@type":"ImageObject","inLanguage":"de","@id":"https:\/\/www.schwaben-international.de\/schueleraustausch\/#\/schema\/logo\/image\/","url":"https:\/\/www.schwaben-international.de\/schueleraustausch\/wp-content\/uploads\/sites\/2\/2016\/08\/logo-1.png","contentUrl":"https:\/\/www.schwaben-international.de\/schueleraustausch\/wp-content\/uploads\/sites\/2\/2016\/08\/logo-1.png","width":300,"height":90,"caption":"Schwaben International e.V."},"image":{"@id":"https:\/\/www.schwaben-international.de\/schueleraustausch\/#\/schema\/logo\/image\/"}}]}},"_links":{"self":[{"href":"https:\/\/www.schwaben-international.de\/schueleraustausch\/wp-json\/wp\/v2\/pages\/365","targetHints":{"allow":["GET"]}}],"collection":[{"href":"https:\/\/www.schwaben-international.de\/schueleraustausch\/wp-json\/wp\/v2\/pages"}],"about":[{"href":"https:\/\/www.schwaben-international.de\/schueleraustausch\/wp-json\/wp\/v2\/types\/page"}],"author":[{"embeddable":true,"href":"https:\/\/www.schwaben-international.de\/schueleraustausch\/wp-json\/wp\/v2\/users\/2"}],"replies":[{"embeddable":true,"href":"https:\/\/www.schwaben-international.de\/schueleraustausch\/wp-json\/wp\/v2\/comments?post=365"}],"version-history":[{"count":1,"href":"https:\/\/www.schwaben-international.de\/schueleraustausch\/wp-json\/wp\/v2\/pages\/365\/revisions"}],"predecessor-version":[{"id":3282,"href":"https:\/\/www.schwaben-international.de\/schueleraustausch\/wp-json\/wp\/v2\/pages\/365\/revisions\/3282"}],"up":[{"embeddable":true,"href":"https:\/\/www.schwaben-international.de\/schueleraustausch\/wp-json\/wp\/v2\/pages\/52"}],"wp:attachment":[{"href":"https:\/\/www.schwaben-international.de\/schueleraustausch\/wp-json\/wp\/v2\/media?parent=365"}],"curies":[{"name":"wp","href":"https:\/\/api.w.org\/{rel}","templated":true}]}}