{"id":363,"date":"2016-08-21T20:22:22","date_gmt":"2016-08-21T18:22:22","guid":{"rendered":"http:\/\/www.schwaben-international.de\/schueleraustausch\/?page_id=363"},"modified":"2023-03-23T15:48:44","modified_gmt":"2023-03-23T14:48:44","slug":"brasilien","status":"publish","type":"page","link":"https:\/\/www.schwaben-international.de\/schueleraustausch\/infos\/partnerschulen\/brasilien\/","title":{"rendered":"Partnerschule in Brasilien"},"content":{"rendered":"<h1 class=\"entry-title-post\"><a href=\"https:\/\/www.schwaben-international.de\/schueleraustausch\/2023\/03\/wir-sagen-auf-wiedersehen-nach-33-jahren-geht-eine-aera-zu-ende\/\" rel=\"bookmark\"><span style=\"color: #ff0000\">Wir sagen auf Wiedersehen! \u2013 Nach 33 Jahren geht eine \u00c4ra zu Ende<\/span><\/a><\/h1>\n<h6><\/h6>\n<h1 class=\"entry-title-post\"><span style=\"color: #ff6600\"><a style=\"color: #ff6600\" href=\"https:\/\/www.schwaben-international.de\/schueleraustausch\/2023\/03\/neuer-kooperationspartner-djo-deutschen-jugend-in-europa-landesverband-baden-wuerttemberg\/\" rel=\"bookmark\">Neuer Kooperationspartner djo \u2013 Deutschen Jugend in Europa Landesverband Baden-W\u00fcrttemberg<\/a><\/span><\/h1>\n<p>&nbsp;<\/p>\n<p>&nbsp;<\/p>\n<h2>Pastor Dohms Schule in Porto Alegre<\/h2>\n<p>Die Pastor Dohms Schule in Porto Alegre liegt im Bundesstaat Rio Grande do Sul im S\u00fcden Brasiliens. Die Schule wurde 1931 mit Hilfe der evangelischen Gemeinde vom deutschen Konsulat gegr\u00fcndet. Der Unterricht begann damals mit nur neun Sch\u00fcler*innen. Mit der Ausbreitung des Nationalsozialismus in Deutschland wurde die Schule 1938 geschlossen. Zu dieser Zeit war es in Brasilien auch verboten, Deutsch zu sprechen. Doch schon ein Jahr sp\u00e4ter wurde die Schule wieder ge\u00f6ffnet.<\/p>\n<p><img loading=\"lazy\" decoding=\"async\" class=\"alignleft wp-image-770 size-medium\" src=\"https:\/\/www.schwaben-international.de\/schueleraustausch\/wp-content\/uploads\/sites\/2\/2017\/03\/Pastor_Dohms_Schule_02-370x278.jpg\" alt=\"Pastor Dohms Schule in Porto Alegre\" width=\"370\" height=\"278\" srcset=\"https:\/\/www.schwaben-international.de\/schueleraustausch\/wp-content\/uploads\/sites\/2\/2017\/03\/Pastor_Dohms_Schule_02-370x278.jpg 370w, https:\/\/www.schwaben-international.de\/schueleraustausch\/wp-content\/uploads\/sites\/2\/2017\/03\/Pastor_Dohms_Schule_02-1024x768.jpg 1024w, https:\/\/www.schwaben-international.de\/schueleraustausch\/wp-content\/uploads\/sites\/2\/2017\/03\/Pastor_Dohms_Schule_02-800x600.jpg 800w, https:\/\/www.schwaben-international.de\/schueleraustausch\/wp-content\/uploads\/sites\/2\/2017\/03\/Pastor_Dohms_Schule_02-1200x900.jpg 1200w\" sizes=\"auto, (max-width: 370px) 100vw, 370px\" \/>Die Schule bietet einen regul\u00e4ren und seit 1991 auch einen bilingualen Sprachenzweig an. Bereits im Kindergarten werden sieben Wochenstunden in Deutsch abgehalten. Im regul\u00e4ren Zweig haben die Sch\u00fcler*innen drei Wochenstunden Deutschunterricht. Am Ende beider Zweige stehen verschiedene Sprachpr\u00fcfungen. Die letzte Klasse des bilingualen Zweiges absolviert das Deutsche Sprachdiplom. Dieses gilt als Nachweis der deutschen Sprachkenntnisse f\u00fcr ein Hochschulstudium in Deutschland. Die Sch\u00fcler*innen des bilingualen Zweiges k\u00f6nnen in der 9. Klasse an einem Austausch nach Deutschland teilnehmen. Hier besuchen sie vier Wochen eine deutsche Schule und wohnen bei einer Gastfamilie. In der 11. Klasse k\u00f6nnen Sch\u00fcler*innen beider Zweige auf einer Rundreise K\u00f6ln, Wolfsburg, Berlin, Dresden, <img loading=\"lazy\" decoding=\"async\" class=\"alignleft wp-image-771 size-medium\" src=\"https:\/\/www.schwaben-international.de\/schueleraustausch\/wp-content\/uploads\/sites\/2\/2017\/03\/Pastor_Dohms_Schule_03-370x278.jpg\" alt=\"Pastor Dohms Schule in Porto Alegre\" width=\"370\" height=\"278\" srcset=\"https:\/\/www.schwaben-international.de\/schueleraustausch\/wp-content\/uploads\/sites\/2\/2017\/03\/Pastor_Dohms_Schule_03-370x278.jpg 370w, https:\/\/www.schwaben-international.de\/schueleraustausch\/wp-content\/uploads\/sites\/2\/2017\/03\/Pastor_Dohms_Schule_03-1024x768.jpg 1024w, https:\/\/www.schwaben-international.de\/schueleraustausch\/wp-content\/uploads\/sites\/2\/2017\/03\/Pastor_Dohms_Schule_03-800x600.jpg 800w, https:\/\/www.schwaben-international.de\/schueleraustausch\/wp-content\/uploads\/sites\/2\/2017\/03\/Pastor_Dohms_Schule_03-1200x900.jpg 1200w\" sizes=\"auto, (max-width: 370px) 100vw, 370px\" \/>N\u00fcrnberg, M\u00fcnchen und Stuttgart kennenlernen. Sie besuchen ebenfalls vier Wochen eine deutsche Schule und lernen in dieser Zeit den Alltag in einer Gastfamilie kennen.<\/p>\n<p>Die Pastor Dohms Schule bietet zur F\u00f6rderung der deutschen Kultur- und Sprachkenntnisse zahlreiche Aktivit\u00e4ten an, beispielsweise das Projekt Jugend debattiert, die Deutscholympiade, den Vorlese- und Schreibwettbewerb und das Theaterfestival. Viele Eltern entscheiden sich bewusst f\u00fcr die Pastor Dohms Schule, weil ihnen zum einen die deutsche Sprache wichtig ist und weil sie zum anderen ihren Kindern den Kontakt zur deutschen Kultur erm\u00f6glichen wollen.<\/p>\n<p>Schwaben International organisiert seit 1997 den Sch\u00fcleraustausch f\u00fcr Sch\u00fcler*innen der Pastor Dohms Schule. Jedes Jahr kommt eine Gruppe von Sch\u00fcler*innen im Sommer und eine Gruppe im Winter zum Austausch nach Deutschland.<\/p>\n<p>Weitere Informationen: <strong><a href=\"http:\/\/www.dohms.org.br\" target=\"_blank\" rel=\"noopener noreferrer\">www.dohms.org.br<\/a><\/strong><\/p>\n","protected":false},"excerpt":{"rendered":"<p>Wir sagen auf Wiedersehen! \u2013 Nach 33 Jahren geht eine \u00c4ra zu Ende Neuer Kooperationspartner djo \u2013 Deutschen Jugend in Europa Landesverband Baden-W\u00fcrttemberg &nbsp; &nbsp; Pastor Dohms Schule in Porto Alegre Die Pastor Dohms Schule in Porto Alegre liegt im Bundesstaat Rio Grande do Sul im S\u00fcden Brasiliens. Die Schule wurde 1931 mit Hilfe der evangelischen Gemeinde vom deutschen Konsulat gegr\u00fcndet. Der Unterricht begann damals &hellip; <a href=\"https:\/\/www.schwaben-international.de\/schueleraustausch\/infos\/partnerschulen\/brasilien\/\" class=\"more-link\">weiterlesen <span class=\"screen-reader-text\">Partnerschule in Brasilien<\/span> <span class=\u201emeta-nav\u201c>&raquo;<\/span><\/a><\/p>\n","protected":false},"author":2,"featured_media":0,"parent":52,"menu_order":12,"comment_status":"closed","ping_status":"closed","template":"","meta":{"footnotes":""},"class_list":["post-363","page","type-page","status-publish","hentry"],"yoast_head":"<!-- This site is optimized with the Yoast SEO plugin v25.6 - https:\/\/yoast.com\/wordpress\/plugins\/seo\/ -->\n<title>Partnerschule in Brasilien - Sch\u00fcleraustausch Schwaben International e.V.<\/title>\n<meta name=\"description\" content=\"Schwaben International organisiert den Sch\u00fcleraustausch mit der Pastor Dohms Schule in Brasilien. J\u00e4hrlich kommen Sch\u00fcler zum Austausch nach Deutschland.\" \/>\n<meta name=\"robots\" content=\"index, follow, max-snippet:-1, max-image-preview:large, max-video-preview:-1\" \/>\n<link rel=\"canonical\" href=\"https:\/\/www.schwaben-international.de\/schueleraustausch\/infos\/partnerschulen\/brasilien\/\" \/>\n<meta property=\"og:locale\" content=\"de_DE\" \/>\n<meta property=\"og:type\" content=\"article\" \/>\n<meta property=\"og:title\" content=\"Partnerschule in Brasilien - Sch\u00fcleraustausch Schwaben International e.V.\" \/>\n<meta property=\"og:description\" content=\"Schwaben International organisiert den Sch\u00fcleraustausch mit der Pastor Dohms Schule in Brasilien. J\u00e4hrlich kommen Sch\u00fcler zum Austausch nach Deutschland.\" \/>\n<meta property=\"og:url\" content=\"https:\/\/www.schwaben-international.de\/schueleraustausch\/infos\/partnerschulen\/brasilien\/\" \/>\n<meta property=\"og:site_name\" content=\"Sch\u00fcleraustausch\" \/>\n<meta property=\"article:modified_time\" content=\"2023-03-23T14:48:44+00:00\" \/>\n<meta property=\"og:image\" content=\"https:\/\/www.schwaben-international.de\/schueleraustausch\/wp-content\/uploads\/sites\/2\/2017\/03\/Pastor_Dohms_Schule_02-370x278.jpg\" \/>\n<meta name=\"twitter:card\" content=\"summary_large_image\" \/>\n<meta name=\"twitter:label1\" content=\"Gesch\u00e4tzte Lesezeit\" \/>\n\t<meta name=\"twitter:data1\" content=\"3\u00a0Minuten\" \/>\n<script type=\"application\/ld+json\" class=\"yoast-schema-graph\">{\"@context\":\"https:\/\/schema.org\",\"@graph\":[{\"@type\":\"WebPage\",\"@id\":\"https:\/\/www.schwaben-international.de\/schueleraustausch\/infos\/partnerschulen\/brasilien\/\",\"url\":\"https:\/\/www.schwaben-international.de\/schueleraustausch\/infos\/partnerschulen\/brasilien\/\",\"name\":\"Partnerschule in Brasilien - Sch\u00fcleraustausch Schwaben International e.V.\",\"isPartOf\":{\"@id\":\"https:\/\/www.schwaben-international.de\/schueleraustausch\/#website\"},\"primaryImageOfPage\":{\"@id\":\"https:\/\/www.schwaben-international.de\/schueleraustausch\/infos\/partnerschulen\/brasilien\/#primaryimage\"},\"image\":{\"@id\":\"https:\/\/www.schwaben-international.de\/schueleraustausch\/infos\/partnerschulen\/brasilien\/#primaryimage\"},\"thumbnailUrl\":\"https:\/\/www.schwaben-international.de\/schueleraustausch\/wp-content\/uploads\/sites\/2\/2017\/03\/Pastor_Dohms_Schule_02-370x278.jpg\",\"datePublished\":\"2016-08-21T18:22:22+00:00\",\"dateModified\":\"2023-03-23T14:48:44+00:00\",\"description\":\"Schwaben International organisiert den Sch\u00fcleraustausch mit der Pastor Dohms Schule in Brasilien. J\u00e4hrlich kommen Sch\u00fcler zum Austausch nach Deutschland.\",\"breadcrumb\":{\"@id\":\"https:\/\/www.schwaben-international.de\/schueleraustausch\/infos\/partnerschulen\/brasilien\/#breadcrumb\"},\"inLanguage\":\"de\",\"potentialAction\":[{\"@type\":\"ReadAction\",\"target\":[\"https:\/\/www.schwaben-international.de\/schueleraustausch\/infos\/partnerschulen\/brasilien\/\"]}]},{\"@type\":\"ImageObject\",\"inLanguage\":\"de\",\"@id\":\"https:\/\/www.schwaben-international.de\/schueleraustausch\/infos\/partnerschulen\/brasilien\/#primaryimage\",\"url\":\"https:\/\/www.schwaben-international.de\/schueleraustausch\/wp-content\/uploads\/sites\/2\/2017\/03\/Pastor_Dohms_Schule_02.jpg\",\"contentUrl\":\"https:\/\/www.schwaben-international.de\/schueleraustausch\/wp-content\/uploads\/sites\/2\/2017\/03\/Pastor_Dohms_Schule_02.jpg\",\"width\":2592,\"height\":1944},{\"@type\":\"BreadcrumbList\",\"@id\":\"https:\/\/www.schwaben-international.de\/schueleraustausch\/infos\/partnerschulen\/brasilien\/#breadcrumb\",\"itemListElement\":[{\"@type\":\"ListItem\",\"position\":1,\"name\":\"Startseite\",\"item\":\"https:\/\/www.schwaben-international.de\/schueleraustausch\/\"},{\"@type\":\"ListItem\",\"position\":2,\"name\":\"Allgemeine Infos\",\"item\":\"https:\/\/www.schwaben-international.de\/schueleraustausch\/infos\/\"},{\"@type\":\"ListItem\",\"position\":3,\"name\":\"Partnerschulen und Partnerorganisationen\",\"item\":\"https:\/\/www.schwaben-international.de\/schueleraustausch\/infos\/partnerschulen\/\"},{\"@type\":\"ListItem\",\"position\":4,\"name\":\"Partnerschule in Brasilien\"}]},{\"@type\":\"WebSite\",\"@id\":\"https:\/\/www.schwaben-international.de\/schueleraustausch\/#website\",\"url\":\"https:\/\/www.schwaben-international.de\/schueleraustausch\/\",\"name\":\"Sch\u00fcleraustausch\",\"description\":\"Schwaben International e.V.\",\"publisher\":{\"@id\":\"https:\/\/www.schwaben-international.de\/schueleraustausch\/#organization\"},\"potentialAction\":[{\"@type\":\"SearchAction\",\"target\":{\"@type\":\"EntryPoint\",\"urlTemplate\":\"https:\/\/www.schwaben-international.de\/schueleraustausch\/?s={search_term_string}\"},\"query-input\":{\"@type\":\"PropertyValueSpecification\",\"valueRequired\":true,\"valueName\":\"search_term_string\"}}],\"inLanguage\":\"de\"},{\"@type\":\"Organization\",\"@id\":\"https:\/\/www.schwaben-international.de\/schueleraustausch\/#organization\",\"name\":\"Schwaben International e.V.\",\"url\":\"https:\/\/www.schwaben-international.de\/schueleraustausch\/\",\"logo\":{\"@type\":\"ImageObject\",\"inLanguage\":\"de\",\"@id\":\"https:\/\/www.schwaben-international.de\/schueleraustausch\/#\/schema\/logo\/image\/\",\"url\":\"https:\/\/www.schwaben-international.de\/schueleraustausch\/wp-content\/uploads\/sites\/2\/2016\/08\/logo-1.png\",\"contentUrl\":\"https:\/\/www.schwaben-international.de\/schueleraustausch\/wp-content\/uploads\/sites\/2\/2016\/08\/logo-1.png\",\"width\":300,\"height\":90,\"caption\":\"Schwaben International e.V.\"},\"image\":{\"@id\":\"https:\/\/www.schwaben-international.de\/schueleraustausch\/#\/schema\/logo\/image\/\"}}]}<\/script>\n<!-- \/ Yoast SEO plugin. -->","yoast_head_json":{"title":"Partnerschule in Brasilien - Sch\u00fcleraustausch Schwaben International e.V.","description":"Schwaben International organisiert den Sch\u00fcleraustausch mit der Pastor Dohms Schule in Brasilien. J\u00e4hrlich kommen Sch\u00fcler zum Austausch nach Deutschland.","robots":{"index":"index","follow":"follow","max-snippet":"max-snippet:-1","max-image-preview":"max-image-preview:large","max-video-preview":"max-video-preview:-1"},"canonical":"https:\/\/www.schwaben-international.de\/schueleraustausch\/infos\/partnerschulen\/brasilien\/","og_locale":"de_DE","og_type":"article","og_title":"Partnerschule in Brasilien - Sch\u00fcleraustausch Schwaben International e.V.","og_description":"Schwaben International organisiert den Sch\u00fcleraustausch mit der Pastor Dohms Schule in Brasilien. J\u00e4hrlich kommen Sch\u00fcler zum Austausch nach Deutschland.","og_url":"https:\/\/www.schwaben-international.de\/schueleraustausch\/infos\/partnerschulen\/brasilien\/","og_site_name":"Sch\u00fcleraustausch","article_modified_time":"2023-03-23T14:48:44+00:00","og_image":[{"url":"https:\/\/www.schwaben-international.de\/schueleraustausch\/wp-content\/uploads\/sites\/2\/2017\/03\/Pastor_Dohms_Schule_02-370x278.jpg","type":"","width":"","height":""}],"twitter_card":"summary_large_image","twitter_misc":{"Gesch\u00e4tzte Lesezeit":"3\u00a0Minuten"},"schema":{"@context":"https:\/\/schema.org","@graph":[{"@type":"WebPage","@id":"https:\/\/www.schwaben-international.de\/schueleraustausch\/infos\/partnerschulen\/brasilien\/","url":"https:\/\/www.schwaben-international.de\/schueleraustausch\/infos\/partnerschulen\/brasilien\/","name":"Partnerschule in Brasilien - Sch\u00fcleraustausch Schwaben International e.V.","isPartOf":{"@id":"https:\/\/www.schwaben-international.de\/schueleraustausch\/#website"},"primaryImageOfPage":{"@id":"https:\/\/www.schwaben-international.de\/schueleraustausch\/infos\/partnerschulen\/brasilien\/#primaryimage"},"image":{"@id":"https:\/\/www.schwaben-international.de\/schueleraustausch\/infos\/partnerschulen\/brasilien\/#primaryimage"},"thumbnailUrl":"https:\/\/www.schwaben-international.de\/schueleraustausch\/wp-content\/uploads\/sites\/2\/2017\/03\/Pastor_Dohms_Schule_02-370x278.jpg","datePublished":"2016-08-21T18:22:22+00:00","dateModified":"2023-03-23T14:48:44+00:00","description":"Schwaben International organisiert den Sch\u00fcleraustausch mit der Pastor Dohms Schule in Brasilien. J\u00e4hrlich kommen Sch\u00fcler zum Austausch nach Deutschland.","breadcrumb":{"@id":"https:\/\/www.schwaben-international.de\/schueleraustausch\/infos\/partnerschulen\/brasilien\/#breadcrumb"},"inLanguage":"de","potentialAction":[{"@type":"ReadAction","target":["https:\/\/www.schwaben-international.de\/schueleraustausch\/infos\/partnerschulen\/brasilien\/"]}]},{"@type":"ImageObject","inLanguage":"de","@id":"https:\/\/www.schwaben-international.de\/schueleraustausch\/infos\/partnerschulen\/brasilien\/#primaryimage","url":"https:\/\/www.schwaben-international.de\/schueleraustausch\/wp-content\/uploads\/sites\/2\/2017\/03\/Pastor_Dohms_Schule_02.jpg","contentUrl":"https:\/\/www.schwaben-international.de\/schueleraustausch\/wp-content\/uploads\/sites\/2\/2017\/03\/Pastor_Dohms_Schule_02.jpg","width":2592,"height":1944},{"@type":"BreadcrumbList","@id":"https:\/\/www.schwaben-international.de\/schueleraustausch\/infos\/partnerschulen\/brasilien\/#breadcrumb","itemListElement":[{"@type":"ListItem","position":1,"name":"Startseite","item":"https:\/\/www.schwaben-international.de\/schueleraustausch\/"},{"@type":"ListItem","position":2,"name":"Allgemeine Infos","item":"https:\/\/www.schwaben-international.de\/schueleraustausch\/infos\/"},{"@type":"ListItem","position":3,"name":"Partnerschulen und Partnerorganisationen","item":"https:\/\/www.schwaben-international.de\/schueleraustausch\/infos\/partnerschulen\/"},{"@type":"ListItem","position":4,"name":"Partnerschule in Brasilien"}]},{"@type":"WebSite","@id":"https:\/\/www.schwaben-international.de\/schueleraustausch\/#website","url":"https:\/\/www.schwaben-international.de\/schueleraustausch\/","name":"Sch\u00fcleraustausch","description":"Schwaben International e.V.","publisher":{"@id":"https:\/\/www.schwaben-international.de\/schueleraustausch\/#organization"},"potentialAction":[{"@type":"SearchAction","target":{"@type":"EntryPoint","urlTemplate":"https:\/\/www.schwaben-international.de\/schueleraustausch\/?s={search_term_string}"},"query-input":{"@type":"PropertyValueSpecification","valueRequired":true,"valueName":"search_term_string"}}],"inLanguage":"de"},{"@type":"Organization","@id":"https:\/\/www.schwaben-international.de\/schueleraustausch\/#organization","name":"Schwaben International e.V.","url":"https:\/\/www.schwaben-international.de\/schueleraustausch\/","logo":{"@type":"ImageObject","inLanguage":"de","@id":"https:\/\/www.schwaben-international.de\/schueleraustausch\/#\/schema\/logo\/image\/","url":"https:\/\/www.schwaben-international.de\/schueleraustausch\/wp-content\/uploads\/sites\/2\/2016\/08\/logo-1.png","contentUrl":"https:\/\/www.schwaben-international.de\/schueleraustausch\/wp-content\/uploads\/sites\/2\/2016\/08\/logo-1.png","width":300,"height":90,"caption":"Schwaben International e.V."},"image":{"@id":"https:\/\/www.schwaben-international.de\/schueleraustausch\/#\/schema\/logo\/image\/"}}]}},"_links":{"self":[{"href":"https:\/\/www.schwaben-international.de\/schueleraustausch\/wp-json\/wp\/v2\/pages\/363","targetHints":{"allow":["GET"]}}],"collection":[{"href":"https:\/\/www.schwaben-international.de\/schueleraustausch\/wp-json\/wp\/v2\/pages"}],"about":[{"href":"https:\/\/www.schwaben-international.de\/schueleraustausch\/wp-json\/wp\/v2\/types\/page"}],"author":[{"embeddable":true,"href":"https:\/\/www.schwaben-international.de\/schueleraustausch\/wp-json\/wp\/v2\/users\/2"}],"replies":[{"embeddable":true,"href":"https:\/\/www.schwaben-international.de\/schueleraustausch\/wp-json\/wp\/v2\/comments?post=363"}],"version-history":[{"count":2,"href":"https:\/\/www.schwaben-international.de\/schueleraustausch\/wp-json\/wp\/v2\/pages\/363\/revisions"}],"predecessor-version":[{"id":3284,"href":"https:\/\/www.schwaben-international.de\/schueleraustausch\/wp-json\/wp\/v2\/pages\/363\/revisions\/3284"}],"up":[{"embeddable":true,"href":"https:\/\/www.schwaben-international.de\/schueleraustausch\/wp-json\/wp\/v2\/pages\/52"}],"wp:attachment":[{"href":"https:\/\/www.schwaben-international.de\/schueleraustausch\/wp-json\/wp\/v2\/media?parent=363"}],"curies":[{"name":"wp","href":"https:\/\/api.w.org\/{rel}","templated":true}]}}