{"id":2449,"date":"2020-08-27T12:59:01","date_gmt":"2020-08-27T10:59:01","guid":{"rendered":"https:\/\/www.schwaben-international.de\/schueleraustausch\/?page_id=2449"},"modified":"2022-08-15T16:28:19","modified_gmt":"2022-08-15T14:28:19","slug":"faq-corona","status":"publish","type":"page","link":"https:\/\/www.schwaben-international.de\/schueleraustausch\/haeufig-gestellte-fragen\/faq-corona\/","title":{"rendered":"Corona &#8211; Gastfamilien"},"content":{"rendered":"<p>Es bleibt in der aktuellen Situation ungewiss, ob ein gebuchter Auslandsaufenthalt angetreten werden kann. Dasselbe gilt f\u00fcr die Einreise der Sch\u00fcler*innen aus dem Ausland nach Deutschland. Wahrscheinlich l\u00e4sst sich folgende Regel aufstellen: gibt es stark steigende Neuinfektionszahlen in einem Land, die sich \u00fcber weite Gebiete erstrecken, so ist der Start in den Sch\u00fcleraustausch in den n\u00e4chsten drei Monaten mit hoher Wahrscheinlichkeit nicht m\u00f6glich.<\/p>\n<p><strong>Kann man sich jetzt schon als Gastfamilie anmelden?<br \/>\n<\/strong>Ja. Ihre Anmeldung erm\u00f6glicht uns<em>,<\/em> Sie mit aktuellen Informationen zu versorgen.<\/p>\n<p><strong>Woher beziehen Sie Ihre Informationen \u00fcber die Austausch-L\u00e4nder?<br \/>\n<\/strong>Von der Website des Ausw\u00e4rtigen Amtes. Von unseren Partnerschulen und Partnerorganisationen direkt vor Ort, mit denen wir in st\u00e4ndigem Austausch sind.<\/p>\n<p><strong>Was passiert, wenn die Schulen geschlossen sind, und der Unterricht nur online stattfindet?<br \/>\n<\/strong>Die Anreise zum Austausch ist nur m\u00f6glich, wenn in den Schulen ein Pr\u00e4senzunterricht sattfindet. Wenn sich die Situation w\u00e4hrend des Aufenthaltes ver\u00e4ndert, treten wir mit Ihnen in Kontakt.<\/p>\n<p><strong>Unter welchen Bedingungen ist ein Austausch m\u00f6glich?<br \/>\n<\/strong>Die Teilnehmer*innen m\u00fcssen, die im jeweiligen Zielland geltenden Ma\u00dfnahmen befolgen, z. Bsp. Maskenpflicht, Hygienema\u00dfnahmen und Abstandsregeln, ansonsten muss die Heimreise angetreten werden.<br \/>\nDie Sch\u00fcler*innen sind gegen Masern und zwei Mal gegen Covid-19 geimpft.<br \/>\nDie weiteren Bedingungen werden wir zusammen mit unseren Partnern, abh\u00e4ngig vom Reisetermin und der dann aktuellen Erfordernisse, festlegen und entsprechend dar\u00fcber informieren.<\/p>\n<p><strong>Wie wird entschieden, ob ein Programm stattfindet, oder abgesagt wird?<br \/>\n<\/strong>Auf Grundlage der Informationen des Ausw\u00e4rtigen Amtes und der Einsch\u00e4tzungen und Absprachen mit unseren Partnern vor Ort in S\u00fcd- und Mittelamerika.<\/p>\n<p><strong>Wie wird reagiert, wenn w\u00e4hrend des Aufenthaltes die Infektionszahlen wieder dynamisch ansteigen?<br \/>\n<\/strong>Es gibt keine grunds\u00e4tzliche Handhabung. Manche Infektionsherde sind lokal begrenzt. Wenn sich der Gast nicht mehr wohl f\u00fchlt, oder die Gastfamilie die Verantwortung nicht \u00fcbernehmen will, oder kann, ist eine kostenpflichtige Umbuchung des Fluges zu einem fr\u00fcheren Zeitpunkt, in der Regel m\u00f6glich.<\/p>\n<p><strong>Ist eine Covid 19 Infektion w\u00e4hrend der Reise durch die Auslandkrankenversicherung bei der Dr. Walter GmbH abgesichert?<br \/>\n<\/strong>Eine Infektion durch das Coronavirus w\u00e4hrend der Reise und deren entsprechende medizinische Behandlung ist \u00fcber unsere Auslandskrankenversicherung bei der Dr. Walter GmbH abgesichert.<br \/>\nWeitere aktuelle Informationen finden Sie <a href=\"https:\/\/www.protrip-world.de\/infos\/fragen_und_antworten\" target=\"_blank\" rel=\"noopener noreferrer\">hier<\/a><\/p>\n","protected":false},"excerpt":{"rendered":"<p>Es bleibt in der aktuellen Situation ungewiss, ob ein gebuchter Auslandsaufenthalt angetreten werden kann. Dasselbe gilt f\u00fcr die Einreise der Sch\u00fcler*innen aus dem Ausland nach Deutschland. Wahrscheinlich l\u00e4sst sich folgende Regel aufstellen: gibt es stark steigende Neuinfektionszahlen in einem Land, die sich \u00fcber weite Gebiete erstrecken, so ist der Start in den Sch\u00fcleraustausch in den n\u00e4chsten drei Monaten mit hoher Wahrscheinlichkeit nicht m\u00f6glich. Kann man &hellip; <a href=\"https:\/\/www.schwaben-international.de\/schueleraustausch\/haeufig-gestellte-fragen\/faq-corona\/\" class=\"more-link\">weiterlesen <span class=\"screen-reader-text\">Corona &#8211; Gastfamilien<\/span> <span class=\u201emeta-nav\u201c>&raquo;<\/span><\/a><\/p>\n","protected":false},"author":2,"featured_media":0,"parent":13,"menu_order":31,"comment_status":"closed","ping_status":"closed","template":"","meta":{"footnotes":""},"class_list":["post-2449","page","type-page","status-publish","hentry"],"yoast_head":"<!-- This site is optimized with the Yoast SEO plugin v25.6 - https:\/\/yoast.com\/wordpress\/plugins\/seo\/ -->\n<title>Corona - Gastfamilien - Sch\u00fcleraustausch Schwaben International e.V.<\/title>\n<meta name=\"description\" content=\"Schwaben International e.V., engagiert in Kulturaustausch &amp; V\u00f6lkerverst\u00e4ndigung. Internationaler Sch\u00fcleraustausch ist ein Schwerpunkt unserer T\u00e4tigkeit\" \/>\n<meta name=\"robots\" content=\"index, follow, max-snippet:-1, max-image-preview:large, max-video-preview:-1\" \/>\n<link rel=\"canonical\" href=\"https:\/\/www.schwaben-international.de\/schueleraustausch\/haeufig-gestellte-fragen\/faq-corona\/\" \/>\n<meta property=\"og:locale\" content=\"de_DE\" \/>\n<meta property=\"og:type\" content=\"article\" \/>\n<meta property=\"og:title\" content=\"Corona - Gastfamilien - Sch\u00fcleraustausch Schwaben International e.V.\" \/>\n<meta property=\"og:description\" content=\"Schwaben International e.V., engagiert in Kulturaustausch &amp; V\u00f6lkerverst\u00e4ndigung. Internationaler Sch\u00fcleraustausch ist ein Schwerpunkt unserer T\u00e4tigkeit\" \/>\n<meta property=\"og:url\" content=\"https:\/\/www.schwaben-international.de\/schueleraustausch\/haeufig-gestellte-fragen\/faq-corona\/\" \/>\n<meta property=\"og:site_name\" content=\"Sch\u00fcleraustausch\" \/>\n<meta property=\"article:modified_time\" content=\"2022-08-15T14:28:19+00:00\" \/>\n<meta property=\"og:image\" content=\"https:\/\/www.schwaben-international.de\/schueleraustausch\/wp-content\/uploads\/sites\/2\/2016\/08\/allg-info-01.jpg\" \/>\n\t<meta property=\"og:image:width\" content=\"1200\" \/>\n\t<meta property=\"og:image:height\" content=\"300\" \/>\n\t<meta property=\"og:image:type\" content=\"image\/jpeg\" \/>\n<meta name=\"twitter:card\" content=\"summary_large_image\" \/>\n<meta name=\"twitter:label1\" content=\"Gesch\u00e4tzte Lesezeit\" \/>\n\t<meta name=\"twitter:data1\" content=\"2\u00a0Minuten\" \/>\n<script type=\"application\/ld+json\" class=\"yoast-schema-graph\">{\"@context\":\"https:\/\/schema.org\",\"@graph\":[{\"@type\":\"WebPage\",\"@id\":\"https:\/\/www.schwaben-international.de\/schueleraustausch\/haeufig-gestellte-fragen\/faq-corona\/\",\"url\":\"https:\/\/www.schwaben-international.de\/schueleraustausch\/haeufig-gestellte-fragen\/faq-corona\/\",\"name\":\"Corona - Gastfamilien - Sch\u00fcleraustausch Schwaben International e.V.\",\"isPartOf\":{\"@id\":\"https:\/\/www.schwaben-international.de\/schueleraustausch\/#website\"},\"datePublished\":\"2020-08-27T10:59:01+00:00\",\"dateModified\":\"2022-08-15T14:28:19+00:00\",\"description\":\"Schwaben International e.V., engagiert in Kulturaustausch & V\u00f6lkerverst\u00e4ndigung. Internationaler Sch\u00fcleraustausch ist ein Schwerpunkt unserer T\u00e4tigkeit\",\"breadcrumb\":{\"@id\":\"https:\/\/www.schwaben-international.de\/schueleraustausch\/haeufig-gestellte-fragen\/faq-corona\/#breadcrumb\"},\"inLanguage\":\"de\",\"potentialAction\":[{\"@type\":\"ReadAction\",\"target\":[\"https:\/\/www.schwaben-international.de\/schueleraustausch\/haeufig-gestellte-fragen\/faq-corona\/\"]}]},{\"@type\":\"BreadcrumbList\",\"@id\":\"https:\/\/www.schwaben-international.de\/schueleraustausch\/haeufig-gestellte-fragen\/faq-corona\/#breadcrumb\",\"itemListElement\":[{\"@type\":\"ListItem\",\"position\":1,\"name\":\"Startseite\",\"item\":\"https:\/\/www.schwaben-international.de\/schueleraustausch\/\"},{\"@type\":\"ListItem\",\"position\":2,\"name\":\"FAQ\",\"item\":\"https:\/\/www.schwaben-international.de\/schueleraustausch\/haeufig-gestellte-fragen\/\"},{\"@type\":\"ListItem\",\"position\":3,\"name\":\"Corona &#8211; Gastfamilien\"}]},{\"@type\":\"WebSite\",\"@id\":\"https:\/\/www.schwaben-international.de\/schueleraustausch\/#website\",\"url\":\"https:\/\/www.schwaben-international.de\/schueleraustausch\/\",\"name\":\"Sch\u00fcleraustausch\",\"description\":\"Schwaben International e.V.\",\"publisher\":{\"@id\":\"https:\/\/www.schwaben-international.de\/schueleraustausch\/#organization\"},\"potentialAction\":[{\"@type\":\"SearchAction\",\"target\":{\"@type\":\"EntryPoint\",\"urlTemplate\":\"https:\/\/www.schwaben-international.de\/schueleraustausch\/?s={search_term_string}\"},\"query-input\":{\"@type\":\"PropertyValueSpecification\",\"valueRequired\":true,\"valueName\":\"search_term_string\"}}],\"inLanguage\":\"de\"},{\"@type\":\"Organization\",\"@id\":\"https:\/\/www.schwaben-international.de\/schueleraustausch\/#organization\",\"name\":\"Schwaben International e.V.\",\"url\":\"https:\/\/www.schwaben-international.de\/schueleraustausch\/\",\"logo\":{\"@type\":\"ImageObject\",\"inLanguage\":\"de\",\"@id\":\"https:\/\/www.schwaben-international.de\/schueleraustausch\/#\/schema\/logo\/image\/\",\"url\":\"https:\/\/www.schwaben-international.de\/schueleraustausch\/wp-content\/uploads\/sites\/2\/2016\/08\/logo-1.png\",\"contentUrl\":\"https:\/\/www.schwaben-international.de\/schueleraustausch\/wp-content\/uploads\/sites\/2\/2016\/08\/logo-1.png\",\"width\":300,\"height\":90,\"caption\":\"Schwaben International e.V.\"},\"image\":{\"@id\":\"https:\/\/www.schwaben-international.de\/schueleraustausch\/#\/schema\/logo\/image\/\"}}]}<\/script>\n<!-- \/ Yoast SEO plugin. -->","yoast_head_json":{"title":"Corona - Gastfamilien - Sch\u00fcleraustausch Schwaben International e.V.","description":"Schwaben International e.V., engagiert in Kulturaustausch & V\u00f6lkerverst\u00e4ndigung. Internationaler Sch\u00fcleraustausch ist ein Schwerpunkt unserer T\u00e4tigkeit","robots":{"index":"index","follow":"follow","max-snippet":"max-snippet:-1","max-image-preview":"max-image-preview:large","max-video-preview":"max-video-preview:-1"},"canonical":"https:\/\/www.schwaben-international.de\/schueleraustausch\/haeufig-gestellte-fragen\/faq-corona\/","og_locale":"de_DE","og_type":"article","og_title":"Corona - Gastfamilien - Sch\u00fcleraustausch Schwaben International e.V.","og_description":"Schwaben International e.V., engagiert in Kulturaustausch & V\u00f6lkerverst\u00e4ndigung. Internationaler Sch\u00fcleraustausch ist ein Schwerpunkt unserer T\u00e4tigkeit","og_url":"https:\/\/www.schwaben-international.de\/schueleraustausch\/haeufig-gestellte-fragen\/faq-corona\/","og_site_name":"Sch\u00fcleraustausch","article_modified_time":"2022-08-15T14:28:19+00:00","og_image":[{"width":1200,"height":300,"url":"https:\/\/www.schwaben-international.de\/schueleraustausch\/wp-content\/uploads\/sites\/2\/2016\/08\/allg-info-01.jpg","type":"image\/jpeg"}],"twitter_card":"summary_large_image","twitter_misc":{"Gesch\u00e4tzte Lesezeit":"2\u00a0Minuten"},"schema":{"@context":"https:\/\/schema.org","@graph":[{"@type":"WebPage","@id":"https:\/\/www.schwaben-international.de\/schueleraustausch\/haeufig-gestellte-fragen\/faq-corona\/","url":"https:\/\/www.schwaben-international.de\/schueleraustausch\/haeufig-gestellte-fragen\/faq-corona\/","name":"Corona - Gastfamilien - Sch\u00fcleraustausch Schwaben International e.V.","isPartOf":{"@id":"https:\/\/www.schwaben-international.de\/schueleraustausch\/#website"},"datePublished":"2020-08-27T10:59:01+00:00","dateModified":"2022-08-15T14:28:19+00:00","description":"Schwaben International e.V., engagiert in Kulturaustausch & V\u00f6lkerverst\u00e4ndigung. Internationaler Sch\u00fcleraustausch ist ein Schwerpunkt unserer T\u00e4tigkeit","breadcrumb":{"@id":"https:\/\/www.schwaben-international.de\/schueleraustausch\/haeufig-gestellte-fragen\/faq-corona\/#breadcrumb"},"inLanguage":"de","potentialAction":[{"@type":"ReadAction","target":["https:\/\/www.schwaben-international.de\/schueleraustausch\/haeufig-gestellte-fragen\/faq-corona\/"]}]},{"@type":"BreadcrumbList","@id":"https:\/\/www.schwaben-international.de\/schueleraustausch\/haeufig-gestellte-fragen\/faq-corona\/#breadcrumb","itemListElement":[{"@type":"ListItem","position":1,"name":"Startseite","item":"https:\/\/www.schwaben-international.de\/schueleraustausch\/"},{"@type":"ListItem","position":2,"name":"FAQ","item":"https:\/\/www.schwaben-international.de\/schueleraustausch\/haeufig-gestellte-fragen\/"},{"@type":"ListItem","position":3,"name":"Corona &#8211; Gastfamilien"}]},{"@type":"WebSite","@id":"https:\/\/www.schwaben-international.de\/schueleraustausch\/#website","url":"https:\/\/www.schwaben-international.de\/schueleraustausch\/","name":"Sch\u00fcleraustausch","description":"Schwaben International e.V.","publisher":{"@id":"https:\/\/www.schwaben-international.de\/schueleraustausch\/#organization"},"potentialAction":[{"@type":"SearchAction","target":{"@type":"EntryPoint","urlTemplate":"https:\/\/www.schwaben-international.de\/schueleraustausch\/?s={search_term_string}"},"query-input":{"@type":"PropertyValueSpecification","valueRequired":true,"valueName":"search_term_string"}}],"inLanguage":"de"},{"@type":"Organization","@id":"https:\/\/www.schwaben-international.de\/schueleraustausch\/#organization","name":"Schwaben International e.V.","url":"https:\/\/www.schwaben-international.de\/schueleraustausch\/","logo":{"@type":"ImageObject","inLanguage":"de","@id":"https:\/\/www.schwaben-international.de\/schueleraustausch\/#\/schema\/logo\/image\/","url":"https:\/\/www.schwaben-international.de\/schueleraustausch\/wp-content\/uploads\/sites\/2\/2016\/08\/logo-1.png","contentUrl":"https:\/\/www.schwaben-international.de\/schueleraustausch\/wp-content\/uploads\/sites\/2\/2016\/08\/logo-1.png","width":300,"height":90,"caption":"Schwaben International e.V."},"image":{"@id":"https:\/\/www.schwaben-international.de\/schueleraustausch\/#\/schema\/logo\/image\/"}}]}},"_links":{"self":[{"href":"https:\/\/www.schwaben-international.de\/schueleraustausch\/wp-json\/wp\/v2\/pages\/2449","targetHints":{"allow":["GET"]}}],"collection":[{"href":"https:\/\/www.schwaben-international.de\/schueleraustausch\/wp-json\/wp\/v2\/pages"}],"about":[{"href":"https:\/\/www.schwaben-international.de\/schueleraustausch\/wp-json\/wp\/v2\/types\/page"}],"author":[{"embeddable":true,"href":"https:\/\/www.schwaben-international.de\/schueleraustausch\/wp-json\/wp\/v2\/users\/2"}],"replies":[{"embeddable":true,"href":"https:\/\/www.schwaben-international.de\/schueleraustausch\/wp-json\/wp\/v2\/comments?post=2449"}],"version-history":[{"count":2,"href":"https:\/\/www.schwaben-international.de\/schueleraustausch\/wp-json\/wp\/v2\/pages\/2449\/revisions"}],"predecessor-version":[{"id":3159,"href":"https:\/\/www.schwaben-international.de\/schueleraustausch\/wp-json\/wp\/v2\/pages\/2449\/revisions\/3159"}],"up":[{"embeddable":true,"href":"https:\/\/www.schwaben-international.de\/schueleraustausch\/wp-json\/wp\/v2\/pages\/13"}],"wp:attachment":[{"href":"https:\/\/www.schwaben-international.de\/schueleraustausch\/wp-json\/wp\/v2\/media?parent=2449"}],"curies":[{"name":"wp","href":"https:\/\/api.w.org\/{rel}","templated":true}]}}