{"id":223,"date":"2016-03-21T22:43:19","date_gmt":"2016-03-21T21:43:19","guid":{"rendered":"http:\/\/www.schwaben-international.de\/schueleraustausch\/?page_id=223"},"modified":"2023-03-23T15:53:17","modified_gmt":"2023-03-23T14:53:17","slug":"auslandsaufenthalt-chile","status":"publish","type":"page","link":"https:\/\/www.schwaben-international.de\/schueleraustausch\/laender-und-termine\/chile\/auslandsaufenthalt-chile\/","title":{"rendered":"Chile Auslandsaufenthalt"},"content":{"rendered":"<h1 class=\"entry-title-post\"><a href=\"https:\/\/www.schwaben-international.de\/schueleraustausch\/2023\/03\/wir-sagen-auf-wiedersehen-nach-33-jahren-geht-eine-aera-zu-ende\/\" rel=\"bookmark\"><span style=\"color: #ff0000\">Wir sagen auf Wiedersehen! \u2013 Nach 33 Jahren geht eine \u00c4ra zu Ende<\/span><\/a><\/h1>\n<h6><\/h6>\n<h1 class=\"entry-title-post\"><a href=\"https:\/\/www.schwaben-international.de\/schueleraustausch\/2023\/03\/neuer-kooperationspartner-djo-deutschen-jugend-in-europa-landesverband-baden-wuerttemberg\/\" rel=\"bookmark\"><span style=\"color: #ff6600\">Neuer Kooperationspartner djo \u2013 Deutschen Jugend in Europa Landesverband Baden-W\u00fcrttemberg<\/span><\/a><\/h1>\n<p>&nbsp;<\/p>\n<p>&nbsp;<\/p>\n<h1><strong>Auslandsaufenthalt Chile<\/strong><\/h1>\n<h2 class=\"entry-title-page\"><a href=\"https:\/\/www.schwaben-international.de\/schueleraustausch\/laender-und-termine\/chile\/auslandsaufenthalt-chile\/\" target=\"_blank\" rel=\"noopener noreferrer\">Chile Auslandsaufenthalt<\/a><\/h2>\n<p><a href=\"https:\/\/www.schwaben-international.de\/schueleraustausch\/infos\/partnerschulen\/chile\/#c_anwandter\">Deutsche Schule Carlos Anwandter, Valdivia<\/a><\/p>\n<p><strong><span style=\"color: #ff0000\">Im Sommer 2023 ist kein Auslandsaufenthalt in Chile geplant.<br \/>\nGrund daf\u00fcr ist die Absage der<\/span><span style=\"color: #ff0000\"> Sch\u00fcleraustauschgruppe aus Chile im Januar 2023.<\/span><\/strong><br \/>\n<strong><br \/>\n<\/strong>Schwaben International bietet f\u00fcr die Teilnehmer*innen ein Vor- und ein Nachbereitungstreffen an.<br \/>\nDie Jugendlichen fliegen als Gruppe unbegleitet nach Chile.<br \/>\nAn der Schule gibt es Ansprechpartner f\u00fcr die Teilnehmer unserer Auslandsaufenthalt Programme.<\/p>\n<p>Durchf\u00fchrung des Programms in Zusammenarbeit mit unserem Partner dem Deutsch-Chilenischen Bund in Santiago de Chile mit Ansprechpartner Vorort.<\/p>\n\n\t\t<!-- MasterSlider -->\n\t\t<div id=\"P_MS69e73b0a814df\" class=\"master-slider-parent msl cslider  ms-parent-id-2\" style=\"max-width:370px;\">\n\n\t\t\t\n\t\t\t<!-- MasterSlider Main -->\n\t\t\t<div id=\"MS69e73b0a814df\" class=\"master-slider ms-skin-default\" >\n\t\t\t\t \t\t\t\t \n\t\t\t\t<div  class=\"ms-slide\" data-delay=\"4\" data-fill-mode=\"center\"  >\n\t\t\t\t\t<img decoding=\"async\" src=\"https:\/\/www.schwaben-international.de\/schueleraustausch\/wp-content\/plugins\/master-slider\/public\/assets\/css\/blank.gif\" alt=\"Impressionen aus Chile\" title=\"\" data-src=\"https:\/\/www.schwaben-international.de\/schueleraustausch\/wp-content\/uploads\/sites\/2\/2016\/09\/chile-01.jpg\" \/>\n\n\n\t<div class=\"ms-thumb\" ><div class=\"ms-tab-context\"><div class=\"&quot;ms-tab-context&quot;\"><\/div><\/div>\n<\/div>\n\t\t\t\t<\/div>\n\t\t\t\t<div  class=\"ms-slide\" data-delay=\"4\" data-fill-mode=\"center\"  >\n\t\t\t\t\t<img decoding=\"async\" src=\"https:\/\/www.schwaben-international.de\/schueleraustausch\/wp-content\/plugins\/master-slider\/public\/assets\/css\/blank.gif\" alt=\"\" title=\"\" data-src=\"https:\/\/www.schwaben-international.de\/schueleraustausch\/wp-content\/uploads\/sites\/2\/2016\/09\/chile-02.jpg\" \/>\n\n\n\t<div class=\"ms-thumb\" ><div class=\"ms-tab-context\"><div class=\"&quot;ms-tab-context&quot;\"><\/div><\/div>\n<\/div>\n\t\t\t\t<\/div>\n\t\t\t\t<div  class=\"ms-slide\" data-delay=\"4\" data-fill-mode=\"center\"  >\n\t\t\t\t\t<img decoding=\"async\" src=\"https:\/\/www.schwaben-international.de\/schueleraustausch\/wp-content\/plugins\/master-slider\/public\/assets\/css\/blank.gif\" alt=\"\" title=\"\" data-src=\"https:\/\/www.schwaben-international.de\/schueleraustausch\/wp-content\/uploads\/sites\/2\/2016\/09\/chile-03.jpg\" \/>\n\n\n\t<div class=\"ms-thumb\" ><div class=\"ms-tab-context\"><div class=\"&quot;ms-tab-context&quot;\"><\/div><\/div>\n<\/div>\n\t\t\t\t<\/div>\n\t\t\t\t<div  class=\"ms-slide\" data-delay=\"4\" data-fill-mode=\"center\"  >\n\t\t\t\t\t<img decoding=\"async\" src=\"https:\/\/www.schwaben-international.de\/schueleraustausch\/wp-content\/plugins\/master-slider\/public\/assets\/css\/blank.gif\" alt=\"\" title=\"\" data-src=\"https:\/\/www.schwaben-international.de\/schueleraustausch\/wp-content\/uploads\/sites\/2\/2016\/09\/chile-04.jpg\" \/>\n\n\n\t<div class=\"ms-thumb\" ><div class=\"ms-tab-context\"><div class=\"&quot;ms-tab-context&quot;\"><\/div><\/div>\n<\/div>\n\t\t\t\t<\/div>\n\t\t\t\t<div  class=\"ms-slide\" data-delay=\"4\" data-fill-mode=\"center\"  >\n\t\t\t\t\t<img decoding=\"async\" src=\"https:\/\/www.schwaben-international.de\/schueleraustausch\/wp-content\/plugins\/master-slider\/public\/assets\/css\/blank.gif\" alt=\"\" title=\"\" data-src=\"https:\/\/www.schwaben-international.de\/schueleraustausch\/wp-content\/uploads\/sites\/2\/2016\/09\/chile-06-370x278.jpg\" \/>\n\n\n\t<div class=\"ms-thumb\" ><div class=\"ms-tab-context\"><div class=\"&quot;ms-tab-context&quot;\"><\/div><\/div>\n<\/div>\n\t\t\t\t<\/div>\n\t\t\t\t<div  class=\"ms-slide\" data-delay=\"4\" data-fill-mode=\"center\"  >\n\t\t\t\t\t<img decoding=\"async\" src=\"https:\/\/www.schwaben-international.de\/schueleraustausch\/wp-content\/plugins\/master-slider\/public\/assets\/css\/blank.gif\" alt=\"\" title=\"\" data-src=\"https:\/\/www.schwaben-international.de\/schueleraustausch\/wp-content\/uploads\/sites\/2\/2016\/09\/chile-05.jpg\" \/>\n\n\n\t<div class=\"ms-thumb\" ><div class=\"ms-tab-context\"><div class=\"&quot;ms-tab-context&quot;\"><\/div><\/div>\n<\/div>\n\t\t\t\t<\/div>\n\t\t\t\t<div  class=\"ms-slide\" data-delay=\"4\" data-fill-mode=\"center\"  >\n\t\t\t\t\t<img decoding=\"async\" src=\"https:\/\/www.schwaben-international.de\/schueleraustausch\/wp-content\/plugins\/master-slider\/public\/assets\/css\/blank.gif\" alt=\"\" title=\"\" data-src=\"https:\/\/www.schwaben-international.de\/schueleraustausch\/wp-content\/uploads\/sites\/2\/2016\/09\/chile-07.jpg\" \/>\n\n\n\t<div class=\"ms-thumb\" ><div class=\"ms-tab-context\"><div class=\"&quot;ms-tab-context&quot;\"><\/div><\/div>\n<\/div>\n\t\t\t\t<\/div>\n\t\t\t\t<div  class=\"ms-slide\" data-delay=\"4\" data-fill-mode=\"center\"  >\n\t\t\t\t\t<img decoding=\"async\" src=\"https:\/\/www.schwaben-international.de\/schueleraustausch\/wp-content\/plugins\/master-slider\/public\/assets\/css\/blank.gif\" alt=\"\" title=\"\" data-src=\"https:\/\/www.schwaben-international.de\/schueleraustausch\/wp-content\/uploads\/sites\/2\/2016\/09\/chile-08.jpg\" \/>\n\n\n\t<div class=\"ms-thumb\" ><div class=\"ms-tab-context\"><div class=\"&quot;ms-tab-context&quot;\"><\/div><\/div>\n<\/div>\n\t\t\t\t<\/div>\n\t\t\t\t<div  class=\"ms-slide\" data-delay=\"4\" data-fill-mode=\"center\"  >\n\t\t\t\t\t<img decoding=\"async\" src=\"https:\/\/www.schwaben-international.de\/schueleraustausch\/wp-content\/plugins\/master-slider\/public\/assets\/css\/blank.gif\" alt=\"\" title=\"\" data-src=\"https:\/\/www.schwaben-international.de\/schueleraustausch\/wp-content\/uploads\/sites\/2\/2016\/09\/chile-10.jpg\" \/>\n\n\n\t<div class=\"ms-thumb\" ><div class=\"ms-tab-context\"><div class=\"&quot;ms-tab-context&quot;\"><\/div><\/div>\n<\/div>\n\t\t\t\t<\/div>\n\t\t\t\t<div  class=\"ms-slide\" data-delay=\"4\" data-fill-mode=\"center\"  >\n\t\t\t\t\t<img decoding=\"async\" src=\"https:\/\/www.schwaben-international.de\/schueleraustausch\/wp-content\/plugins\/master-slider\/public\/assets\/css\/blank.gif\" alt=\"\" title=\"\" data-src=\"https:\/\/www.schwaben-international.de\/schueleraustausch\/wp-content\/uploads\/sites\/2\/2016\/09\/chile-09.jpg\" \/>\n\n\n\t<div class=\"ms-thumb\" ><div class=\"ms-tab-context\"><div class=\"&quot;ms-tab-context&quot;\"><\/div><\/div>\n<\/div>\n\t\t\t\t<\/div>\n\t\t\t\t<div  class=\"ms-slide\" data-delay=\"4\" data-fill-mode=\"center\"  >\n\t\t\t\t\t<img decoding=\"async\" src=\"https:\/\/www.schwaben-international.de\/schueleraustausch\/wp-content\/plugins\/master-slider\/public\/assets\/css\/blank.gif\" alt=\"\" title=\"\" data-src=\"https:\/\/www.schwaben-international.de\/schueleraustausch\/wp-content\/uploads\/sites\/2\/2016\/09\/chile-11.jpg\" \/>\n\n\n\t<div class=\"ms-thumb\" ><div class=\"ms-tab-context\"><div class=\"&quot;ms-tab-context&quot;\"><\/div><\/div>\n<\/div>\n\t\t\t\t<\/div>\n\n\t\t\t<\/div>\n\t\t\t<!-- END MasterSlider Main -->\n\n\t\t\t \n\t\t<\/div>\n\t\t<!-- END MasterSlider -->\n\n\t\t<script>\n\t\t(function ( $ ) {\n\t\t\t\"use strict\";\n\n\t\t\t$(function () {\n\t\t\t\tvar masterslider_14df = new MasterSlider();\n\n\t\t\t\t\/\/ slider controls\n\t\t\t\tmasterslider_14df.control('arrows'     ,{ autohide:true, overVideo:false  });\n\t\t\t\t\/\/ slider setup\n\t\t\t\tmasterslider_14df.setup(\"MS69e73b0a814df\", {\n\t\t\t\t\t\twidth           : 370,\n\t\t\t\t\t\theight          : 278,\n\t\t\t\t\t\tminHeight       : 0,\n\t\t\t\t\t\tspace           : 0,\n\t\t\t\t\t\tstart           : 1,\n\t\t\t\t\t\tgrabCursor      : true,\n\t\t\t\t\t\tswipe           : true,\n\t\t\t\t\t\tmouse           : true,\n\t\t\t\t\t\tlayout          : \"boxed\",\n\t\t\t\t\t\twheel           : false,\n\t\t\t\t\t\tautoplay        : true,\n\t\t\t\t\t\tinstantStartLayers:false,\n\t\t\t\t\t\tloop            : true,\n\t\t\t\t\t\tshuffle         : true,\n\t\t\t\t\t\tpreload         : 0,\n\t\t\t\t\t\theightLimit     : true,\n\t\t\t\t\t\tautoHeight      : false,\n\t\t\t\t\t\tsmoothHeight    : true,\n\t\t\t\t\t\tendPause        : false,\n\t\t\t\t\t\toverPause       : true,\n\t\t\t\t\t\tfillMode        : \"fill\",\n\t\t\t\t\t\tcenterControls  : true,\n\t\t\t\t\t\tstartOnAppear   : true,\n\t\t\t\t\t\tlayersMode      : \"center\",\n\t\t\t\t\t\thideLayers      : false,\n\t\t\t\t\t\tfullscreenMargin: 0,\n\t\t\t\t\t\tspeed           : 20,\n\t\t\t\t\t\tdir             : \"h\",\n\t\t\t\t\t\tparallaxMode    : 'swipe',\n\t\t\t\t\t\tview            : \"fade\"\n\t\t\t\t});\n\n\t\t\t\t\n\t\t\t\twindow.masterslider_instances = window.masterslider_instances || [];\n\t\t\t\twindow.masterslider_instances.push( masterslider_14df );\n\t\t\t });\n\n\t\t})(jQuery);\n\t\t<\/script>\n\n\n<p>Die Jugendlichen fliegen zusammen vom Frankfurter Flughafen \u00fcber Sao Paulo und Santiago de Chile nach Valdivia. Am Flughafen Valdivia werden sie von ihren Gasteltern erwartet. W\u00e4hrend des Aufenthaltes in Chile leben die Jugendlichen in Gastfamilien und besuchen den regul\u00e4ren Schulunterricht.<\/p>\n<p>Optional besteht die M\u00f6glichkeit, an einer 7-t\u00e4gigen touristischen Reise in den Norden Chiles teilzunehmen. Mit dem Flugzeug geht es von Santiago in die Atacama W\u00fcste zu verschiedenen Sehensw\u00fcrdigkeiten z.B. die W\u00fcstenstadt San Pedro de Atacama, die Naturschutzgebiete Valle de la Luna und Valle de la Muerte, den Geysiren des Vulkans Tatio und<br \/>\nden Atacama-Salzseen.<\/p>\n<p>Bei Auslandsaufenthalten, die von unserem Termin abweichen, muss der Termin vorab mit der Gastfamilie und \u00fcber uns mit der Schule abgesprochen werden. Wir vermitteln den Kontakt zwischen den Interessierten am individuellen Auslandsaufenthalt, um sich \u00fcber gemeinsame Flugdaten zu verst\u00e4ndigen.<\/p>\n","protected":false},"excerpt":{"rendered":"<p>Wir sagen auf Wiedersehen! \u2013 Nach 33 Jahren geht eine \u00c4ra zu Ende Neuer Kooperationspartner djo \u2013 Deutschen Jugend in Europa Landesverband Baden-W\u00fcrttemberg &nbsp; &nbsp; Auslandsaufenthalt Chile Chile Auslandsaufenthalt Deutsche Schule Carlos Anwandter, Valdivia Im Sommer 2023 ist kein Auslandsaufenthalt in Chile geplant. Grund daf\u00fcr ist die Absage der Sch\u00fcleraustauschgruppe aus Chile im Januar 2023. Schwaben International bietet f\u00fcr die Teilnehmer*innen ein Vor- und ein &hellip; <a href=\"https:\/\/www.schwaben-international.de\/schueleraustausch\/laender-und-termine\/chile\/auslandsaufenthalt-chile\/\" class=\"more-link\">weiterlesen <span class=\"screen-reader-text\">Chile Auslandsaufenthalt<\/span> <span class=\u201emeta-nav\u201c>&raquo;<\/span><\/a><\/p>\n","protected":false},"author":2,"featured_media":0,"parent":98,"menu_order":6,"comment_status":"closed","ping_status":"closed","template":"","meta":{"footnotes":""},"class_list":["post-223","page","type-page","status-publish","hentry"],"yoast_head":"<!-- This site is optimized with the Yoast SEO plugin v25.6 - https:\/\/yoast.com\/wordpress\/plugins\/seo\/ -->\n<title>Chile Auslandsaufenthalt - Sch\u00fcleraustausch Schwaben International e.V.<\/title>\n<meta name=\"description\" content=\"Viele Kinder unserer Gastfamilien w\u00fcnschen sich nach Aufnahme eines Sch\u00fclers einen Gegenaustausch (Gegenbesuch) bei ihren Gastgeschwistern in Chile.\" \/>\n<meta name=\"robots\" content=\"index, follow, max-snippet:-1, max-image-preview:large, max-video-preview:-1\" \/>\n<link rel=\"canonical\" href=\"https:\/\/www.schwaben-international.de\/schueleraustausch\/laender-und-termine\/chile\/auslandsaufenthalt-chile\/\" \/>\n<meta property=\"og:locale\" content=\"de_DE\" \/>\n<meta property=\"og:type\" content=\"article\" \/>\n<meta property=\"og:title\" content=\"Chile Auslandsaufenthalt - Sch\u00fcleraustausch Schwaben International e.V.\" \/>\n<meta property=\"og:description\" content=\"Viele Kinder unserer Gastfamilien w\u00fcnschen sich nach Aufnahme eines Sch\u00fclers einen Gegenaustausch (Gegenbesuch) bei ihren Gastgeschwistern in Chile.\" \/>\n<meta property=\"og:url\" content=\"https:\/\/www.schwaben-international.de\/schueleraustausch\/laender-und-termine\/chile\/auslandsaufenthalt-chile\/\" \/>\n<meta property=\"og:site_name\" content=\"Sch\u00fcleraustausch\" \/>\n<meta property=\"article:modified_time\" content=\"2023-03-23T14:53:17+00:00\" \/>\n<meta property=\"og:image\" content=\"https:\/\/www.schwaben-international.de\/schueleraustausch\/wp-content\/uploads\/sites\/2\/2016\/08\/allg-info-01.jpg\" \/>\n\t<meta property=\"og:image:width\" content=\"1200\" \/>\n\t<meta property=\"og:image:height\" content=\"300\" \/>\n\t<meta property=\"og:image:type\" content=\"image\/jpeg\" \/>\n<meta name=\"twitter:card\" content=\"summary_large_image\" \/>\n<meta name=\"twitter:label1\" content=\"Gesch\u00e4tzte Lesezeit\" \/>\n\t<meta name=\"twitter:data1\" content=\"2\u00a0Minuten\" \/>\n<script type=\"application\/ld+json\" class=\"yoast-schema-graph\">{\"@context\":\"https:\/\/schema.org\",\"@graph\":[{\"@type\":\"WebPage\",\"@id\":\"https:\/\/www.schwaben-international.de\/schueleraustausch\/laender-und-termine\/chile\/auslandsaufenthalt-chile\/\",\"url\":\"https:\/\/www.schwaben-international.de\/schueleraustausch\/laender-und-termine\/chile\/auslandsaufenthalt-chile\/\",\"name\":\"Chile Auslandsaufenthalt - Sch\u00fcleraustausch Schwaben International e.V.\",\"isPartOf\":{\"@id\":\"https:\/\/www.schwaben-international.de\/schueleraustausch\/#website\"},\"datePublished\":\"2016-03-21T21:43:19+00:00\",\"dateModified\":\"2023-03-23T14:53:17+00:00\",\"description\":\"Viele Kinder unserer Gastfamilien w\u00fcnschen sich nach Aufnahme eines Sch\u00fclers einen Gegenaustausch (Gegenbesuch) bei ihren Gastgeschwistern in Chile.\",\"breadcrumb\":{\"@id\":\"https:\/\/www.schwaben-international.de\/schueleraustausch\/laender-und-termine\/chile\/auslandsaufenthalt-chile\/#breadcrumb\"},\"inLanguage\":\"de\",\"potentialAction\":[{\"@type\":\"ReadAction\",\"target\":[\"https:\/\/www.schwaben-international.de\/schueleraustausch\/laender-und-termine\/chile\/auslandsaufenthalt-chile\/\"]}]},{\"@type\":\"BreadcrumbList\",\"@id\":\"https:\/\/www.schwaben-international.de\/schueleraustausch\/laender-und-termine\/chile\/auslandsaufenthalt-chile\/#breadcrumb\",\"itemListElement\":[{\"@type\":\"ListItem\",\"position\":1,\"name\":\"Startseite\",\"item\":\"https:\/\/www.schwaben-international.de\/schueleraustausch\/\"},{\"@type\":\"ListItem\",\"position\":2,\"name\":\"L\u00e4nder und Termine\",\"item\":\"https:\/\/www.schwaben-international.de\/schueleraustausch\/laender-und-termine\/\"},{\"@type\":\"ListItem\",\"position\":3,\"name\":\"Chile\",\"item\":\"https:\/\/www.schwaben-international.de\/schueleraustausch\/laender-und-termine\/chile\/\"},{\"@type\":\"ListItem\",\"position\":4,\"name\":\"Chile Auslandsaufenthalt\"}]},{\"@type\":\"WebSite\",\"@id\":\"https:\/\/www.schwaben-international.de\/schueleraustausch\/#website\",\"url\":\"https:\/\/www.schwaben-international.de\/schueleraustausch\/\",\"name\":\"Sch\u00fcleraustausch\",\"description\":\"Schwaben International e.V.\",\"publisher\":{\"@id\":\"https:\/\/www.schwaben-international.de\/schueleraustausch\/#organization\"},\"potentialAction\":[{\"@type\":\"SearchAction\",\"target\":{\"@type\":\"EntryPoint\",\"urlTemplate\":\"https:\/\/www.schwaben-international.de\/schueleraustausch\/?s={search_term_string}\"},\"query-input\":{\"@type\":\"PropertyValueSpecification\",\"valueRequired\":true,\"valueName\":\"search_term_string\"}}],\"inLanguage\":\"de\"},{\"@type\":\"Organization\",\"@id\":\"https:\/\/www.schwaben-international.de\/schueleraustausch\/#organization\",\"name\":\"Schwaben International e.V.\",\"url\":\"https:\/\/www.schwaben-international.de\/schueleraustausch\/\",\"logo\":{\"@type\":\"ImageObject\",\"inLanguage\":\"de\",\"@id\":\"https:\/\/www.schwaben-international.de\/schueleraustausch\/#\/schema\/logo\/image\/\",\"url\":\"https:\/\/www.schwaben-international.de\/schueleraustausch\/wp-content\/uploads\/sites\/2\/2016\/08\/logo-1.png\",\"contentUrl\":\"https:\/\/www.schwaben-international.de\/schueleraustausch\/wp-content\/uploads\/sites\/2\/2016\/08\/logo-1.png\",\"width\":300,\"height\":90,\"caption\":\"Schwaben International e.V.\"},\"image\":{\"@id\":\"https:\/\/www.schwaben-international.de\/schueleraustausch\/#\/schema\/logo\/image\/\"}}]}<\/script>\n<!-- \/ Yoast SEO plugin. -->","yoast_head_json":{"title":"Chile Auslandsaufenthalt - Sch\u00fcleraustausch Schwaben International e.V.","description":"Viele Kinder unserer Gastfamilien w\u00fcnschen sich nach Aufnahme eines Sch\u00fclers einen Gegenaustausch (Gegenbesuch) bei ihren Gastgeschwistern in Chile.","robots":{"index":"index","follow":"follow","max-snippet":"max-snippet:-1","max-image-preview":"max-image-preview:large","max-video-preview":"max-video-preview:-1"},"canonical":"https:\/\/www.schwaben-international.de\/schueleraustausch\/laender-und-termine\/chile\/auslandsaufenthalt-chile\/","og_locale":"de_DE","og_type":"article","og_title":"Chile Auslandsaufenthalt - Sch\u00fcleraustausch Schwaben International e.V.","og_description":"Viele Kinder unserer Gastfamilien w\u00fcnschen sich nach Aufnahme eines Sch\u00fclers einen Gegenaustausch (Gegenbesuch) bei ihren Gastgeschwistern in Chile.","og_url":"https:\/\/www.schwaben-international.de\/schueleraustausch\/laender-und-termine\/chile\/auslandsaufenthalt-chile\/","og_site_name":"Sch\u00fcleraustausch","article_modified_time":"2023-03-23T14:53:17+00:00","og_image":[{"width":1200,"height":300,"url":"https:\/\/www.schwaben-international.de\/schueleraustausch\/wp-content\/uploads\/sites\/2\/2016\/08\/allg-info-01.jpg","type":"image\/jpeg"}],"twitter_card":"summary_large_image","twitter_misc":{"Gesch\u00e4tzte Lesezeit":"2\u00a0Minuten"},"schema":{"@context":"https:\/\/schema.org","@graph":[{"@type":"WebPage","@id":"https:\/\/www.schwaben-international.de\/schueleraustausch\/laender-und-termine\/chile\/auslandsaufenthalt-chile\/","url":"https:\/\/www.schwaben-international.de\/schueleraustausch\/laender-und-termine\/chile\/auslandsaufenthalt-chile\/","name":"Chile Auslandsaufenthalt - Sch\u00fcleraustausch Schwaben International e.V.","isPartOf":{"@id":"https:\/\/www.schwaben-international.de\/schueleraustausch\/#website"},"datePublished":"2016-03-21T21:43:19+00:00","dateModified":"2023-03-23T14:53:17+00:00","description":"Viele Kinder unserer Gastfamilien w\u00fcnschen sich nach Aufnahme eines Sch\u00fclers einen Gegenaustausch (Gegenbesuch) bei ihren Gastgeschwistern in Chile.","breadcrumb":{"@id":"https:\/\/www.schwaben-international.de\/schueleraustausch\/laender-und-termine\/chile\/auslandsaufenthalt-chile\/#breadcrumb"},"inLanguage":"de","potentialAction":[{"@type":"ReadAction","target":["https:\/\/www.schwaben-international.de\/schueleraustausch\/laender-und-termine\/chile\/auslandsaufenthalt-chile\/"]}]},{"@type":"BreadcrumbList","@id":"https:\/\/www.schwaben-international.de\/schueleraustausch\/laender-und-termine\/chile\/auslandsaufenthalt-chile\/#breadcrumb","itemListElement":[{"@type":"ListItem","position":1,"name":"Startseite","item":"https:\/\/www.schwaben-international.de\/schueleraustausch\/"},{"@type":"ListItem","position":2,"name":"L\u00e4nder und Termine","item":"https:\/\/www.schwaben-international.de\/schueleraustausch\/laender-und-termine\/"},{"@type":"ListItem","position":3,"name":"Chile","item":"https:\/\/www.schwaben-international.de\/schueleraustausch\/laender-und-termine\/chile\/"},{"@type":"ListItem","position":4,"name":"Chile Auslandsaufenthalt"}]},{"@type":"WebSite","@id":"https:\/\/www.schwaben-international.de\/schueleraustausch\/#website","url":"https:\/\/www.schwaben-international.de\/schueleraustausch\/","name":"Sch\u00fcleraustausch","description":"Schwaben International e.V.","publisher":{"@id":"https:\/\/www.schwaben-international.de\/schueleraustausch\/#organization"},"potentialAction":[{"@type":"SearchAction","target":{"@type":"EntryPoint","urlTemplate":"https:\/\/www.schwaben-international.de\/schueleraustausch\/?s={search_term_string}"},"query-input":{"@type":"PropertyValueSpecification","valueRequired":true,"valueName":"search_term_string"}}],"inLanguage":"de"},{"@type":"Organization","@id":"https:\/\/www.schwaben-international.de\/schueleraustausch\/#organization","name":"Schwaben International e.V.","url":"https:\/\/www.schwaben-international.de\/schueleraustausch\/","logo":{"@type":"ImageObject","inLanguage":"de","@id":"https:\/\/www.schwaben-international.de\/schueleraustausch\/#\/schema\/logo\/image\/","url":"https:\/\/www.schwaben-international.de\/schueleraustausch\/wp-content\/uploads\/sites\/2\/2016\/08\/logo-1.png","contentUrl":"https:\/\/www.schwaben-international.de\/schueleraustausch\/wp-content\/uploads\/sites\/2\/2016\/08\/logo-1.png","width":300,"height":90,"caption":"Schwaben International e.V."},"image":{"@id":"https:\/\/www.schwaben-international.de\/schueleraustausch\/#\/schema\/logo\/image\/"}}]}},"_links":{"self":[{"href":"https:\/\/www.schwaben-international.de\/schueleraustausch\/wp-json\/wp\/v2\/pages\/223","targetHints":{"allow":["GET"]}}],"collection":[{"href":"https:\/\/www.schwaben-international.de\/schueleraustausch\/wp-json\/wp\/v2\/pages"}],"about":[{"href":"https:\/\/www.schwaben-international.de\/schueleraustausch\/wp-json\/wp\/v2\/types\/page"}],"author":[{"embeddable":true,"href":"https:\/\/www.schwaben-international.de\/schueleraustausch\/wp-json\/wp\/v2\/users\/2"}],"replies":[{"embeddable":true,"href":"https:\/\/www.schwaben-international.de\/schueleraustausch\/wp-json\/wp\/v2\/comments?post=223"}],"version-history":[{"count":3,"href":"https:\/\/www.schwaben-international.de\/schueleraustausch\/wp-json\/wp\/v2\/pages\/223\/revisions"}],"predecessor-version":[{"id":3291,"href":"https:\/\/www.schwaben-international.de\/schueleraustausch\/wp-json\/wp\/v2\/pages\/223\/revisions\/3291"}],"up":[{"embeddable":true,"href":"https:\/\/www.schwaben-international.de\/schueleraustausch\/wp-json\/wp\/v2\/pages\/98"}],"wp:attachment":[{"href":"https:\/\/www.schwaben-international.de\/schueleraustausch\/wp-json\/wp\/v2\/media?parent=223"}],"curies":[{"name":"wp","href":"https:\/\/api.w.org\/{rel}","templated":true}]}}