{"id":220,"date":"2016-03-21T22:41:20","date_gmt":"2016-03-21T21:41:20","guid":{"rendered":"http:\/\/www.schwaben-international.de\/schueleraustausch\/?page_id=220"},"modified":"2023-03-23T15:57:09","modified_gmt":"2023-03-23T14:57:09","slug":"auslandsaufenthalt-mit-peru","status":"publish","type":"page","link":"https:\/\/www.schwaben-international.de\/schueleraustausch\/laender-und-termine\/peru\/auslandsaufenthalt-mit-peru\/","title":{"rendered":"Peru Auslandsaufenthalt"},"content":{"rendered":"<h1 class=\"entry-title-post\"><span style=\"color: #ff0000\"><a style=\"color: #ff0000\" href=\"https:\/\/www.schwaben-international.de\/schueleraustausch\/2023\/03\/wir-sagen-auf-wiedersehen-nach-33-jahren-geht-eine-aera-zu-ende\/\" rel=\"bookmark\">Wir sagen auf Wiedersehen! \u2013 Nach 33 Jahren geht eine \u00c4ra zu Ende<\/a><\/span><\/h1>\n<h6><\/h6>\n<h1 class=\"entry-title-post\"><a href=\"https:\/\/www.schwaben-international.de\/schueleraustausch\/2023\/03\/neuer-kooperationspartner-djo-deutschen-jugend-in-europa-landesverband-baden-wuerttemberg\/\" rel=\"bookmark\"><span style=\"color: #ff6600\">Neuer Kooperationspartner djo \u2013 Deutschen Jugend in Europa Landesverband Baden-W\u00fcrttemberg<\/span><\/a><\/h1>\n<p>&nbsp;<\/p>\n<p>&nbsp;<\/p>\n<h1>Auslandsaufenthalt in Coronazeiten<\/h1>\n<p>Hallo &#8211; hola \u2013 ol\u00e1,<strong><br \/>\n<\/strong>sch\u00f6n, dass Ihr auf unserer Website vorbeischaut. Das zeugt davon, dass ihr trotz der Pandemie-Situation noch Tr\u00e4ume habt \u2013 und darin m\u00f6chten wir Euch best\u00e4rken. Wichtig in der heutigen Zeit scheint es uns zu sein, dass wir in allem sehr flexibel bleiben. <a href=\"https:\/\/www.schwaben-international.de\/schueleraustausch\/2020\/08\/fuer-interessierte-am-auslandsaufenthalt-in-sued-und-mittelamerika\/\" target=\"_blank\" rel=\"noopener noreferrer\">weiterlesen<\/a><\/p>\n<p><a href=\"https:\/\/www.schwaben-international.de\/schueleraustausch\/haeufig-gestellte-fragen\/faq-corona-fuer-interessierte-am-auslandsaufenthalt-in-sued-und-mittelamerika\/\" target=\"_blank\" rel=\"noopener noreferrer\">FAQ Corona\u00a0Auslandsaufenthalt<\/a><\/p>\n<h1>Auslandsaufenthalt Peru<\/h1>\n<p><a href=\"https:\/\/www.schwaben-international.de\/schueleraustausch\/infos\/partnerschulen\/peru\/\" target=\"_blank\" rel=\"noopener noreferrer\">Alexander von Humboldt Schule, Lima\u00a0<\/a><\/p>\n<p>Termine, Programm und Kosten f\u00fcr den Auslandsaufenthalt in Peru 2023 werden voraussichtlich im M\u00e4rz 2023 ver\u00f6ffentlicht. Als Anhaltspunkt f\u00fcr Termine, Programm und Kosten k\u00f6nnen Sie die Ausschreibung des Auslandsaufenthalts Peru 2022 nehmen. Sie finden diese rechts zum download.<\/p>\n<p>Die Jugendlichen fliegen als Gruppe nach Peru.<\/p>\n<p>Die Durchf\u00fchrung des Programms erfolgt in Zusammenarbeit mit der Alexander von Humboldt Schule. An der Schule gibt es Ansprechpartner f\u00fcr die Teilnehmer unserer Auslandsaufenthalt Programme.<\/p>\n\n\t\t<!-- MasterSlider -->\n\t\t<div id=\"P_MS69e73ae80881e\" class=\"master-slider-parent msl pslider  ms-parent-id-1\" style=\"max-width:370px;\">\n\n\t\t\t\n\t\t\t<!-- MasterSlider Main -->\n\t\t\t<div id=\"MS69e73ae80881e\" class=\"master-slider ms-skin-default\" >\n\t\t\t\t \t\t\t\t \n\t\t\t\t<div  class=\"ms-slide\" data-delay=\"4\" data-fill-mode=\"fill\"  >\n\t\t\t\t\t<img decoding=\"async\" src=\"https:\/\/www.schwaben-international.de\/schueleraustausch\/wp-content\/plugins\/master-slider\/public\/assets\/css\/blank.gif\" alt=\"Peru\" title=\"\" data-src=\"https:\/\/www.schwaben-international.de\/schueleraustausch\/wp-content\/uploads\/sites\/2\/2016\/09\/peru-15.jpg\" \/>\n\n\n\t<div class=\"ms-thumb\" ><div class=\"ms-tab-context\"><div class=\"&quot;ms-tab-context&quot;\"><\/div><\/div>\n<\/div>\n\t\t\t\t<\/div>\n\t\t\t\t<div  class=\"ms-slide\" data-delay=\"4\" data-fill-mode=\"center\"  >\n\t\t\t\t\t<img decoding=\"async\" src=\"https:\/\/www.schwaben-international.de\/schueleraustausch\/wp-content\/plugins\/master-slider\/public\/assets\/css\/blank.gif\" alt=\"Peru\" title=\"\" data-src=\"https:\/\/www.schwaben-international.de\/schueleraustausch\/wp-content\/uploads\/sites\/2\/2016\/09\/peru-14.jpg\" \/>\n\n\n\t<div class=\"ms-thumb\" ><div class=\"ms-tab-context\"><div class=\"&quot;ms-tab-context&quot;\"><\/div><\/div>\n<\/div>\n\t\t\t\t<\/div>\n\t\t\t\t<div  class=\"ms-slide\" data-delay=\"4\" data-fill-mode=\"center\"  >\n\t\t\t\t\t<img decoding=\"async\" src=\"https:\/\/www.schwaben-international.de\/schueleraustausch\/wp-content\/plugins\/master-slider\/public\/assets\/css\/blank.gif\" alt=\"Peru\" title=\"\" data-src=\"https:\/\/www.schwaben-international.de\/schueleraustausch\/wp-content\/uploads\/sites\/2\/2016\/09\/peru-13.jpg\" \/>\n\n\n\t<div class=\"ms-thumb\" ><div class=\"ms-tab-context\"><div class=\"&quot;ms-tab-context&quot;\"><\/div><\/div>\n<\/div>\n\t\t\t\t<\/div>\n\t\t\t\t<div  class=\"ms-slide\" data-delay=\"4\" data-fill-mode=\"center\"  >\n\t\t\t\t\t<img decoding=\"async\" src=\"https:\/\/www.schwaben-international.de\/schueleraustausch\/wp-content\/plugins\/master-slider\/public\/assets\/css\/blank.gif\" alt=\"Stra\u00dfenverkehr in Peru\" title=\"\" data-src=\"https:\/\/www.schwaben-international.de\/schueleraustausch\/wp-content\/uploads\/sites\/2\/2016\/09\/peru-12.jpg\" \/>\n\n\n\t<div class=\"ms-thumb\" ><div class=\"ms-tab-context\"><div class=\"&quot;ms-tab-context&quot;\"><\/div><\/div>\n<\/div>\n\t\t\t\t<\/div>\n\t\t\t\t<div  class=\"ms-slide\" data-delay=\"4\" data-fill-mode=\"center\"  >\n\t\t\t\t\t<img decoding=\"async\" src=\"https:\/\/www.schwaben-international.de\/schueleraustausch\/wp-content\/plugins\/master-slider\/public\/assets\/css\/blank.gif\" alt=\"Markt in Peru\" title=\"\" data-src=\"https:\/\/www.schwaben-international.de\/schueleraustausch\/wp-content\/uploads\/sites\/2\/2016\/09\/peru-11.jpg\" \/>\n\n\n\t<div class=\"ms-thumb\" ><div class=\"ms-tab-context\"><div class=\"&quot;ms-tab-context&quot;\"><\/div><\/div>\n<\/div>\n\t\t\t\t<\/div>\n\t\t\t\t<div  class=\"ms-slide\" data-delay=\"4\" data-fill-mode=\"center\"  >\n\t\t\t\t\t<img decoding=\"async\" src=\"https:\/\/www.schwaben-international.de\/schueleraustausch\/wp-content\/plugins\/master-slider\/public\/assets\/css\/blank.gif\" alt=\"Peru\" title=\"\" data-src=\"https:\/\/www.schwaben-international.de\/schueleraustausch\/wp-content\/uploads\/sites\/2\/2016\/09\/peru-10.jpg\" \/>\n\n\n\t<div class=\"ms-thumb\" ><div class=\"ms-tab-context\"><div class=\"&quot;ms-tab-context&quot;\"><\/div><\/div>\n<\/div>\n\t\t\t\t<\/div>\n\t\t\t\t<div  class=\"ms-slide\" data-delay=\"4\" data-fill-mode=\"center\"  >\n\t\t\t\t\t<img decoding=\"async\" src=\"https:\/\/www.schwaben-international.de\/schueleraustausch\/wp-content\/plugins\/master-slider\/public\/assets\/css\/blank.gif\" alt=\"Peru\" title=\"\" data-src=\"https:\/\/www.schwaben-international.de\/schueleraustausch\/wp-content\/uploads\/sites\/2\/2016\/09\/peru-09.jpg\" \/>\n\n\n\t<div class=\"ms-thumb\" ><div class=\"ms-tab-context\"><div class=\"&quot;ms-tab-context&quot;\"><\/div><\/div>\n<\/div>\n\t\t\t\t<\/div>\n\t\t\t\t<div  class=\"ms-slide\" data-delay=\"4\" data-fill-mode=\"center\"  >\n\t\t\t\t\t<img decoding=\"async\" src=\"https:\/\/www.schwaben-international.de\/schueleraustausch\/wp-content\/plugins\/master-slider\/public\/assets\/css\/blank.gif\" alt=\"Peru\" title=\"\" data-src=\"https:\/\/www.schwaben-international.de\/schueleraustausch\/wp-content\/uploads\/sites\/2\/2016\/09\/peru-08.jpg\" \/>\n\n\n\t<div class=\"ms-thumb\" ><div class=\"ms-tab-context\"><div class=\"&quot;ms-tab-context&quot;\"><\/div><\/div>\n<\/div>\n\t\t\t\t<\/div>\n\t\t\t\t<div  class=\"ms-slide\" data-delay=\"4\" data-fill-mode=\"center\"  >\n\t\t\t\t\t<img decoding=\"async\" src=\"https:\/\/www.schwaben-international.de\/schueleraustausch\/wp-content\/plugins\/master-slider\/public\/assets\/css\/blank.gif\" alt=\"Peru\" title=\"\" data-src=\"https:\/\/www.schwaben-international.de\/schueleraustausch\/wp-content\/uploads\/sites\/2\/2016\/09\/peru-07.jpg\" \/>\n\n\n\t<div class=\"ms-thumb\" ><div class=\"ms-tab-context\"><div class=\"&quot;ms-tab-context&quot;\"><\/div><\/div>\n<\/div>\n\t\t\t\t<\/div>\n\t\t\t\t<div  class=\"ms-slide\" data-delay=\"4\" data-fill-mode=\"center\"  >\n\t\t\t\t\t<img decoding=\"async\" src=\"https:\/\/www.schwaben-international.de\/schueleraustausch\/wp-content\/plugins\/master-slider\/public\/assets\/css\/blank.gif\" alt=\"Peru\" title=\"\" data-src=\"https:\/\/www.schwaben-international.de\/schueleraustausch\/wp-content\/uploads\/sites\/2\/2016\/09\/peru-06.jpg\" \/>\n\n\n\t<div class=\"ms-thumb\" ><div class=\"ms-tab-context\"><div class=\"&quot;ms-tab-context&quot;\"><\/div><\/div>\n<\/div>\n\t\t\t\t<\/div>\n\t\t\t\t<div  class=\"ms-slide\" data-delay=\"4\" data-fill-mode=\"center\"  >\n\t\t\t\t\t<img decoding=\"async\" src=\"https:\/\/www.schwaben-international.de\/schueleraustausch\/wp-content\/plugins\/master-slider\/public\/assets\/css\/blank.gif\" alt=\"Peru\" title=\"\" data-src=\"https:\/\/www.schwaben-international.de\/schueleraustausch\/wp-content\/uploads\/sites\/2\/2016\/09\/peru-05.jpg\" \/>\n\n\n\t<div class=\"ms-thumb\" ><div class=\"ms-tab-context\"><div class=\"&quot;ms-tab-context&quot;\"><\/div><\/div>\n<\/div>\n\t\t\t\t<\/div>\n\t\t\t\t<div  class=\"ms-slide\" data-delay=\"4\" data-fill-mode=\"center\"  >\n\t\t\t\t\t<img decoding=\"async\" src=\"https:\/\/www.schwaben-international.de\/schueleraustausch\/wp-content\/plugins\/master-slider\/public\/assets\/css\/blank.gif\" alt=\"Peru\" title=\"\" data-src=\"https:\/\/www.schwaben-international.de\/schueleraustausch\/wp-content\/uploads\/sites\/2\/2016\/09\/peru-03.jpg\" \/>\n\n\n\t<div class=\"ms-thumb\" ><div class=\"ms-tab-context\"><div class=\"&quot;ms-tab-context&quot;\"><\/div><\/div>\n<\/div>\n\t\t\t\t<\/div>\n\t\t\t\t<div  class=\"ms-slide\" data-delay=\"4\" data-fill-mode=\"center\"  >\n\t\t\t\t\t<img decoding=\"async\" src=\"https:\/\/www.schwaben-international.de\/schueleraustausch\/wp-content\/plugins\/master-slider\/public\/assets\/css\/blank.gif\" alt=\"Peru\" title=\"\" data-src=\"https:\/\/www.schwaben-international.de\/schueleraustausch\/wp-content\/uploads\/sites\/2\/2016\/09\/peru-04.jpg\" \/>\n\n\n\t<div class=\"ms-thumb\" ><div class=\"ms-tab-context\"><div class=\"&quot;ms-tab-context&quot;\"><\/div><\/div>\n<\/div>\n\t\t\t\t<\/div>\n\t\t\t\t<div  class=\"ms-slide\" data-delay=\"4\" data-fill-mode=\"center\"  >\n\t\t\t\t\t<img decoding=\"async\" src=\"https:\/\/www.schwaben-international.de\/schueleraustausch\/wp-content\/plugins\/master-slider\/public\/assets\/css\/blank.gif\" alt=\"Peru\" title=\"\" data-src=\"https:\/\/www.schwaben-international.de\/schueleraustausch\/wp-content\/uploads\/sites\/2\/2016\/09\/peru-02.jpg\" \/>\n\n\n\t<div class=\"ms-thumb\" ><div class=\"ms-tab-context\"><div class=\"&quot;ms-tab-context&quot;\"><\/div><\/div>\n<\/div>\n\t\t\t\t<\/div>\n\t\t\t\t<div  class=\"ms-slide\" data-delay=\"4\" data-fill-mode=\"center\"  >\n\t\t\t\t\t<img decoding=\"async\" src=\"https:\/\/www.schwaben-international.de\/schueleraustausch\/wp-content\/plugins\/master-slider\/public\/assets\/css\/blank.gif\" alt=\"Peru\" title=\"\" data-src=\"https:\/\/www.schwaben-international.de\/schueleraustausch\/wp-content\/uploads\/sites\/2\/2016\/09\/peru-01.jpg\" \/>\n\n\n\t<div class=\"ms-thumb\" ><div class=\"ms-tab-context\"><div class=\"&quot;ms-tab-context&quot;\"><\/div><\/div>\n<\/div>\n\t\t\t\t<\/div>\n\n\t\t\t<\/div>\n\t\t\t<!-- END MasterSlider Main -->\n\n\t\t\t \n\t\t<\/div>\n\t\t<!-- END MasterSlider -->\n\n\t\t<script>\n\t\t(function ( $ ) {\n\t\t\t\"use strict\";\n\n\t\t\t$(function () {\n\t\t\t\tvar masterslider_881e = new MasterSlider();\n\n\t\t\t\t\/\/ slider controls\n\t\t\t\tmasterslider_881e.control('arrows'     ,{ autohide:true, overVideo:false  });\n\t\t\t\t\/\/ slider setup\n\t\t\t\tmasterslider_881e.setup(\"MS69e73ae80881e\", {\n\t\t\t\t\t\twidth           : 370,\n\t\t\t\t\t\theight          : 278,\n\t\t\t\t\t\tminHeight       : 0,\n\t\t\t\t\t\tspace           : 0,\n\t\t\t\t\t\tstart           : 1,\n\t\t\t\t\t\tgrabCursor      : true,\n\t\t\t\t\t\tswipe           : true,\n\t\t\t\t\t\tmouse           : true,\n\t\t\t\t\t\tlayout          : \"boxed\",\n\t\t\t\t\t\twheel           : false,\n\t\t\t\t\t\tautoplay        : true,\n\t\t\t\t\t\tinstantStartLayers:false,\n\t\t\t\t\t\tloop            : true,\n\t\t\t\t\t\tshuffle         : true,\n\t\t\t\t\t\tpreload         : 0,\n\t\t\t\t\t\theightLimit     : true,\n\t\t\t\t\t\tautoHeight      : false,\n\t\t\t\t\t\tsmoothHeight    : true,\n\t\t\t\t\t\tendPause        : false,\n\t\t\t\t\t\toverPause       : true,\n\t\t\t\t\t\tfillMode        : \"fill\",\n\t\t\t\t\t\tcenterControls  : true,\n\t\t\t\t\t\tstartOnAppear   : false,\n\t\t\t\t\t\tlayersMode      : \"center\",\n\t\t\t\t\t\thideLayers      : false,\n\t\t\t\t\t\tfullscreenMargin: 0,\n\t\t\t\t\t\tspeed           : 20,\n\t\t\t\t\t\tdir             : \"h\",\n\t\t\t\t\t\tparallaxMode    : 'swipe',\n\t\t\t\t\t\tview            : \"fade\"\n\t\t\t\t});\n\n\t\t\t\t\n\t\t\t\twindow.masterslider_instances = window.masterslider_instances || [];\n\t\t\t\twindow.masterslider_instances.push( masterslider_881e );\n\t\t\t });\n\n\t\t})(jQuery);\n\t\t<\/script>\n\n\n<p>Die Jugendlichen fliegen zusammen vom Frankfurter Flughafen nach Lima. Dort werden sie von den Gasteltern und einer Mitarbeiterin der Alexander von Humboldt Schule am Flughafen erwartet.\u00a0 Die ersten beiden Wochen nach der Ankunft sind in der Regel noch Schulferien in Peru. W\u00e4hrend des Aufenthaltes in Lima leben die Jugendlichen in Gastfamilien und besuchen vormittags an der Schule einen Spanischkurs f\u00fcr Anf\u00e4nger (bis zu 2 Jahre Spanischkenntnisse) und den regul\u00e4ren Schulunterricht. Sch\u00fcler*innen mit guten Spanischkenntnissen besuchen nur den Unterricht.<\/p>\n<p>Die Humboldt Schule organisiert f\u00fcr die Gruppe etliche gemeinsame Aktivit\u00e4ten, z. Bsp. den Besuch eines Kinderdorfes, verschiedene Stadtrundfahrten, Besichtigungen in der Umgebung Limas und gemeinsames Kochen eines peruanischen Gerichts.<\/p>\n<p>Bei Auslandsaufenthalten die von unserem Termin abweichen, muss der Termin vorab mit der Gastfamilie und \u00fcber uns mit der Schule abgesprochen werden. Wir vermitteln den Kontakt zwischen den Interessierten am Auslandsaufenthalt, um sich \u00fcber gemeinsame Flugdaten zu verst\u00e4ndigen und versorgen Sie mit allen norwendigen Informationen. Die Bearbeitungsgeb\u00fchr f\u00fcr den individuellen Auslandsaufenthalt betr\u00e4gt 250,- Euro, ohne Flug und Versicherung.<\/p>\n<p>Optional besteht die M\u00f6glichkeit der Teilnahme an einer 6-t\u00e4gigen Reise zu den ber\u00fchmtesten Sehensw\u00fcrdigkeiten des Landes. Ausgangspunkt ist die Stadt Cuzco, die in 3.400 m H\u00f6he gelegene ehemalige Hauptstadt des Inkareichs. Sie z\u00e4hlt zu den sch\u00f6nsten Orten S\u00fcdamerikas. In unmittelbarer Umgebung befinden sich die wichtigsten arch\u00e4ologischen Fundstellen des Kontinents. Und es stehen Ausfl\u00fcge ins Valle Sagrado de los Incas, dem Heiligen Tal der Inkas und zu den Ruinen von Machu Picchu auf dem Programm.<\/p>\n","protected":false},"excerpt":{"rendered":"<p>Wir sagen auf Wiedersehen! \u2013 Nach 33 Jahren geht eine \u00c4ra zu Ende Neuer Kooperationspartner djo \u2013 Deutschen Jugend in Europa Landesverband Baden-W\u00fcrttemberg &nbsp; &nbsp; Auslandsaufenthalt in Coronazeiten Hallo &#8211; hola \u2013 ol\u00e1, sch\u00f6n, dass Ihr auf unserer Website vorbeischaut. Das zeugt davon, dass ihr trotz der Pandemie-Situation noch Tr\u00e4ume habt \u2013 und darin m\u00f6chten wir Euch best\u00e4rken. Wichtig in der heutigen Zeit scheint es &hellip; <a href=\"https:\/\/www.schwaben-international.de\/schueleraustausch\/laender-und-termine\/peru\/auslandsaufenthalt-mit-peru\/\" class=\"more-link\">weiterlesen <span class=\"screen-reader-text\">Peru Auslandsaufenthalt<\/span> <span class=\u201emeta-nav\u201c>&raquo;<\/span><\/a><\/p>\n","protected":false},"author":2,"featured_media":0,"parent":102,"menu_order":8,"comment_status":"closed","ping_status":"closed","template":"","meta":{"footnotes":""},"class_list":["post-220","page","type-page","status-publish","hentry"],"yoast_head":"<!-- This site is optimized with the Yoast SEO plugin v25.6 - https:\/\/yoast.com\/wordpress\/plugins\/seo\/ -->\n<title>Peru Auslandsaufenthalt - Sch\u00fcleraustausch Schwaben International e.V.<\/title>\n<meta name=\"description\" content=\"Viele Kinder unserer Gastfamilien w\u00fcnschen sich nach Aufnahme eines Sch\u00fclers einen Gegenaustausch (Gegenbesuch) bei ihren Gastgeschwistern in Peru.\" \/>\n<meta name=\"robots\" content=\"index, follow, max-snippet:-1, max-image-preview:large, max-video-preview:-1\" \/>\n<link rel=\"canonical\" href=\"https:\/\/www.schwaben-international.de\/schueleraustausch\/laender-und-termine\/peru\/auslandsaufenthalt-mit-peru\/\" \/>\n<meta property=\"og:locale\" content=\"de_DE\" \/>\n<meta property=\"og:type\" content=\"article\" \/>\n<meta property=\"og:title\" content=\"Peru Auslandsaufenthalt - Sch\u00fcleraustausch Schwaben International e.V.\" \/>\n<meta property=\"og:description\" content=\"Viele Kinder unserer Gastfamilien w\u00fcnschen sich nach Aufnahme eines Sch\u00fclers einen Gegenaustausch (Gegenbesuch) bei ihren Gastgeschwistern in Peru.\" \/>\n<meta property=\"og:url\" content=\"https:\/\/www.schwaben-international.de\/schueleraustausch\/laender-und-termine\/peru\/auslandsaufenthalt-mit-peru\/\" \/>\n<meta property=\"og:site_name\" content=\"Sch\u00fcleraustausch\" \/>\n<meta property=\"article:modified_time\" content=\"2023-03-23T14:57:09+00:00\" \/>\n<meta property=\"og:image\" content=\"https:\/\/www.schwaben-international.de\/schueleraustausch\/wp-content\/uploads\/sites\/2\/2016\/08\/allg-info-01.jpg\" \/>\n\t<meta property=\"og:image:width\" content=\"1200\" \/>\n\t<meta property=\"og:image:height\" content=\"300\" \/>\n\t<meta property=\"og:image:type\" content=\"image\/jpeg\" \/>\n<meta name=\"twitter:card\" content=\"summary_large_image\" \/>\n<meta name=\"twitter:label1\" content=\"Gesch\u00e4tzte Lesezeit\" \/>\n\t<meta name=\"twitter:data1\" content=\"3\u00a0Minuten\" \/>\n<script type=\"application\/ld+json\" class=\"yoast-schema-graph\">{\"@context\":\"https:\/\/schema.org\",\"@graph\":[{\"@type\":\"WebPage\",\"@id\":\"https:\/\/www.schwaben-international.de\/schueleraustausch\/laender-und-termine\/peru\/auslandsaufenthalt-mit-peru\/\",\"url\":\"https:\/\/www.schwaben-international.de\/schueleraustausch\/laender-und-termine\/peru\/auslandsaufenthalt-mit-peru\/\",\"name\":\"Peru Auslandsaufenthalt - Sch\u00fcleraustausch Schwaben International e.V.\",\"isPartOf\":{\"@id\":\"https:\/\/www.schwaben-international.de\/schueleraustausch\/#website\"},\"datePublished\":\"2016-03-21T21:41:20+00:00\",\"dateModified\":\"2023-03-23T14:57:09+00:00\",\"description\":\"Viele Kinder unserer Gastfamilien w\u00fcnschen sich nach Aufnahme eines Sch\u00fclers einen Gegenaustausch (Gegenbesuch) bei ihren Gastgeschwistern in Peru.\",\"breadcrumb\":{\"@id\":\"https:\/\/www.schwaben-international.de\/schueleraustausch\/laender-und-termine\/peru\/auslandsaufenthalt-mit-peru\/#breadcrumb\"},\"inLanguage\":\"de\",\"potentialAction\":[{\"@type\":\"ReadAction\",\"target\":[\"https:\/\/www.schwaben-international.de\/schueleraustausch\/laender-und-termine\/peru\/auslandsaufenthalt-mit-peru\/\"]}]},{\"@type\":\"BreadcrumbList\",\"@id\":\"https:\/\/www.schwaben-international.de\/schueleraustausch\/laender-und-termine\/peru\/auslandsaufenthalt-mit-peru\/#breadcrumb\",\"itemListElement\":[{\"@type\":\"ListItem\",\"position\":1,\"name\":\"Startseite\",\"item\":\"https:\/\/www.schwaben-international.de\/schueleraustausch\/\"},{\"@type\":\"ListItem\",\"position\":2,\"name\":\"L\u00e4nder und Termine\",\"item\":\"https:\/\/www.schwaben-international.de\/schueleraustausch\/laender-und-termine\/\"},{\"@type\":\"ListItem\",\"position\":3,\"name\":\"Peru\",\"item\":\"https:\/\/www.schwaben-international.de\/schueleraustausch\/laender-und-termine\/peru\/\"},{\"@type\":\"ListItem\",\"position\":4,\"name\":\"Peru Auslandsaufenthalt\"}]},{\"@type\":\"WebSite\",\"@id\":\"https:\/\/www.schwaben-international.de\/schueleraustausch\/#website\",\"url\":\"https:\/\/www.schwaben-international.de\/schueleraustausch\/\",\"name\":\"Sch\u00fcleraustausch\",\"description\":\"Schwaben International e.V.\",\"publisher\":{\"@id\":\"https:\/\/www.schwaben-international.de\/schueleraustausch\/#organization\"},\"potentialAction\":[{\"@type\":\"SearchAction\",\"target\":{\"@type\":\"EntryPoint\",\"urlTemplate\":\"https:\/\/www.schwaben-international.de\/schueleraustausch\/?s={search_term_string}\"},\"query-input\":{\"@type\":\"PropertyValueSpecification\",\"valueRequired\":true,\"valueName\":\"search_term_string\"}}],\"inLanguage\":\"de\"},{\"@type\":\"Organization\",\"@id\":\"https:\/\/www.schwaben-international.de\/schueleraustausch\/#organization\",\"name\":\"Schwaben International e.V.\",\"url\":\"https:\/\/www.schwaben-international.de\/schueleraustausch\/\",\"logo\":{\"@type\":\"ImageObject\",\"inLanguage\":\"de\",\"@id\":\"https:\/\/www.schwaben-international.de\/schueleraustausch\/#\/schema\/logo\/image\/\",\"url\":\"https:\/\/www.schwaben-international.de\/schueleraustausch\/wp-content\/uploads\/sites\/2\/2016\/08\/logo-1.png\",\"contentUrl\":\"https:\/\/www.schwaben-international.de\/schueleraustausch\/wp-content\/uploads\/sites\/2\/2016\/08\/logo-1.png\",\"width\":300,\"height\":90,\"caption\":\"Schwaben International e.V.\"},\"image\":{\"@id\":\"https:\/\/www.schwaben-international.de\/schueleraustausch\/#\/schema\/logo\/image\/\"}}]}<\/script>\n<!-- \/ Yoast SEO plugin. -->","yoast_head_json":{"title":"Peru Auslandsaufenthalt - Sch\u00fcleraustausch Schwaben International e.V.","description":"Viele Kinder unserer Gastfamilien w\u00fcnschen sich nach Aufnahme eines Sch\u00fclers einen Gegenaustausch (Gegenbesuch) bei ihren Gastgeschwistern in Peru.","robots":{"index":"index","follow":"follow","max-snippet":"max-snippet:-1","max-image-preview":"max-image-preview:large","max-video-preview":"max-video-preview:-1"},"canonical":"https:\/\/www.schwaben-international.de\/schueleraustausch\/laender-und-termine\/peru\/auslandsaufenthalt-mit-peru\/","og_locale":"de_DE","og_type":"article","og_title":"Peru Auslandsaufenthalt - Sch\u00fcleraustausch Schwaben International e.V.","og_description":"Viele Kinder unserer Gastfamilien w\u00fcnschen sich nach Aufnahme eines Sch\u00fclers einen Gegenaustausch (Gegenbesuch) bei ihren Gastgeschwistern in Peru.","og_url":"https:\/\/www.schwaben-international.de\/schueleraustausch\/laender-und-termine\/peru\/auslandsaufenthalt-mit-peru\/","og_site_name":"Sch\u00fcleraustausch","article_modified_time":"2023-03-23T14:57:09+00:00","og_image":[{"width":1200,"height":300,"url":"https:\/\/www.schwaben-international.de\/schueleraustausch\/wp-content\/uploads\/sites\/2\/2016\/08\/allg-info-01.jpg","type":"image\/jpeg"}],"twitter_card":"summary_large_image","twitter_misc":{"Gesch\u00e4tzte Lesezeit":"3\u00a0Minuten"},"schema":{"@context":"https:\/\/schema.org","@graph":[{"@type":"WebPage","@id":"https:\/\/www.schwaben-international.de\/schueleraustausch\/laender-und-termine\/peru\/auslandsaufenthalt-mit-peru\/","url":"https:\/\/www.schwaben-international.de\/schueleraustausch\/laender-und-termine\/peru\/auslandsaufenthalt-mit-peru\/","name":"Peru Auslandsaufenthalt - Sch\u00fcleraustausch Schwaben International e.V.","isPartOf":{"@id":"https:\/\/www.schwaben-international.de\/schueleraustausch\/#website"},"datePublished":"2016-03-21T21:41:20+00:00","dateModified":"2023-03-23T14:57:09+00:00","description":"Viele Kinder unserer Gastfamilien w\u00fcnschen sich nach Aufnahme eines Sch\u00fclers einen Gegenaustausch (Gegenbesuch) bei ihren Gastgeschwistern in Peru.","breadcrumb":{"@id":"https:\/\/www.schwaben-international.de\/schueleraustausch\/laender-und-termine\/peru\/auslandsaufenthalt-mit-peru\/#breadcrumb"},"inLanguage":"de","potentialAction":[{"@type":"ReadAction","target":["https:\/\/www.schwaben-international.de\/schueleraustausch\/laender-und-termine\/peru\/auslandsaufenthalt-mit-peru\/"]}]},{"@type":"BreadcrumbList","@id":"https:\/\/www.schwaben-international.de\/schueleraustausch\/laender-und-termine\/peru\/auslandsaufenthalt-mit-peru\/#breadcrumb","itemListElement":[{"@type":"ListItem","position":1,"name":"Startseite","item":"https:\/\/www.schwaben-international.de\/schueleraustausch\/"},{"@type":"ListItem","position":2,"name":"L\u00e4nder und Termine","item":"https:\/\/www.schwaben-international.de\/schueleraustausch\/laender-und-termine\/"},{"@type":"ListItem","position":3,"name":"Peru","item":"https:\/\/www.schwaben-international.de\/schueleraustausch\/laender-und-termine\/peru\/"},{"@type":"ListItem","position":4,"name":"Peru Auslandsaufenthalt"}]},{"@type":"WebSite","@id":"https:\/\/www.schwaben-international.de\/schueleraustausch\/#website","url":"https:\/\/www.schwaben-international.de\/schueleraustausch\/","name":"Sch\u00fcleraustausch","description":"Schwaben International e.V.","publisher":{"@id":"https:\/\/www.schwaben-international.de\/schueleraustausch\/#organization"},"potentialAction":[{"@type":"SearchAction","target":{"@type":"EntryPoint","urlTemplate":"https:\/\/www.schwaben-international.de\/schueleraustausch\/?s={search_term_string}"},"query-input":{"@type":"PropertyValueSpecification","valueRequired":true,"valueName":"search_term_string"}}],"inLanguage":"de"},{"@type":"Organization","@id":"https:\/\/www.schwaben-international.de\/schueleraustausch\/#organization","name":"Schwaben International e.V.","url":"https:\/\/www.schwaben-international.de\/schueleraustausch\/","logo":{"@type":"ImageObject","inLanguage":"de","@id":"https:\/\/www.schwaben-international.de\/schueleraustausch\/#\/schema\/logo\/image\/","url":"https:\/\/www.schwaben-international.de\/schueleraustausch\/wp-content\/uploads\/sites\/2\/2016\/08\/logo-1.png","contentUrl":"https:\/\/www.schwaben-international.de\/schueleraustausch\/wp-content\/uploads\/sites\/2\/2016\/08\/logo-1.png","width":300,"height":90,"caption":"Schwaben International e.V."},"image":{"@id":"https:\/\/www.schwaben-international.de\/schueleraustausch\/#\/schema\/logo\/image\/"}}]}},"_links":{"self":[{"href":"https:\/\/www.schwaben-international.de\/schueleraustausch\/wp-json\/wp\/v2\/pages\/220","targetHints":{"allow":["GET"]}}],"collection":[{"href":"https:\/\/www.schwaben-international.de\/schueleraustausch\/wp-json\/wp\/v2\/pages"}],"about":[{"href":"https:\/\/www.schwaben-international.de\/schueleraustausch\/wp-json\/wp\/v2\/types\/page"}],"author":[{"embeddable":true,"href":"https:\/\/www.schwaben-international.de\/schueleraustausch\/wp-json\/wp\/v2\/users\/2"}],"replies":[{"embeddable":true,"href":"https:\/\/www.schwaben-international.de\/schueleraustausch\/wp-json\/wp\/v2\/comments?post=220"}],"version-history":[{"count":3,"href":"https:\/\/www.schwaben-international.de\/schueleraustausch\/wp-json\/wp\/v2\/pages\/220\/revisions"}],"predecessor-version":[{"id":3296,"href":"https:\/\/www.schwaben-international.de\/schueleraustausch\/wp-json\/wp\/v2\/pages\/220\/revisions\/3296"}],"up":[{"embeddable":true,"href":"https:\/\/www.schwaben-international.de\/schueleraustausch\/wp-json\/wp\/v2\/pages\/102"}],"wp:attachment":[{"href":"https:\/\/www.schwaben-international.de\/schueleraustausch\/wp-json\/wp\/v2\/media?parent=220"}],"curies":[{"name":"wp","href":"https:\/\/api.w.org\/{rel}","templated":true}]}}