{"id":2086,"date":"2019-07-01T16:36:17","date_gmt":"2019-07-01T14:36:17","guid":{"rendered":"http:\/\/www.schwaben-international.de\/schueleraustausch\/?page_id=2086"},"modified":"2023-03-23T15:54:45","modified_gmt":"2023-03-23T14:54:45","slug":"auslandsaufenthalt-el-salvador","status":"publish","type":"page","link":"https:\/\/www.schwaben-international.de\/schueleraustausch\/laender-und-termine\/el-salvador\/auslandsaufenthalt-el-salvador\/","title":{"rendered":"El Salvador Auslandsaufenthalt"},"content":{"rendered":"<h1 class=\"entry-title-post\"><span style=\"color: #ff0000\"><a style=\"color: #ff0000\" href=\"https:\/\/www.schwaben-international.de\/schueleraustausch\/2023\/03\/wir-sagen-auf-wiedersehen-nach-33-jahren-geht-eine-aera-zu-ende\/\" rel=\"bookmark\">Wir sagen auf Wiedersehen! \u2013 Nach 33 Jahren geht eine \u00c4ra zu Ende<\/a><\/span><\/h1>\n<h6><\/h6>\n<h1 class=\"entry-title-post\"><span style=\"color: #ff6600\"><a style=\"color: #ff6600\" href=\"https:\/\/www.schwaben-international.de\/schueleraustausch\/2023\/03\/neuer-kooperationspartner-djo-deutschen-jugend-in-europa-landesverband-baden-wuerttemberg\/\" rel=\"bookmark\">Neuer Kooperationspartner djo \u2013 Deutschen Jugend in Europa Landesverband Baden-W\u00fcrttemberg<\/a><\/span><\/h1>\n<p>&nbsp;<\/p>\n<p>&nbsp;<\/p>\n<h1>Auslandsaufenhalt El Salvador<\/h1>\n<p>2019 kam zum ersten Mal eine Gruppe von 16\/17-j\u00e4hrigen Jugendlichen der <a href=\"https:\/\/www.schwaben-international.de\/schueleraustausch\/infos\/partnerschulen\/partnerschule-in-el-salvador\/\" target=\"_blank\" rel=\"noopener noreferrer\">Deutschen Schule San Salvador<\/a> \u00fcber Schwaben International e.V. f\u00fcr drei Monate zum Sch\u00fcleraustausch nach Deutschland.<\/p>\n<p>Ein Aufenthalt von bis zu 3 Monaten ist von Seiten der Deutschen Schule San Salvador m\u00f6glich und in der Schule gibt es einen Ansprechpartner, der auch mit uns in Verbindung steht. Die Ferien in El Salvador sind von ca. Mitte Juni bis Mitte August.<\/p>\n<p>Wir vermitteln den Kontakt zwischen den Interessierten, um sich \u00fcber gemeinsame Flugdaten zu verst\u00e4ndigen. Die Fl\u00fcge sind \u00fcber unsere Reiseabteilung buchbar. In San Salvador werden die Jugendlichen von ihren Gastfamilien vom Flughafen abgeholt und wieder zur\u00fcckgebracht.<\/p>\n<p>Wir versorgen Sie gerne mit allen n\u00f6tigen Reiseinformationen.<\/p>\n<p>Die Bearbeitungsgeb\u00fchr f\u00fcr den individuellen Auslandsaufenthalt betr\u00e4gt 250,- Euro, ohne Flug und Versicherung.<\/p>\n","protected":false},"excerpt":{"rendered":"<p>Wir sagen auf Wiedersehen! \u2013 Nach 33 Jahren geht eine \u00c4ra zu Ende Neuer Kooperationspartner djo \u2013 Deutschen Jugend in Europa Landesverband Baden-W\u00fcrttemberg &nbsp; &nbsp; Auslandsaufenhalt El Salvador 2019 kam zum ersten Mal eine Gruppe von 16\/17-j\u00e4hrigen Jugendlichen der Deutschen Schule San Salvador \u00fcber Schwaben International e.V. f\u00fcr drei Monate zum Sch\u00fcleraustausch nach Deutschland. Ein Aufenthalt von bis zu 3 Monaten ist von Seiten der &hellip; <a href=\"https:\/\/www.schwaben-international.de\/schueleraustausch\/laender-und-termine\/el-salvador\/auslandsaufenthalt-el-salvador\/\" class=\"more-link\">weiterlesen <span class=\"screen-reader-text\">El Salvador Auslandsaufenthalt<\/span> <span class=\u201emeta-nav\u201c>&raquo;<\/span><\/a><\/p>\n","protected":false},"author":2,"featured_media":0,"parent":2006,"menu_order":22,"comment_status":"closed","ping_status":"closed","template":"","meta":{"footnotes":""},"class_list":["post-2086","page","type-page","status-publish","hentry"],"yoast_head":"<!-- This site is optimized with the Yoast SEO plugin v25.6 - https:\/\/yoast.com\/wordpress\/plugins\/seo\/ -->\n<title>El Salvador Auslandsaufenthalt - Sch\u00fcleraustausch Schwaben International e.V.<\/title>\n<meta name=\"description\" content=\"Schwaben International e.V., engagiert in Kulturaustausch &amp; V\u00f6lkerverst\u00e4ndigung. Internationaler Sch\u00fcleraustausch ist ein Schwerpunkt unserer T\u00e4tigkeit\" \/>\n<meta name=\"robots\" content=\"index, follow, max-snippet:-1, max-image-preview:large, max-video-preview:-1\" \/>\n<link rel=\"canonical\" href=\"https:\/\/www.schwaben-international.de\/schueleraustausch\/laender-und-termine\/el-salvador\/auslandsaufenthalt-el-salvador\/\" \/>\n<meta property=\"og:locale\" content=\"de_DE\" \/>\n<meta property=\"og:type\" content=\"article\" \/>\n<meta property=\"og:title\" content=\"El Salvador Auslandsaufenthalt - Sch\u00fcleraustausch Schwaben International e.V.\" \/>\n<meta property=\"og:description\" content=\"Schwaben International e.V., engagiert in Kulturaustausch &amp; V\u00f6lkerverst\u00e4ndigung. Internationaler Sch\u00fcleraustausch ist ein Schwerpunkt unserer T\u00e4tigkeit\" \/>\n<meta property=\"og:url\" content=\"https:\/\/www.schwaben-international.de\/schueleraustausch\/laender-und-termine\/el-salvador\/auslandsaufenthalt-el-salvador\/\" \/>\n<meta property=\"og:site_name\" content=\"Sch\u00fcleraustausch\" \/>\n<meta property=\"article:modified_time\" content=\"2023-03-23T14:54:45+00:00\" \/>\n<meta property=\"og:image\" content=\"https:\/\/www.schwaben-international.de\/schueleraustausch\/wp-content\/uploads\/sites\/2\/2016\/08\/allg-info-01.jpg\" \/>\n\t<meta property=\"og:image:width\" content=\"1200\" \/>\n\t<meta property=\"og:image:height\" content=\"300\" \/>\n\t<meta property=\"og:image:type\" content=\"image\/jpeg\" \/>\n<meta name=\"twitter:card\" content=\"summary_large_image\" \/>\n<meta name=\"twitter:label1\" content=\"Gesch\u00e4tzte Lesezeit\" \/>\n\t<meta name=\"twitter:data1\" content=\"1\u00a0Minute\" \/>\n<script type=\"application\/ld+json\" class=\"yoast-schema-graph\">{\"@context\":\"https:\/\/schema.org\",\"@graph\":[{\"@type\":\"WebPage\",\"@id\":\"https:\/\/www.schwaben-international.de\/schueleraustausch\/laender-und-termine\/el-salvador\/auslandsaufenthalt-el-salvador\/\",\"url\":\"https:\/\/www.schwaben-international.de\/schueleraustausch\/laender-und-termine\/el-salvador\/auslandsaufenthalt-el-salvador\/\",\"name\":\"El Salvador Auslandsaufenthalt - Sch\u00fcleraustausch Schwaben International e.V.\",\"isPartOf\":{\"@id\":\"https:\/\/www.schwaben-international.de\/schueleraustausch\/#website\"},\"datePublished\":\"2019-07-01T14:36:17+00:00\",\"dateModified\":\"2023-03-23T14:54:45+00:00\",\"description\":\"Schwaben International e.V., engagiert in Kulturaustausch & V\u00f6lkerverst\u00e4ndigung. Internationaler Sch\u00fcleraustausch ist ein Schwerpunkt unserer T\u00e4tigkeit\",\"breadcrumb\":{\"@id\":\"https:\/\/www.schwaben-international.de\/schueleraustausch\/laender-und-termine\/el-salvador\/auslandsaufenthalt-el-salvador\/#breadcrumb\"},\"inLanguage\":\"de\",\"potentialAction\":[{\"@type\":\"ReadAction\",\"target\":[\"https:\/\/www.schwaben-international.de\/schueleraustausch\/laender-und-termine\/el-salvador\/auslandsaufenthalt-el-salvador\/\"]}]},{\"@type\":\"BreadcrumbList\",\"@id\":\"https:\/\/www.schwaben-international.de\/schueleraustausch\/laender-und-termine\/el-salvador\/auslandsaufenthalt-el-salvador\/#breadcrumb\",\"itemListElement\":[{\"@type\":\"ListItem\",\"position\":1,\"name\":\"Startseite\",\"item\":\"https:\/\/www.schwaben-international.de\/schueleraustausch\/\"},{\"@type\":\"ListItem\",\"position\":2,\"name\":\"L\u00e4nder und Termine\",\"item\":\"https:\/\/www.schwaben-international.de\/schueleraustausch\/laender-und-termine\/\"},{\"@type\":\"ListItem\",\"position\":3,\"name\":\"El Salvador\",\"item\":\"https:\/\/www.schwaben-international.de\/schueleraustausch\/laender-und-termine\/el-salvador\/\"},{\"@type\":\"ListItem\",\"position\":4,\"name\":\"El Salvador Auslandsaufenthalt\"}]},{\"@type\":\"WebSite\",\"@id\":\"https:\/\/www.schwaben-international.de\/schueleraustausch\/#website\",\"url\":\"https:\/\/www.schwaben-international.de\/schueleraustausch\/\",\"name\":\"Sch\u00fcleraustausch\",\"description\":\"Schwaben International e.V.\",\"publisher\":{\"@id\":\"https:\/\/www.schwaben-international.de\/schueleraustausch\/#organization\"},\"potentialAction\":[{\"@type\":\"SearchAction\",\"target\":{\"@type\":\"EntryPoint\",\"urlTemplate\":\"https:\/\/www.schwaben-international.de\/schueleraustausch\/?s={search_term_string}\"},\"query-input\":{\"@type\":\"PropertyValueSpecification\",\"valueRequired\":true,\"valueName\":\"search_term_string\"}}],\"inLanguage\":\"de\"},{\"@type\":\"Organization\",\"@id\":\"https:\/\/www.schwaben-international.de\/schueleraustausch\/#organization\",\"name\":\"Schwaben International e.V.\",\"url\":\"https:\/\/www.schwaben-international.de\/schueleraustausch\/\",\"logo\":{\"@type\":\"ImageObject\",\"inLanguage\":\"de\",\"@id\":\"https:\/\/www.schwaben-international.de\/schueleraustausch\/#\/schema\/logo\/image\/\",\"url\":\"https:\/\/www.schwaben-international.de\/schueleraustausch\/wp-content\/uploads\/sites\/2\/2016\/08\/logo-1.png\",\"contentUrl\":\"https:\/\/www.schwaben-international.de\/schueleraustausch\/wp-content\/uploads\/sites\/2\/2016\/08\/logo-1.png\",\"width\":300,\"height\":90,\"caption\":\"Schwaben International e.V.\"},\"image\":{\"@id\":\"https:\/\/www.schwaben-international.de\/schueleraustausch\/#\/schema\/logo\/image\/\"}}]}<\/script>\n<!-- \/ Yoast SEO plugin. -->","yoast_head_json":{"title":"El Salvador Auslandsaufenthalt - Sch\u00fcleraustausch Schwaben International e.V.","description":"Schwaben International e.V., engagiert in Kulturaustausch & V\u00f6lkerverst\u00e4ndigung. Internationaler Sch\u00fcleraustausch ist ein Schwerpunkt unserer T\u00e4tigkeit","robots":{"index":"index","follow":"follow","max-snippet":"max-snippet:-1","max-image-preview":"max-image-preview:large","max-video-preview":"max-video-preview:-1"},"canonical":"https:\/\/www.schwaben-international.de\/schueleraustausch\/laender-und-termine\/el-salvador\/auslandsaufenthalt-el-salvador\/","og_locale":"de_DE","og_type":"article","og_title":"El Salvador Auslandsaufenthalt - Sch\u00fcleraustausch Schwaben International e.V.","og_description":"Schwaben International e.V., engagiert in Kulturaustausch & V\u00f6lkerverst\u00e4ndigung. Internationaler Sch\u00fcleraustausch ist ein Schwerpunkt unserer T\u00e4tigkeit","og_url":"https:\/\/www.schwaben-international.de\/schueleraustausch\/laender-und-termine\/el-salvador\/auslandsaufenthalt-el-salvador\/","og_site_name":"Sch\u00fcleraustausch","article_modified_time":"2023-03-23T14:54:45+00:00","og_image":[{"width":1200,"height":300,"url":"https:\/\/www.schwaben-international.de\/schueleraustausch\/wp-content\/uploads\/sites\/2\/2016\/08\/allg-info-01.jpg","type":"image\/jpeg"}],"twitter_card":"summary_large_image","twitter_misc":{"Gesch\u00e4tzte Lesezeit":"1\u00a0Minute"},"schema":{"@context":"https:\/\/schema.org","@graph":[{"@type":"WebPage","@id":"https:\/\/www.schwaben-international.de\/schueleraustausch\/laender-und-termine\/el-salvador\/auslandsaufenthalt-el-salvador\/","url":"https:\/\/www.schwaben-international.de\/schueleraustausch\/laender-und-termine\/el-salvador\/auslandsaufenthalt-el-salvador\/","name":"El Salvador Auslandsaufenthalt - Sch\u00fcleraustausch Schwaben International e.V.","isPartOf":{"@id":"https:\/\/www.schwaben-international.de\/schueleraustausch\/#website"},"datePublished":"2019-07-01T14:36:17+00:00","dateModified":"2023-03-23T14:54:45+00:00","description":"Schwaben International e.V., engagiert in Kulturaustausch & V\u00f6lkerverst\u00e4ndigung. Internationaler Sch\u00fcleraustausch ist ein Schwerpunkt unserer T\u00e4tigkeit","breadcrumb":{"@id":"https:\/\/www.schwaben-international.de\/schueleraustausch\/laender-und-termine\/el-salvador\/auslandsaufenthalt-el-salvador\/#breadcrumb"},"inLanguage":"de","potentialAction":[{"@type":"ReadAction","target":["https:\/\/www.schwaben-international.de\/schueleraustausch\/laender-und-termine\/el-salvador\/auslandsaufenthalt-el-salvador\/"]}]},{"@type":"BreadcrumbList","@id":"https:\/\/www.schwaben-international.de\/schueleraustausch\/laender-und-termine\/el-salvador\/auslandsaufenthalt-el-salvador\/#breadcrumb","itemListElement":[{"@type":"ListItem","position":1,"name":"Startseite","item":"https:\/\/www.schwaben-international.de\/schueleraustausch\/"},{"@type":"ListItem","position":2,"name":"L\u00e4nder und Termine","item":"https:\/\/www.schwaben-international.de\/schueleraustausch\/laender-und-termine\/"},{"@type":"ListItem","position":3,"name":"El Salvador","item":"https:\/\/www.schwaben-international.de\/schueleraustausch\/laender-und-termine\/el-salvador\/"},{"@type":"ListItem","position":4,"name":"El Salvador Auslandsaufenthalt"}]},{"@type":"WebSite","@id":"https:\/\/www.schwaben-international.de\/schueleraustausch\/#website","url":"https:\/\/www.schwaben-international.de\/schueleraustausch\/","name":"Sch\u00fcleraustausch","description":"Schwaben International e.V.","publisher":{"@id":"https:\/\/www.schwaben-international.de\/schueleraustausch\/#organization"},"potentialAction":[{"@type":"SearchAction","target":{"@type":"EntryPoint","urlTemplate":"https:\/\/www.schwaben-international.de\/schueleraustausch\/?s={search_term_string}"},"query-input":{"@type":"PropertyValueSpecification","valueRequired":true,"valueName":"search_term_string"}}],"inLanguage":"de"},{"@type":"Organization","@id":"https:\/\/www.schwaben-international.de\/schueleraustausch\/#organization","name":"Schwaben International e.V.","url":"https:\/\/www.schwaben-international.de\/schueleraustausch\/","logo":{"@type":"ImageObject","inLanguage":"de","@id":"https:\/\/www.schwaben-international.de\/schueleraustausch\/#\/schema\/logo\/image\/","url":"https:\/\/www.schwaben-international.de\/schueleraustausch\/wp-content\/uploads\/sites\/2\/2016\/08\/logo-1.png","contentUrl":"https:\/\/www.schwaben-international.de\/schueleraustausch\/wp-content\/uploads\/sites\/2\/2016\/08\/logo-1.png","width":300,"height":90,"caption":"Schwaben International e.V."},"image":{"@id":"https:\/\/www.schwaben-international.de\/schueleraustausch\/#\/schema\/logo\/image\/"}}]}},"_links":{"self":[{"href":"https:\/\/www.schwaben-international.de\/schueleraustausch\/wp-json\/wp\/v2\/pages\/2086","targetHints":{"allow":["GET"]}}],"collection":[{"href":"https:\/\/www.schwaben-international.de\/schueleraustausch\/wp-json\/wp\/v2\/pages"}],"about":[{"href":"https:\/\/www.schwaben-international.de\/schueleraustausch\/wp-json\/wp\/v2\/types\/page"}],"author":[{"embeddable":true,"href":"https:\/\/www.schwaben-international.de\/schueleraustausch\/wp-json\/wp\/v2\/users\/2"}],"replies":[{"embeddable":true,"href":"https:\/\/www.schwaben-international.de\/schueleraustausch\/wp-json\/wp\/v2\/comments?post=2086"}],"version-history":[{"count":2,"href":"https:\/\/www.schwaben-international.de\/schueleraustausch\/wp-json\/wp\/v2\/pages\/2086\/revisions"}],"predecessor-version":[{"id":3293,"href":"https:\/\/www.schwaben-international.de\/schueleraustausch\/wp-json\/wp\/v2\/pages\/2086\/revisions\/3293"}],"up":[{"embeddable":true,"href":"https:\/\/www.schwaben-international.de\/schueleraustausch\/wp-json\/wp\/v2\/pages\/2006"}],"wp:attachment":[{"href":"https:\/\/www.schwaben-international.de\/schueleraustausch\/wp-json\/wp\/v2\/media?parent=2086"}],"curies":[{"name":"wp","href":"https:\/\/api.w.org\/{rel}","templated":true}]}}