{"id":2045,"date":"2019-05-15T13:25:24","date_gmt":"2019-05-15T11:25:24","guid":{"rendered":"http:\/\/www.schwaben-international.de\/schueleraustausch\/?page_id=2045"},"modified":"2023-03-27T10:06:14","modified_gmt":"2023-03-27T08:06:14","slug":"partnerschule-in-el-salvador","status":"publish","type":"page","link":"https:\/\/www.schwaben-international.de\/schueleraustausch\/infos\/partnerschulen\/partnerschule-in-el-salvador\/","title":{"rendered":"Partnerschule in El Salvador"},"content":{"rendered":"<header class=\"entry-header\">\n<h1 class=\"entry-title-post\"><a href=\"https:\/\/www.schwaben-international.de\/schueleraustausch\/2023\/03\/wir-sagen-auf-wiedersehen-nach-33-jahren-geht-eine-aera-zu-ende\/\" rel=\"bookmark\"><span style=\"color: #ff0000\">Wir sagen auf Wiedersehen! \u2013 Nach 33 Jahren geht eine \u00c4ra zu Ende<\/span><\/a><\/h1>\n<h6><\/h6>\n<h1 class=\"entry-title-post\"><span style=\"color: #ff6600\"><a style=\"color: #ff6600\" href=\"https:\/\/www.schwaben-international.de\/schueleraustausch\/2023\/03\/neuer-kooperationspartner-djo-deutschen-jugend-in-europa-landesverband-baden-wuerttemberg\/\" rel=\"bookmark\">Neuer Kooperationspartner djo \u2013 Deutschen Jugend in Europa Landesverband Baden-W\u00fcrttemberg<\/a><\/span><\/h1>\n<\/header>\n<p>&nbsp;<\/p>\n<p>&nbsp;<\/p>\n<header class=\"entry-header\">\n<h2><\/h2>\n<h2 class=\"entry-title-page\"><strong>Deutsche Schule San Salvador<\/strong><\/h2>\n<p><img loading=\"lazy\" decoding=\"async\" class=\"alignleft size-medium wp-image-2055\" src=\"https:\/\/www.schwaben-international.de\/schueleraustausch\/wp-content\/uploads\/sites\/2\/2019\/05\/San-Salvador-370x278.jpg\" alt=\"\" width=\"370\" height=\"278\" \/>Die Deutsche Schule, in einer ruhigeren Gegend der Hauptstadt San Salvadors gelegen, verf\u00fcgt neben einer modernen Sportanlage (dazu geh\u00f6ren ein Fu\u00dfballplatz mit Leichtathletikbahn, Turnhallen, zwei Schwimmbecken), einer Bibliothek, modern eingerichteten Fachkabinetten sowie mehreren Cafeterien und Kiosken \u00fcber alles, um einen erfolgreichen Schulalltag zu bieten. Die Pausen verbringen die Sch\u00fcler aller Klassenstufen gemeinsam auf dem weitl\u00e4ufigen Schulgel\u00e4nde und Sch\u00fcler nutzen jede Gelegenheit mit einem Muttersprachler ins Gespr\u00e4ch zu kommen. In unmittelbarer Schuln\u00e4he befinden sich verschiedene Einkaufsm\u00f6glichkeiten und zahlreiche Bistros, eine B\u00e4ckerei, Friseure.<\/p>\n<p>Zwischen Costa Rica und Guatemala liegt das kleine mittel-amerikanische Land El Salvador. Neben atemberaubenden Naturlandschaften, der Pazifikk\u00fcste und lang erloschenen Vulkanen machen einzigartige Erfahrungen den Aufenthalt in diesem Teil Mittelamerikas zu einem besonderen Erlebnis. In der unterrichtsfreien Zeit und besonders am Wochenende bieten sich Ausfl\u00fcge zu paradiesischen Str\u00e4nden oder den umliegenden Nationalparks an. Da es sich bei El Salvador um ein kleines Land (Gr\u00f6\u00dfe Hessens) handelt, sind diese Distanzen im Nu zur\u00fcckgelegt.<\/p>\n<p><strong>Filme \u00fcber die Deutsche Schule San Salvador<\/strong><\/p>\n<p><a href=\"https:\/\/www.youtube.com\/watch?v=TFpkU6lhv94\"><strong>https:\/\/www.youtube.com\/watch?v=TFpkU6lhv94\u00a0<\/strong><\/a>(\u201eFlug\u201c \u00fcber die Schule)<br \/>\n<strong><a href=\"https:\/\/youtu.be\/iQYFux6sdPE\" target=\"_blank\" rel=\"noopener\">https:\/\/youtu.be\/iQYFux6sdPE<\/a><\/strong><\/p>\n<p><strong>Impressionen aus El Salvador:<\/strong><\/p>\n<p><a href=\"https:\/\/www.youtube.com\/watch?v=lkUAgJf2zak\">https:\/\/www.youtube.com\/watch?v=lkUAgJf2zak<\/a><\/p>\n<p><a href=\"https:\/\/www.youtube.com\/watch?v=np15C5kuGlk\">https:\/\/www.youtube.com\/watch?v=np15C5kuGlk<\/a><\/p>\n<p><a href=\"https:\/\/www.youtube.com\/watch?v=WpiMAOEXms0\">https:\/\/www.youtube.com\/watch?v=WpiMAOEXms0<\/a><\/p>\n<p><a href=\"https:\/\/elsalvador.travel\/es\/\">https:\/\/elsalvador.travel\/es\/<\/a><\/p>\n<\/header>\n","protected":false},"excerpt":{"rendered":"<p>Die Deutsche Schule ist in einer ruhigeren Gegend der Hauptstadt San Salvadors gelegen. Sie verf\u00fcgt \u00fcber viele Bildungs- und Service-Einrichtungen, ein weitl\u00e4ufiges Schulgel\u00e4nde und Infrastruktur in der Umgegend, die einen erfolgreichen Schulalltag gew\u00e4hrleisten und erleichtern. <\/p>\n","protected":false},"author":2,"featured_media":0,"parent":52,"menu_order":14,"comment_status":"closed","ping_status":"closed","template":"","meta":{"footnotes":""},"class_list":["post-2045","page","type-page","status-publish","hentry"],"yoast_head":"<!-- This site is optimized with the Yoast SEO plugin v25.6 - https:\/\/yoast.com\/wordpress\/plugins\/seo\/ -->\n<title>Partnerschule in El Salvador - Sch\u00fcleraustausch Schwaben International e.V.<\/title>\n<meta name=\"description\" content=\"Schwaben International e.V., engagiert in Kulturaustausch &amp; V\u00f6lkerverst\u00e4ndigung. Internationaler Sch\u00fcleraustausch ist ein Schwerpunkt unserer T\u00e4tigkeit\" \/>\n<meta name=\"robots\" content=\"index, follow, max-snippet:-1, max-image-preview:large, max-video-preview:-1\" \/>\n<link rel=\"canonical\" href=\"https:\/\/www.schwaben-international.de\/schueleraustausch\/infos\/partnerschulen\/partnerschule-in-el-salvador\/\" \/>\n<meta property=\"og:locale\" content=\"de_DE\" \/>\n<meta property=\"og:type\" content=\"article\" \/>\n<meta property=\"og:title\" content=\"Partnerschule in El Salvador - Sch\u00fcleraustausch Schwaben International e.V.\" \/>\n<meta property=\"og:description\" content=\"Schwaben International e.V., engagiert in Kulturaustausch &amp; V\u00f6lkerverst\u00e4ndigung. Internationaler Sch\u00fcleraustausch ist ein Schwerpunkt unserer T\u00e4tigkeit\" \/>\n<meta property=\"og:url\" content=\"https:\/\/www.schwaben-international.de\/schueleraustausch\/infos\/partnerschulen\/partnerschule-in-el-salvador\/\" \/>\n<meta property=\"og:site_name\" content=\"Sch\u00fcleraustausch\" \/>\n<meta property=\"article:modified_time\" content=\"2023-03-27T08:06:14+00:00\" \/>\n<meta property=\"og:image\" content=\"https:\/\/www.schwaben-international.de\/schueleraustausch\/wp-content\/uploads\/sites\/2\/2019\/05\/San-Salvador-370x278.jpg\" \/>\n<meta name=\"twitter:card\" content=\"summary_large_image\" \/>\n<meta name=\"twitter:label1\" content=\"Gesch\u00e4tzte Lesezeit\" \/>\n\t<meta name=\"twitter:data1\" content=\"2\u00a0Minuten\" \/>\n<script type=\"application\/ld+json\" class=\"yoast-schema-graph\">{\"@context\":\"https:\/\/schema.org\",\"@graph\":[{\"@type\":\"WebPage\",\"@id\":\"https:\/\/www.schwaben-international.de\/schueleraustausch\/infos\/partnerschulen\/partnerschule-in-el-salvador\/\",\"url\":\"https:\/\/www.schwaben-international.de\/schueleraustausch\/infos\/partnerschulen\/partnerschule-in-el-salvador\/\",\"name\":\"Partnerschule in El Salvador - Sch\u00fcleraustausch Schwaben International e.V.\",\"isPartOf\":{\"@id\":\"https:\/\/www.schwaben-international.de\/schueleraustausch\/#website\"},\"primaryImageOfPage\":{\"@id\":\"https:\/\/www.schwaben-international.de\/schueleraustausch\/infos\/partnerschulen\/partnerschule-in-el-salvador\/#primaryimage\"},\"image\":{\"@id\":\"https:\/\/www.schwaben-international.de\/schueleraustausch\/infos\/partnerschulen\/partnerschule-in-el-salvador\/#primaryimage\"},\"thumbnailUrl\":\"https:\/\/www.schwaben-international.de\/schueleraustausch\/wp-content\/uploads\/sites\/2\/2019\/05\/San-Salvador-370x278.jpg\",\"datePublished\":\"2019-05-15T11:25:24+00:00\",\"dateModified\":\"2023-03-27T08:06:14+00:00\",\"description\":\"Schwaben International e.V., engagiert in Kulturaustausch & V\u00f6lkerverst\u00e4ndigung. Internationaler Sch\u00fcleraustausch ist ein Schwerpunkt unserer T\u00e4tigkeit\",\"breadcrumb\":{\"@id\":\"https:\/\/www.schwaben-international.de\/schueleraustausch\/infos\/partnerschulen\/partnerschule-in-el-salvador\/#breadcrumb\"},\"inLanguage\":\"de\",\"potentialAction\":[{\"@type\":\"ReadAction\",\"target\":[\"https:\/\/www.schwaben-international.de\/schueleraustausch\/infos\/partnerschulen\/partnerschule-in-el-salvador\/\"]}]},{\"@type\":\"ImageObject\",\"inLanguage\":\"de\",\"@id\":\"https:\/\/www.schwaben-international.de\/schueleraustausch\/infos\/partnerschulen\/partnerschule-in-el-salvador\/#primaryimage\",\"url\":\"https:\/\/www.schwaben-international.de\/schueleraustausch\/wp-content\/uploads\/sites\/2\/2019\/05\/San-Salvador.jpg\",\"contentUrl\":\"https:\/\/www.schwaben-international.de\/schueleraustausch\/wp-content\/uploads\/sites\/2\/2019\/05\/San-Salvador.jpg\",\"width\":370,\"height\":278},{\"@type\":\"BreadcrumbList\",\"@id\":\"https:\/\/www.schwaben-international.de\/schueleraustausch\/infos\/partnerschulen\/partnerschule-in-el-salvador\/#breadcrumb\",\"itemListElement\":[{\"@type\":\"ListItem\",\"position\":1,\"name\":\"Startseite\",\"item\":\"https:\/\/www.schwaben-international.de\/schueleraustausch\/\"},{\"@type\":\"ListItem\",\"position\":2,\"name\":\"Allgemeine Infos\",\"item\":\"https:\/\/www.schwaben-international.de\/schueleraustausch\/infos\/\"},{\"@type\":\"ListItem\",\"position\":3,\"name\":\"Partnerschulen und Partnerorganisationen\",\"item\":\"https:\/\/www.schwaben-international.de\/schueleraustausch\/infos\/partnerschulen\/\"},{\"@type\":\"ListItem\",\"position\":4,\"name\":\"Partnerschule in El Salvador\"}]},{\"@type\":\"WebSite\",\"@id\":\"https:\/\/www.schwaben-international.de\/schueleraustausch\/#website\",\"url\":\"https:\/\/www.schwaben-international.de\/schueleraustausch\/\",\"name\":\"Sch\u00fcleraustausch\",\"description\":\"Schwaben International e.V.\",\"publisher\":{\"@id\":\"https:\/\/www.schwaben-international.de\/schueleraustausch\/#organization\"},\"potentialAction\":[{\"@type\":\"SearchAction\",\"target\":{\"@type\":\"EntryPoint\",\"urlTemplate\":\"https:\/\/www.schwaben-international.de\/schueleraustausch\/?s={search_term_string}\"},\"query-input\":{\"@type\":\"PropertyValueSpecification\",\"valueRequired\":true,\"valueName\":\"search_term_string\"}}],\"inLanguage\":\"de\"},{\"@type\":\"Organization\",\"@id\":\"https:\/\/www.schwaben-international.de\/schueleraustausch\/#organization\",\"name\":\"Schwaben International e.V.\",\"url\":\"https:\/\/www.schwaben-international.de\/schueleraustausch\/\",\"logo\":{\"@type\":\"ImageObject\",\"inLanguage\":\"de\",\"@id\":\"https:\/\/www.schwaben-international.de\/schueleraustausch\/#\/schema\/logo\/image\/\",\"url\":\"https:\/\/www.schwaben-international.de\/schueleraustausch\/wp-content\/uploads\/sites\/2\/2016\/08\/logo-1.png\",\"contentUrl\":\"https:\/\/www.schwaben-international.de\/schueleraustausch\/wp-content\/uploads\/sites\/2\/2016\/08\/logo-1.png\",\"width\":300,\"height\":90,\"caption\":\"Schwaben International e.V.\"},\"image\":{\"@id\":\"https:\/\/www.schwaben-international.de\/schueleraustausch\/#\/schema\/logo\/image\/\"}}]}<\/script>\n<!-- \/ Yoast SEO plugin. -->","yoast_head_json":{"title":"Partnerschule in El Salvador - Sch\u00fcleraustausch Schwaben International e.V.","description":"Schwaben International e.V., engagiert in Kulturaustausch & V\u00f6lkerverst\u00e4ndigung. Internationaler Sch\u00fcleraustausch ist ein Schwerpunkt unserer T\u00e4tigkeit","robots":{"index":"index","follow":"follow","max-snippet":"max-snippet:-1","max-image-preview":"max-image-preview:large","max-video-preview":"max-video-preview:-1"},"canonical":"https:\/\/www.schwaben-international.de\/schueleraustausch\/infos\/partnerschulen\/partnerschule-in-el-salvador\/","og_locale":"de_DE","og_type":"article","og_title":"Partnerschule in El Salvador - Sch\u00fcleraustausch Schwaben International e.V.","og_description":"Schwaben International e.V., engagiert in Kulturaustausch & V\u00f6lkerverst\u00e4ndigung. Internationaler Sch\u00fcleraustausch ist ein Schwerpunkt unserer T\u00e4tigkeit","og_url":"https:\/\/www.schwaben-international.de\/schueleraustausch\/infos\/partnerschulen\/partnerschule-in-el-salvador\/","og_site_name":"Sch\u00fcleraustausch","article_modified_time":"2023-03-27T08:06:14+00:00","og_image":[{"url":"https:\/\/www.schwaben-international.de\/schueleraustausch\/wp-content\/uploads\/sites\/2\/2019\/05\/San-Salvador-370x278.jpg","type":"","width":"","height":""}],"twitter_card":"summary_large_image","twitter_misc":{"Gesch\u00e4tzte Lesezeit":"2\u00a0Minuten"},"schema":{"@context":"https:\/\/schema.org","@graph":[{"@type":"WebPage","@id":"https:\/\/www.schwaben-international.de\/schueleraustausch\/infos\/partnerschulen\/partnerschule-in-el-salvador\/","url":"https:\/\/www.schwaben-international.de\/schueleraustausch\/infos\/partnerschulen\/partnerschule-in-el-salvador\/","name":"Partnerschule in El Salvador - Sch\u00fcleraustausch Schwaben International e.V.","isPartOf":{"@id":"https:\/\/www.schwaben-international.de\/schueleraustausch\/#website"},"primaryImageOfPage":{"@id":"https:\/\/www.schwaben-international.de\/schueleraustausch\/infos\/partnerschulen\/partnerschule-in-el-salvador\/#primaryimage"},"image":{"@id":"https:\/\/www.schwaben-international.de\/schueleraustausch\/infos\/partnerschulen\/partnerschule-in-el-salvador\/#primaryimage"},"thumbnailUrl":"https:\/\/www.schwaben-international.de\/schueleraustausch\/wp-content\/uploads\/sites\/2\/2019\/05\/San-Salvador-370x278.jpg","datePublished":"2019-05-15T11:25:24+00:00","dateModified":"2023-03-27T08:06:14+00:00","description":"Schwaben International e.V., engagiert in Kulturaustausch & V\u00f6lkerverst\u00e4ndigung. Internationaler Sch\u00fcleraustausch ist ein Schwerpunkt unserer T\u00e4tigkeit","breadcrumb":{"@id":"https:\/\/www.schwaben-international.de\/schueleraustausch\/infos\/partnerschulen\/partnerschule-in-el-salvador\/#breadcrumb"},"inLanguage":"de","potentialAction":[{"@type":"ReadAction","target":["https:\/\/www.schwaben-international.de\/schueleraustausch\/infos\/partnerschulen\/partnerschule-in-el-salvador\/"]}]},{"@type":"ImageObject","inLanguage":"de","@id":"https:\/\/www.schwaben-international.de\/schueleraustausch\/infos\/partnerschulen\/partnerschule-in-el-salvador\/#primaryimage","url":"https:\/\/www.schwaben-international.de\/schueleraustausch\/wp-content\/uploads\/sites\/2\/2019\/05\/San-Salvador.jpg","contentUrl":"https:\/\/www.schwaben-international.de\/schueleraustausch\/wp-content\/uploads\/sites\/2\/2019\/05\/San-Salvador.jpg","width":370,"height":278},{"@type":"BreadcrumbList","@id":"https:\/\/www.schwaben-international.de\/schueleraustausch\/infos\/partnerschulen\/partnerschule-in-el-salvador\/#breadcrumb","itemListElement":[{"@type":"ListItem","position":1,"name":"Startseite","item":"https:\/\/www.schwaben-international.de\/schueleraustausch\/"},{"@type":"ListItem","position":2,"name":"Allgemeine Infos","item":"https:\/\/www.schwaben-international.de\/schueleraustausch\/infos\/"},{"@type":"ListItem","position":3,"name":"Partnerschulen und Partnerorganisationen","item":"https:\/\/www.schwaben-international.de\/schueleraustausch\/infos\/partnerschulen\/"},{"@type":"ListItem","position":4,"name":"Partnerschule in El Salvador"}]},{"@type":"WebSite","@id":"https:\/\/www.schwaben-international.de\/schueleraustausch\/#website","url":"https:\/\/www.schwaben-international.de\/schueleraustausch\/","name":"Sch\u00fcleraustausch","description":"Schwaben International e.V.","publisher":{"@id":"https:\/\/www.schwaben-international.de\/schueleraustausch\/#organization"},"potentialAction":[{"@type":"SearchAction","target":{"@type":"EntryPoint","urlTemplate":"https:\/\/www.schwaben-international.de\/schueleraustausch\/?s={search_term_string}"},"query-input":{"@type":"PropertyValueSpecification","valueRequired":true,"valueName":"search_term_string"}}],"inLanguage":"de"},{"@type":"Organization","@id":"https:\/\/www.schwaben-international.de\/schueleraustausch\/#organization","name":"Schwaben International e.V.","url":"https:\/\/www.schwaben-international.de\/schueleraustausch\/","logo":{"@type":"ImageObject","inLanguage":"de","@id":"https:\/\/www.schwaben-international.de\/schueleraustausch\/#\/schema\/logo\/image\/","url":"https:\/\/www.schwaben-international.de\/schueleraustausch\/wp-content\/uploads\/sites\/2\/2016\/08\/logo-1.png","contentUrl":"https:\/\/www.schwaben-international.de\/schueleraustausch\/wp-content\/uploads\/sites\/2\/2016\/08\/logo-1.png","width":300,"height":90,"caption":"Schwaben International e.V."},"image":{"@id":"https:\/\/www.schwaben-international.de\/schueleraustausch\/#\/schema\/logo\/image\/"}}]}},"_links":{"self":[{"href":"https:\/\/www.schwaben-international.de\/schueleraustausch\/wp-json\/wp\/v2\/pages\/2045","targetHints":{"allow":["GET"]}}],"collection":[{"href":"https:\/\/www.schwaben-international.de\/schueleraustausch\/wp-json\/wp\/v2\/pages"}],"about":[{"href":"https:\/\/www.schwaben-international.de\/schueleraustausch\/wp-json\/wp\/v2\/types\/page"}],"author":[{"embeddable":true,"href":"https:\/\/www.schwaben-international.de\/schueleraustausch\/wp-json\/wp\/v2\/users\/2"}],"replies":[{"embeddable":true,"href":"https:\/\/www.schwaben-international.de\/schueleraustausch\/wp-json\/wp\/v2\/comments?post=2045"}],"version-history":[{"count":2,"href":"https:\/\/www.schwaben-international.de\/schueleraustausch\/wp-json\/wp\/v2\/pages\/2045\/revisions"}],"predecessor-version":[{"id":3306,"href":"https:\/\/www.schwaben-international.de\/schueleraustausch\/wp-json\/wp\/v2\/pages\/2045\/revisions\/3306"}],"up":[{"embeddable":true,"href":"https:\/\/www.schwaben-international.de\/schueleraustausch\/wp-json\/wp\/v2\/pages\/52"}],"wp:attachment":[{"href":"https:\/\/www.schwaben-international.de\/schueleraustausch\/wp-json\/wp\/v2\/media?parent=2045"}],"curies":[{"name":"wp","href":"https:\/\/api.w.org\/{rel}","templated":true}]}}