{"id":19,"date":"2016-02-06T18:24:30","date_gmt":"2016-02-06T17:24:30","guid":{"rendered":"http:\/\/www.schwaben-international.de\/schueleraustausch\/?page_id=19"},"modified":"2023-03-23T15:08:25","modified_gmt":"2023-03-23T14:08:25","slug":"kontakt","status":"publish","type":"page","link":"https:\/\/www.schwaben-international.de\/schueleraustausch\/kontakt\/","title":{"rendered":"Kontakt"},"content":{"rendered":"<h1>Schwaben International e.V.<\/h1>\n<p>Sonnenmatte 51<br \/>\n72820 Sonnenbu\u0308hl-Erpfingen<br \/>\nTel 07128 92 99-60<br \/>\nFax 07128 9299-20<br \/>\n<a href=\"m&#97;&#105;&#108;&#116;&#111;&#58;&#105;nf&#111;&#64;s&#99;h&#119;&#97;&#98;&#101;n&#45;&#105;n&#116;&#101;r&#110;a&#116;&#105;&#111;n&#97;&#108;&#46;de\">&#105;nfo&#64;&#115;c&#104;w&#97;be&#110;&#45;in&#116;er&#110;at&#105;&#111;na&#108;.d&#101;<\/a>\n<h1>Sch\u00fcleraustausch<\/h1>\n<a href=\"ma&#105;l&#116;o&#58;&#115;c&#104;ue&#108;er&#64;&#115;chw&#97;b&#101;&#110;-inte&#114;&#110;&#97;&#116;i&#111;nal.d&#101;\">s&#99;&#104;u&#101;&#108;&#101;r&#64;s&#99;&#104;waben&#45;&#105;n&#116;ern&#97;t&#105;&#111;n&#97;l.d&#101;<\/a>\n<p><a href=\"https:\/\/www.facebook.com\/Schwaben-International-eV-Sch%C3%BCleraustausch-1479504188823252\/\" target=\"_blank\" rel=\"noopener noreferrer\"><img loading=\"lazy\" decoding=\"async\" class=\"alignleft wp-image-1531 size-full\" src=\"https:\/\/www.schwaben-international.de\/schueleraustausch\/wp-content\/uploads\/sites\/2\/2018\/02\/FB-f-Logo__blue_50.png\" alt=\"\" width=\"50\" height=\"50\" \/><\/a><\/p>\n","protected":false},"excerpt":{"rendered":"<p>Schwaben International e.V. Sonnenmatte 51 72820 Sonnenbu\u0308hl-Erpfingen Tel 07128 92 99-60 Fax 07128 9299-20 Sch\u00fcleraustausch<\/p>\n","protected":false},"author":2,"featured_media":0,"parent":0,"menu_order":36,"comment_status":"closed","ping_status":"closed","template":"","meta":{"footnotes":""},"class_list":["post-19","page","type-page","status-publish","hentry"],"yoast_head":"<!-- This site is optimized with the Yoast SEO plugin v25.6 - https:\/\/yoast.com\/wordpress\/plugins\/seo\/ -->\n<title>Kontakt - Sch\u00fcleraustausch Schwaben International e.V.<\/title>\n<meta name=\"description\" content=\"Schwaben International e.V. Uhlandstr. 19 70182 Stuttgart Sch\u00fcleraustausch Frau Luvar\u00e0 \/ Frau Pfizenmayer \/ Frau Weber Tel 0711 237 29 13 Fax 0711 237 29 31\" \/>\n<meta name=\"robots\" content=\"index, follow, max-snippet:-1, max-image-preview:large, max-video-preview:-1\" \/>\n<link rel=\"canonical\" href=\"https:\/\/www.schwaben-international.de\/schueleraustausch\/kontakt\/\" \/>\n<meta property=\"og:locale\" content=\"de_DE\" \/>\n<meta property=\"og:type\" content=\"article\" \/>\n<meta property=\"og:title\" content=\"Kontakt - Sch\u00fcleraustausch Schwaben International e.V.\" \/>\n<meta property=\"og:description\" content=\"Schwaben International e.V. Uhlandstr. 19 70182 Stuttgart Sch\u00fcleraustausch Frau Luvar\u00e0 \/ Frau Pfizenmayer \/ Frau Weber Tel 0711 237 29 13 Fax 0711 237 29 31\" \/>\n<meta property=\"og:url\" content=\"https:\/\/www.schwaben-international.de\/schueleraustausch\/kontakt\/\" \/>\n<meta property=\"og:site_name\" content=\"Sch\u00fcleraustausch\" \/>\n<meta property=\"article:modified_time\" content=\"2023-03-23T14:08:25+00:00\" \/>\n<meta property=\"og:image\" content=\"https:\/\/www.schwaben-international.de\/schueleraustausch\/wp-content\/uploads\/sites\/2\/2018\/02\/FB-f-Logo__blue_50.png\" \/>\n<meta name=\"twitter:card\" content=\"summary_large_image\" \/>\n<meta name=\"twitter:label1\" content=\"Gesch\u00e4tzte Lesezeit\" \/>\n\t<meta name=\"twitter:data1\" content=\"1\u00a0Minute\" \/>\n<script type=\"application\/ld+json\" class=\"yoast-schema-graph\">{\"@context\":\"https:\/\/schema.org\",\"@graph\":[{\"@type\":\"WebPage\",\"@id\":\"https:\/\/www.schwaben-international.de\/schueleraustausch\/kontakt\/\",\"url\":\"https:\/\/www.schwaben-international.de\/schueleraustausch\/kontakt\/\",\"name\":\"Kontakt - Sch\u00fcleraustausch Schwaben International e.V.\",\"isPartOf\":{\"@id\":\"https:\/\/www.schwaben-international.de\/schueleraustausch\/#website\"},\"primaryImageOfPage\":{\"@id\":\"https:\/\/www.schwaben-international.de\/schueleraustausch\/kontakt\/#primaryimage\"},\"image\":{\"@id\":\"https:\/\/www.schwaben-international.de\/schueleraustausch\/kontakt\/#primaryimage\"},\"thumbnailUrl\":\"https:\/\/www.schwaben-international.de\/schueleraustausch\/wp-content\/uploads\/sites\/2\/2018\/02\/FB-f-Logo__blue_50.png\",\"datePublished\":\"2016-02-06T17:24:30+00:00\",\"dateModified\":\"2023-03-23T14:08:25+00:00\",\"description\":\"Schwaben International e.V. Uhlandstr. 19 70182 Stuttgart Sch\u00fcleraustausch Frau Luvar\u00e0 \/ Frau Pfizenmayer \/ Frau Weber Tel 0711 237 29 13 Fax 0711 237 29 31\",\"breadcrumb\":{\"@id\":\"https:\/\/www.schwaben-international.de\/schueleraustausch\/kontakt\/#breadcrumb\"},\"inLanguage\":\"de\",\"potentialAction\":[{\"@type\":\"ReadAction\",\"target\":[\"https:\/\/www.schwaben-international.de\/schueleraustausch\/kontakt\/\"]}]},{\"@type\":\"ImageObject\",\"inLanguage\":\"de\",\"@id\":\"https:\/\/www.schwaben-international.de\/schueleraustausch\/kontakt\/#primaryimage\",\"url\":\"https:\/\/www.schwaben-international.de\/schueleraustausch\/wp-content\/uploads\/sites\/2\/2018\/02\/FB-f-Logo__blue_50.png\",\"contentUrl\":\"https:\/\/www.schwaben-international.de\/schueleraustausch\/wp-content\/uploads\/sites\/2\/2018\/02\/FB-f-Logo__blue_50.png\",\"width\":50,\"height\":50},{\"@type\":\"BreadcrumbList\",\"@id\":\"https:\/\/www.schwaben-international.de\/schueleraustausch\/kontakt\/#breadcrumb\",\"itemListElement\":[{\"@type\":\"ListItem\",\"position\":1,\"name\":\"Startseite\",\"item\":\"https:\/\/www.schwaben-international.de\/schueleraustausch\/\"},{\"@type\":\"ListItem\",\"position\":2,\"name\":\"Kontakt\"}]},{\"@type\":\"WebSite\",\"@id\":\"https:\/\/www.schwaben-international.de\/schueleraustausch\/#website\",\"url\":\"https:\/\/www.schwaben-international.de\/schueleraustausch\/\",\"name\":\"Sch\u00fcleraustausch\",\"description\":\"Schwaben International e.V.\",\"publisher\":{\"@id\":\"https:\/\/www.schwaben-international.de\/schueleraustausch\/#organization\"},\"potentialAction\":[{\"@type\":\"SearchAction\",\"target\":{\"@type\":\"EntryPoint\",\"urlTemplate\":\"https:\/\/www.schwaben-international.de\/schueleraustausch\/?s={search_term_string}\"},\"query-input\":{\"@type\":\"PropertyValueSpecification\",\"valueRequired\":true,\"valueName\":\"search_term_string\"}}],\"inLanguage\":\"de\"},{\"@type\":\"Organization\",\"@id\":\"https:\/\/www.schwaben-international.de\/schueleraustausch\/#organization\",\"name\":\"Schwaben International e.V.\",\"url\":\"https:\/\/www.schwaben-international.de\/schueleraustausch\/\",\"logo\":{\"@type\":\"ImageObject\",\"inLanguage\":\"de\",\"@id\":\"https:\/\/www.schwaben-international.de\/schueleraustausch\/#\/schema\/logo\/image\/\",\"url\":\"https:\/\/www.schwaben-international.de\/schueleraustausch\/wp-content\/uploads\/sites\/2\/2016\/08\/logo-1.png\",\"contentUrl\":\"https:\/\/www.schwaben-international.de\/schueleraustausch\/wp-content\/uploads\/sites\/2\/2016\/08\/logo-1.png\",\"width\":300,\"height\":90,\"caption\":\"Schwaben International e.V.\"},\"image\":{\"@id\":\"https:\/\/www.schwaben-international.de\/schueleraustausch\/#\/schema\/logo\/image\/\"}}]}<\/script>\n<!-- \/ Yoast SEO plugin. -->","yoast_head_json":{"title":"Kontakt - Sch\u00fcleraustausch Schwaben International e.V.","description":"Schwaben International e.V. Uhlandstr. 19 70182 Stuttgart Sch\u00fcleraustausch Frau Luvar\u00e0 \/ Frau Pfizenmayer \/ Frau Weber Tel 0711 237 29 13 Fax 0711 237 29 31","robots":{"index":"index","follow":"follow","max-snippet":"max-snippet:-1","max-image-preview":"max-image-preview:large","max-video-preview":"max-video-preview:-1"},"canonical":"https:\/\/www.schwaben-international.de\/schueleraustausch\/kontakt\/","og_locale":"de_DE","og_type":"article","og_title":"Kontakt - Sch\u00fcleraustausch Schwaben International e.V.","og_description":"Schwaben International e.V. Uhlandstr. 19 70182 Stuttgart Sch\u00fcleraustausch Frau Luvar\u00e0 \/ Frau Pfizenmayer \/ Frau Weber Tel 0711 237 29 13 Fax 0711 237 29 31","og_url":"https:\/\/www.schwaben-international.de\/schueleraustausch\/kontakt\/","og_site_name":"Sch\u00fcleraustausch","article_modified_time":"2023-03-23T14:08:25+00:00","og_image":[{"url":"https:\/\/www.schwaben-international.de\/schueleraustausch\/wp-content\/uploads\/sites\/2\/2018\/02\/FB-f-Logo__blue_50.png","type":"","width":"","height":""}],"twitter_card":"summary_large_image","twitter_misc":{"Gesch\u00e4tzte Lesezeit":"1\u00a0Minute"},"schema":{"@context":"https:\/\/schema.org","@graph":[{"@type":"WebPage","@id":"https:\/\/www.schwaben-international.de\/schueleraustausch\/kontakt\/","url":"https:\/\/www.schwaben-international.de\/schueleraustausch\/kontakt\/","name":"Kontakt - Sch\u00fcleraustausch Schwaben International e.V.","isPartOf":{"@id":"https:\/\/www.schwaben-international.de\/schueleraustausch\/#website"},"primaryImageOfPage":{"@id":"https:\/\/www.schwaben-international.de\/schueleraustausch\/kontakt\/#primaryimage"},"image":{"@id":"https:\/\/www.schwaben-international.de\/schueleraustausch\/kontakt\/#primaryimage"},"thumbnailUrl":"https:\/\/www.schwaben-international.de\/schueleraustausch\/wp-content\/uploads\/sites\/2\/2018\/02\/FB-f-Logo__blue_50.png","datePublished":"2016-02-06T17:24:30+00:00","dateModified":"2023-03-23T14:08:25+00:00","description":"Schwaben International e.V. Uhlandstr. 19 70182 Stuttgart Sch\u00fcleraustausch Frau Luvar\u00e0 \/ Frau Pfizenmayer \/ Frau Weber Tel 0711 237 29 13 Fax 0711 237 29 31","breadcrumb":{"@id":"https:\/\/www.schwaben-international.de\/schueleraustausch\/kontakt\/#breadcrumb"},"inLanguage":"de","potentialAction":[{"@type":"ReadAction","target":["https:\/\/www.schwaben-international.de\/schueleraustausch\/kontakt\/"]}]},{"@type":"ImageObject","inLanguage":"de","@id":"https:\/\/www.schwaben-international.de\/schueleraustausch\/kontakt\/#primaryimage","url":"https:\/\/www.schwaben-international.de\/schueleraustausch\/wp-content\/uploads\/sites\/2\/2018\/02\/FB-f-Logo__blue_50.png","contentUrl":"https:\/\/www.schwaben-international.de\/schueleraustausch\/wp-content\/uploads\/sites\/2\/2018\/02\/FB-f-Logo__blue_50.png","width":50,"height":50},{"@type":"BreadcrumbList","@id":"https:\/\/www.schwaben-international.de\/schueleraustausch\/kontakt\/#breadcrumb","itemListElement":[{"@type":"ListItem","position":1,"name":"Startseite","item":"https:\/\/www.schwaben-international.de\/schueleraustausch\/"},{"@type":"ListItem","position":2,"name":"Kontakt"}]},{"@type":"WebSite","@id":"https:\/\/www.schwaben-international.de\/schueleraustausch\/#website","url":"https:\/\/www.schwaben-international.de\/schueleraustausch\/","name":"Sch\u00fcleraustausch","description":"Schwaben International e.V.","publisher":{"@id":"https:\/\/www.schwaben-international.de\/schueleraustausch\/#organization"},"potentialAction":[{"@type":"SearchAction","target":{"@type":"EntryPoint","urlTemplate":"https:\/\/www.schwaben-international.de\/schueleraustausch\/?s={search_term_string}"},"query-input":{"@type":"PropertyValueSpecification","valueRequired":true,"valueName":"search_term_string"}}],"inLanguage":"de"},{"@type":"Organization","@id":"https:\/\/www.schwaben-international.de\/schueleraustausch\/#organization","name":"Schwaben International e.V.","url":"https:\/\/www.schwaben-international.de\/schueleraustausch\/","logo":{"@type":"ImageObject","inLanguage":"de","@id":"https:\/\/www.schwaben-international.de\/schueleraustausch\/#\/schema\/logo\/image\/","url":"https:\/\/www.schwaben-international.de\/schueleraustausch\/wp-content\/uploads\/sites\/2\/2016\/08\/logo-1.png","contentUrl":"https:\/\/www.schwaben-international.de\/schueleraustausch\/wp-content\/uploads\/sites\/2\/2016\/08\/logo-1.png","width":300,"height":90,"caption":"Schwaben International e.V."},"image":{"@id":"https:\/\/www.schwaben-international.de\/schueleraustausch\/#\/schema\/logo\/image\/"}}]}},"_links":{"self":[{"href":"https:\/\/www.schwaben-international.de\/schueleraustausch\/wp-json\/wp\/v2\/pages\/19","targetHints":{"allow":["GET"]}}],"collection":[{"href":"https:\/\/www.schwaben-international.de\/schueleraustausch\/wp-json\/wp\/v2\/pages"}],"about":[{"href":"https:\/\/www.schwaben-international.de\/schueleraustausch\/wp-json\/wp\/v2\/types\/page"}],"author":[{"embeddable":true,"href":"https:\/\/www.schwaben-international.de\/schueleraustausch\/wp-json\/wp\/v2\/users\/2"}],"replies":[{"embeddable":true,"href":"https:\/\/www.schwaben-international.de\/schueleraustausch\/wp-json\/wp\/v2\/comments?post=19"}],"version-history":[{"count":2,"href":"https:\/\/www.schwaben-international.de\/schueleraustausch\/wp-json\/wp\/v2\/pages\/19\/revisions"}],"predecessor-version":[{"id":3262,"href":"https:\/\/www.schwaben-international.de\/schueleraustausch\/wp-json\/wp\/v2\/pages\/19\/revisions\/3262"}],"wp:attachment":[{"href":"https:\/\/www.schwaben-international.de\/schueleraustausch\/wp-json\/wp\/v2\/media?parent=19"}],"curies":[{"name":"wp","href":"https:\/\/api.w.org\/{rel}","templated":true}]}}