{"id":1466,"date":"2018-01-15T16:07:03","date_gmt":"2018-01-15T15:07:03","guid":{"rendered":"http:\/\/www.schwaben-international.de\/schueleraustausch\/?page_id=1466"},"modified":"2023-03-23T15:51:55","modified_gmt":"2023-03-23T14:51:55","slug":"argentinien-auslandsaufenthalt","status":"publish","type":"page","link":"https:\/\/www.schwaben-international.de\/schueleraustausch\/laender-und-termine\/argentinien\/argentinien-auslandsaufenthalt\/","title":{"rendered":"Argentinien Auslandsaufenthalt"},"content":{"rendered":"<h1 class=\"entry-title-post\"><a href=\"https:\/\/www.schwaben-international.de\/schueleraustausch\/2023\/03\/wir-sagen-auf-wiedersehen-nach-33-jahren-geht-eine-aera-zu-ende\/\" rel=\"bookmark\"><span style=\"color: #ff0000\">Wir sagen auf Wiedersehen! \u2013 Nach 33 Jahren geht eine \u00c4ra zu Ende<\/span><\/a><\/h1>\n<h6><\/h6>\n<h1 class=\"entry-title-post\"><a href=\"https:\/\/www.schwaben-international.de\/schueleraustausch\/2023\/03\/neuer-kooperationspartner-djo-deutschen-jugend-in-europa-landesverband-baden-wuerttemberg\/\" rel=\"bookmark\"><span style=\"color: #ff6600\">Neuer Kooperationspartner djo \u2013 Deutschen Jugend in Europa Landesverband Baden-W\u00fcrttemberg<\/span><\/a><\/h1>\n<p>&nbsp;<\/p>\n<p>&nbsp;<\/p>\n<h1>Auslandsaufenthalt in Coronazeiten<\/h1>\n<p>Hallo &#8211; hola \u2013 ol\u00e1,<br \/>\nsch\u00f6n, dass Ihr auf unserer Website vorbeischaut. Das zeugt davon, dass ihr trotz der Pandemie-Situation noch Tr\u00e4ume habt \u2013 und darin m\u00f6chten wir Euch best\u00e4rken. Wichtig in der heutigen Zeit scheint es uns zu sein, dass wir in allem sehr flexibel bleiben. <a href=\"https:\/\/www.schwaben-international.de\/schueleraustausch\/2020\/08\/fuer-interessierte-am-auslandsaufenthalt-in-sued-und-mittelamerika\/\" target=\"_blank\" rel=\"noopener noreferrer\">weiterlesen<\/a><\/p>\n<p><a href=\"https:\/\/www.schwaben-international.de\/schueleraustausch\/haeufig-gestellte-fragen\/faq-corona-fuer-interessierte-am-auslandsaufenthalt-in-sued-und-mittelamerika\/\" target=\"_blank\" rel=\"noopener noreferrer\">FAQ Corona Auslandsaufenthalt<\/a><\/p>\n<h1>Auslandsaufenthalt Argentinien<\/h1>\n<p>Von Januar bis Februar 2020 war zum ersten Mal eine Gruppe von 16\/17-j\u00e4hrigen Jugendlichen \u00fcber unsere argentinische Partnerorganisation <a href=\"https:\/\/www.schwaben-international.de\/schueleraustausch\/infos\/partnerschulen\/argentinien\/\">Fundacion Wachnitz<\/a> f\u00fcr vier Wochen zum Sch\u00fcleraustausch in Deutschland. Die Austauschsch\u00fcler*innen besuchen die Goethe Schule in Rosario.<\/p>\n<p>Vorort gibt es eine Ansprechpartnerin von der Fundacion Wachnitz f\u00fcr die Austauschsch\u00fcler*innen, die jederzeit mobil erreichbar ist.<\/p>\n<p>W\u00e4hrend des Aufenthaltes in Argentinien leben die Jugendlichen in Gastfamilien und besuchen den regul\u00e4ren Schulunterricht.<\/p>\n<p>Wir vermitteln den Kontakt zwischen den Interessierten, um sich \u00fcber gemeinsame Flugdaten zu verst\u00e4ndigen. Die Fl\u00fcge sind \u00fcber unsere Reiseabteilung buchbar.<\/p>\n<p>Der Abschluss einer Kranken-, Haftpflicht-, Unfall- und Assistanceversicherung ist \u00fcber Schwaben International m\u00f6glich.<\/p>\n<p>Wir versorgen Sie gerne mit allen n\u00f6tigen Reiseinformationen.<\/p>\n<p>Die Bearbeitungsgeb\u00fchr f\u00fcr den individuellen Gegenaustausch betr\u00e4gt 500,- Euro (Schwaben International e.V. und Fundacion Wachnitz), ohne Flug und Versicherung.<\/p>\n<p>&nbsp;<\/p>\n","protected":false},"excerpt":{"rendered":"<p>Wir sagen auf Wiedersehen! \u2013 Nach 33 Jahren geht eine \u00c4ra zu Ende Neuer Kooperationspartner djo \u2013 Deutschen Jugend in Europa Landesverband Baden-W\u00fcrttemberg &nbsp; &nbsp; Auslandsaufenthalt in Coronazeiten Hallo &#8211; hola \u2013 ol\u00e1, sch\u00f6n, dass Ihr auf unserer Website vorbeischaut. Das zeugt davon, dass ihr trotz der Pandemie-Situation noch Tr\u00e4ume habt \u2013 und darin m\u00f6chten wir Euch best\u00e4rken. Wichtig in der heutigen Zeit scheint es &hellip; <a href=\"https:\/\/www.schwaben-international.de\/schueleraustausch\/laender-und-termine\/argentinien\/argentinien-auslandsaufenthalt\/\" class=\"more-link\">weiterlesen <span class=\"screen-reader-text\">Argentinien Auslandsaufenthalt<\/span> <span class=\u201emeta-nav\u201c>&raquo;<\/span><\/a><\/p>\n","protected":false},"author":2,"featured_media":0,"parent":94,"menu_order":17,"comment_status":"closed","ping_status":"closed","template":"","meta":{"footnotes":""},"class_list":["post-1466","page","type-page","status-publish","hentry"],"yoast_head":"<!-- This site is optimized with the Yoast SEO plugin v25.6 - https:\/\/yoast.com\/wordpress\/plugins\/seo\/ -->\n<title>Argentinien Auslandsaufenthalt - Sch\u00fcleraustausch Schwaben International e.V.<\/title>\n<meta name=\"description\" content=\"Schwaben International e.V., engagiert in Kulturaustausch &amp; V\u00f6lkerverst\u00e4ndigung. Internationaler Sch\u00fcleraustausch ist ein Schwerpunkt unserer T\u00e4tigkeit\" \/>\n<meta name=\"robots\" content=\"index, follow, max-snippet:-1, max-image-preview:large, max-video-preview:-1\" \/>\n<link rel=\"canonical\" href=\"https:\/\/www.schwaben-international.de\/schueleraustausch\/laender-und-termine\/argentinien\/argentinien-auslandsaufenthalt\/\" \/>\n<meta property=\"og:locale\" content=\"de_DE\" \/>\n<meta property=\"og:type\" content=\"article\" \/>\n<meta property=\"og:title\" content=\"Argentinien Auslandsaufenthalt - Sch\u00fcleraustausch Schwaben International e.V.\" \/>\n<meta property=\"og:description\" content=\"Schwaben International e.V., engagiert in Kulturaustausch &amp; V\u00f6lkerverst\u00e4ndigung. Internationaler Sch\u00fcleraustausch ist ein Schwerpunkt unserer T\u00e4tigkeit\" \/>\n<meta property=\"og:url\" content=\"https:\/\/www.schwaben-international.de\/schueleraustausch\/laender-und-termine\/argentinien\/argentinien-auslandsaufenthalt\/\" \/>\n<meta property=\"og:site_name\" content=\"Sch\u00fcleraustausch\" \/>\n<meta property=\"article:modified_time\" content=\"2023-03-23T14:51:55+00:00\" \/>\n<meta property=\"og:image\" content=\"https:\/\/www.schwaben-international.de\/schueleraustausch\/wp-content\/uploads\/sites\/2\/2016\/08\/allg-info-01.jpg\" \/>\n\t<meta property=\"og:image:width\" content=\"1200\" \/>\n\t<meta property=\"og:image:height\" content=\"300\" \/>\n\t<meta property=\"og:image:type\" content=\"image\/jpeg\" \/>\n<meta name=\"twitter:card\" content=\"summary_large_image\" \/>\n<meta name=\"twitter:label1\" content=\"Gesch\u00e4tzte Lesezeit\" \/>\n\t<meta name=\"twitter:data1\" content=\"2\u00a0Minuten\" \/>\n<script type=\"application\/ld+json\" class=\"yoast-schema-graph\">{\"@context\":\"https:\/\/schema.org\",\"@graph\":[{\"@type\":\"WebPage\",\"@id\":\"https:\/\/www.schwaben-international.de\/schueleraustausch\/laender-und-termine\/argentinien\/argentinien-auslandsaufenthalt\/\",\"url\":\"https:\/\/www.schwaben-international.de\/schueleraustausch\/laender-und-termine\/argentinien\/argentinien-auslandsaufenthalt\/\",\"name\":\"Argentinien Auslandsaufenthalt - Sch\u00fcleraustausch Schwaben International e.V.\",\"isPartOf\":{\"@id\":\"https:\/\/www.schwaben-international.de\/schueleraustausch\/#website\"},\"datePublished\":\"2018-01-15T15:07:03+00:00\",\"dateModified\":\"2023-03-23T14:51:55+00:00\",\"description\":\"Schwaben International e.V., engagiert in Kulturaustausch & V\u00f6lkerverst\u00e4ndigung. Internationaler Sch\u00fcleraustausch ist ein Schwerpunkt unserer T\u00e4tigkeit\",\"breadcrumb\":{\"@id\":\"https:\/\/www.schwaben-international.de\/schueleraustausch\/laender-und-termine\/argentinien\/argentinien-auslandsaufenthalt\/#breadcrumb\"},\"inLanguage\":\"de\",\"potentialAction\":[{\"@type\":\"ReadAction\",\"target\":[\"https:\/\/www.schwaben-international.de\/schueleraustausch\/laender-und-termine\/argentinien\/argentinien-auslandsaufenthalt\/\"]}]},{\"@type\":\"BreadcrumbList\",\"@id\":\"https:\/\/www.schwaben-international.de\/schueleraustausch\/laender-und-termine\/argentinien\/argentinien-auslandsaufenthalt\/#breadcrumb\",\"itemListElement\":[{\"@type\":\"ListItem\",\"position\":1,\"name\":\"Startseite\",\"item\":\"https:\/\/www.schwaben-international.de\/schueleraustausch\/\"},{\"@type\":\"ListItem\",\"position\":2,\"name\":\"L\u00e4nder und Termine\",\"item\":\"https:\/\/www.schwaben-international.de\/schueleraustausch\/laender-und-termine\/\"},{\"@type\":\"ListItem\",\"position\":3,\"name\":\"Argentinien\",\"item\":\"https:\/\/www.schwaben-international.de\/schueleraustausch\/laender-und-termine\/argentinien\/\"},{\"@type\":\"ListItem\",\"position\":4,\"name\":\"Argentinien Auslandsaufenthalt\"}]},{\"@type\":\"WebSite\",\"@id\":\"https:\/\/www.schwaben-international.de\/schueleraustausch\/#website\",\"url\":\"https:\/\/www.schwaben-international.de\/schueleraustausch\/\",\"name\":\"Sch\u00fcleraustausch\",\"description\":\"Schwaben International e.V.\",\"publisher\":{\"@id\":\"https:\/\/www.schwaben-international.de\/schueleraustausch\/#organization\"},\"potentialAction\":[{\"@type\":\"SearchAction\",\"target\":{\"@type\":\"EntryPoint\",\"urlTemplate\":\"https:\/\/www.schwaben-international.de\/schueleraustausch\/?s={search_term_string}\"},\"query-input\":{\"@type\":\"PropertyValueSpecification\",\"valueRequired\":true,\"valueName\":\"search_term_string\"}}],\"inLanguage\":\"de\"},{\"@type\":\"Organization\",\"@id\":\"https:\/\/www.schwaben-international.de\/schueleraustausch\/#organization\",\"name\":\"Schwaben International e.V.\",\"url\":\"https:\/\/www.schwaben-international.de\/schueleraustausch\/\",\"logo\":{\"@type\":\"ImageObject\",\"inLanguage\":\"de\",\"@id\":\"https:\/\/www.schwaben-international.de\/schueleraustausch\/#\/schema\/logo\/image\/\",\"url\":\"https:\/\/www.schwaben-international.de\/schueleraustausch\/wp-content\/uploads\/sites\/2\/2016\/08\/logo-1.png\",\"contentUrl\":\"https:\/\/www.schwaben-international.de\/schueleraustausch\/wp-content\/uploads\/sites\/2\/2016\/08\/logo-1.png\",\"width\":300,\"height\":90,\"caption\":\"Schwaben International e.V.\"},\"image\":{\"@id\":\"https:\/\/www.schwaben-international.de\/schueleraustausch\/#\/schema\/logo\/image\/\"}}]}<\/script>\n<!-- \/ Yoast SEO plugin. -->","yoast_head_json":{"title":"Argentinien Auslandsaufenthalt - Sch\u00fcleraustausch Schwaben International e.V.","description":"Schwaben International e.V., engagiert in Kulturaustausch & V\u00f6lkerverst\u00e4ndigung. Internationaler Sch\u00fcleraustausch ist ein Schwerpunkt unserer T\u00e4tigkeit","robots":{"index":"index","follow":"follow","max-snippet":"max-snippet:-1","max-image-preview":"max-image-preview:large","max-video-preview":"max-video-preview:-1"},"canonical":"https:\/\/www.schwaben-international.de\/schueleraustausch\/laender-und-termine\/argentinien\/argentinien-auslandsaufenthalt\/","og_locale":"de_DE","og_type":"article","og_title":"Argentinien Auslandsaufenthalt - Sch\u00fcleraustausch Schwaben International e.V.","og_description":"Schwaben International e.V., engagiert in Kulturaustausch & V\u00f6lkerverst\u00e4ndigung. Internationaler Sch\u00fcleraustausch ist ein Schwerpunkt unserer T\u00e4tigkeit","og_url":"https:\/\/www.schwaben-international.de\/schueleraustausch\/laender-und-termine\/argentinien\/argentinien-auslandsaufenthalt\/","og_site_name":"Sch\u00fcleraustausch","article_modified_time":"2023-03-23T14:51:55+00:00","og_image":[{"width":1200,"height":300,"url":"https:\/\/www.schwaben-international.de\/schueleraustausch\/wp-content\/uploads\/sites\/2\/2016\/08\/allg-info-01.jpg","type":"image\/jpeg"}],"twitter_card":"summary_large_image","twitter_misc":{"Gesch\u00e4tzte Lesezeit":"2\u00a0Minuten"},"schema":{"@context":"https:\/\/schema.org","@graph":[{"@type":"WebPage","@id":"https:\/\/www.schwaben-international.de\/schueleraustausch\/laender-und-termine\/argentinien\/argentinien-auslandsaufenthalt\/","url":"https:\/\/www.schwaben-international.de\/schueleraustausch\/laender-und-termine\/argentinien\/argentinien-auslandsaufenthalt\/","name":"Argentinien Auslandsaufenthalt - Sch\u00fcleraustausch Schwaben International e.V.","isPartOf":{"@id":"https:\/\/www.schwaben-international.de\/schueleraustausch\/#website"},"datePublished":"2018-01-15T15:07:03+00:00","dateModified":"2023-03-23T14:51:55+00:00","description":"Schwaben International e.V., engagiert in Kulturaustausch & V\u00f6lkerverst\u00e4ndigung. Internationaler Sch\u00fcleraustausch ist ein Schwerpunkt unserer T\u00e4tigkeit","breadcrumb":{"@id":"https:\/\/www.schwaben-international.de\/schueleraustausch\/laender-und-termine\/argentinien\/argentinien-auslandsaufenthalt\/#breadcrumb"},"inLanguage":"de","potentialAction":[{"@type":"ReadAction","target":["https:\/\/www.schwaben-international.de\/schueleraustausch\/laender-und-termine\/argentinien\/argentinien-auslandsaufenthalt\/"]}]},{"@type":"BreadcrumbList","@id":"https:\/\/www.schwaben-international.de\/schueleraustausch\/laender-und-termine\/argentinien\/argentinien-auslandsaufenthalt\/#breadcrumb","itemListElement":[{"@type":"ListItem","position":1,"name":"Startseite","item":"https:\/\/www.schwaben-international.de\/schueleraustausch\/"},{"@type":"ListItem","position":2,"name":"L\u00e4nder und Termine","item":"https:\/\/www.schwaben-international.de\/schueleraustausch\/laender-und-termine\/"},{"@type":"ListItem","position":3,"name":"Argentinien","item":"https:\/\/www.schwaben-international.de\/schueleraustausch\/laender-und-termine\/argentinien\/"},{"@type":"ListItem","position":4,"name":"Argentinien Auslandsaufenthalt"}]},{"@type":"WebSite","@id":"https:\/\/www.schwaben-international.de\/schueleraustausch\/#website","url":"https:\/\/www.schwaben-international.de\/schueleraustausch\/","name":"Sch\u00fcleraustausch","description":"Schwaben International e.V.","publisher":{"@id":"https:\/\/www.schwaben-international.de\/schueleraustausch\/#organization"},"potentialAction":[{"@type":"SearchAction","target":{"@type":"EntryPoint","urlTemplate":"https:\/\/www.schwaben-international.de\/schueleraustausch\/?s={search_term_string}"},"query-input":{"@type":"PropertyValueSpecification","valueRequired":true,"valueName":"search_term_string"}}],"inLanguage":"de"},{"@type":"Organization","@id":"https:\/\/www.schwaben-international.de\/schueleraustausch\/#organization","name":"Schwaben International e.V.","url":"https:\/\/www.schwaben-international.de\/schueleraustausch\/","logo":{"@type":"ImageObject","inLanguage":"de","@id":"https:\/\/www.schwaben-international.de\/schueleraustausch\/#\/schema\/logo\/image\/","url":"https:\/\/www.schwaben-international.de\/schueleraustausch\/wp-content\/uploads\/sites\/2\/2016\/08\/logo-1.png","contentUrl":"https:\/\/www.schwaben-international.de\/schueleraustausch\/wp-content\/uploads\/sites\/2\/2016\/08\/logo-1.png","width":300,"height":90,"caption":"Schwaben International e.V."},"image":{"@id":"https:\/\/www.schwaben-international.de\/schueleraustausch\/#\/schema\/logo\/image\/"}}]}},"_links":{"self":[{"href":"https:\/\/www.schwaben-international.de\/schueleraustausch\/wp-json\/wp\/v2\/pages\/1466","targetHints":{"allow":["GET"]}}],"collection":[{"href":"https:\/\/www.schwaben-international.de\/schueleraustausch\/wp-json\/wp\/v2\/pages"}],"about":[{"href":"https:\/\/www.schwaben-international.de\/schueleraustausch\/wp-json\/wp\/v2\/types\/page"}],"author":[{"embeddable":true,"href":"https:\/\/www.schwaben-international.de\/schueleraustausch\/wp-json\/wp\/v2\/users\/2"}],"replies":[{"embeddable":true,"href":"https:\/\/www.schwaben-international.de\/schueleraustausch\/wp-json\/wp\/v2\/comments?post=1466"}],"version-history":[{"count":3,"href":"https:\/\/www.schwaben-international.de\/schueleraustausch\/wp-json\/wp\/v2\/pages\/1466\/revisions"}],"predecessor-version":[{"id":3289,"href":"https:\/\/www.schwaben-international.de\/schueleraustausch\/wp-json\/wp\/v2\/pages\/1466\/revisions\/3289"}],"up":[{"embeddable":true,"href":"https:\/\/www.schwaben-international.de\/schueleraustausch\/wp-json\/wp\/v2\/pages\/94"}],"wp:attachment":[{"href":"https:\/\/www.schwaben-international.de\/schueleraustausch\/wp-json\/wp\/v2\/media?parent=1466"}],"curies":[{"name":"wp","href":"https:\/\/api.w.org\/{rel}","templated":true}]}}