{"id":144,"date":"2016-03-08T00:17:50","date_gmt":"2016-03-07T23:17:50","guid":{"rendered":"http:\/\/www.schwaben-international.de\/schueleraustausch\/?page_id=144"},"modified":"2023-03-23T16:00:52","modified_gmt":"2023-03-23T15:00:52","slug":"gastfamilie-wie","status":"publish","type":"page","link":"https:\/\/www.schwaben-international.de\/schueleraustausch\/gastfamilie-werden\/gastfamilie-wie\/","title":{"rendered":"Wie k\u00f6nnen Sie Gastfamilie werden?"},"content":{"rendered":"<h1 class=\"entry-title-post\"><span style=\"color: #ff0000\"><a style=\"color: #ff0000\" href=\"https:\/\/www.schwaben-international.de\/schueleraustausch\/2023\/03\/wir-sagen-auf-wiedersehen-nach-33-jahren-geht-eine-aera-zu-ende\/\" rel=\"bookmark\">Wir sagen auf Wiedersehen! \u2013 Nach 33 Jahren geht eine \u00c4ra zu Ende<\/a><\/span><\/h1>\n<h6><\/h6>\n<h1 class=\"entry-title-post\"><a href=\"https:\/\/www.schwaben-international.de\/schueleraustausch\/2023\/03\/neuer-kooperationspartner-djo-deutschen-jugend-in-europa-landesverband-baden-wuerttemberg\/\" rel=\"bookmark\"><span style=\"color: #ff6600\">Neuer Kooperationspartner djo \u2013 Deutschen Jugend in Europa Landesverband Baden-W\u00fcrttemberg<\/span><\/a><\/h1>\n<p>&nbsp;<\/p>\n<p>&nbsp;<\/p>\n<p>Wenn sich Ihre Familie f\u00fcr die Aufnahme eines Gastkindes entschieden hat, k\u00f6nnen Sie sich unter dem Men\u00fcpunkt Downloads den Vorstellungsbogen herunterladen und ausgef\u00fcllt mit ein oder auch zwei Bildern Ihrer Familie an uns senden.<\/p>\n<p>Anhand Ihrer Angaben zu Hobbys und Aktivit\u00e4ten der Familie, sowie mit Hilfe der Familienbilder suchen wir ein passendes Gastkind f\u00fcr Sie aus und schicken Ihnen die pers\u00f6nlichen Unterlagen sowie alle weiteren Informationen zum Aufenthalt zu, so dass sie schon einige Zeit vor der Ankunft des jugendlichen Gastes Kontakt aufnehmen und sich ein wenig kennenlernen k\u00f6nnen.<\/p>\n","protected":false},"excerpt":{"rendered":"<p>Wir sagen auf Wiedersehen! \u2013 Nach 33 Jahren geht eine \u00c4ra zu Ende Neuer Kooperationspartner djo \u2013 Deutschen Jugend in Europa Landesverband Baden-W\u00fcrttemberg &nbsp; &nbsp; Wenn sich Ihre Familie f\u00fcr die Aufnahme eines Gastkindes entschieden hat, k\u00f6nnen Sie sich unter dem Men\u00fcpunkt Downloads den Vorstellungsbogen herunterladen und ausgef\u00fcllt mit ein oder auch zwei Bildern Ihrer Familie an uns senden. Anhand Ihrer Angaben zu Hobbys und &hellip; <a href=\"https:\/\/www.schwaben-international.de\/schueleraustausch\/gastfamilie-werden\/gastfamilie-wie\/\" class=\"more-link\">weiterlesen <span class=\"screen-reader-text\">Wie k\u00f6nnen Sie Gastfamilie werden?<\/span> <span class=\u201emeta-nav\u201c>&raquo;<\/span><\/a><\/p>\n","protected":false},"author":2,"featured_media":0,"parent":11,"menu_order":29,"comment_status":"closed","ping_status":"closed","template":"","meta":{"footnotes":""},"class_list":["post-144","page","type-page","status-publish","hentry"],"yoast_head":"<!-- This site is optimized with the Yoast SEO plugin v25.6 - https:\/\/yoast.com\/wordpress\/plugins\/seo\/ -->\n<title>Wie k\u00f6nnen Sie Gastfamilie werden? - Schwaben International e.V.<\/title>\n<meta name=\"description\" content=\"Wenn sich Ihre Familie f\u00fcr die Aufnahme eines Gastkindes entschieden hat, k\u00f6nnen Sie sich unter dem Men\u00fcpunkt Downloads den Vorstellungsbogen herunterladen.\" \/>\n<meta name=\"robots\" content=\"index, follow, max-snippet:-1, max-image-preview:large, max-video-preview:-1\" \/>\n<link rel=\"canonical\" href=\"https:\/\/www.schwaben-international.de\/schueleraustausch\/gastfamilie-werden\/gastfamilie-wie\/\" \/>\n<meta property=\"og:locale\" content=\"de_DE\" \/>\n<meta property=\"og:type\" content=\"article\" \/>\n<meta property=\"og:title\" content=\"Wie k\u00f6nnen Sie Gastfamilie werden? - Schwaben International e.V.\" \/>\n<meta property=\"og:description\" content=\"Wenn sich Ihre Familie f\u00fcr die Aufnahme eines Gastkindes entschieden hat, k\u00f6nnen Sie sich unter dem Men\u00fcpunkt Downloads den Vorstellungsbogen herunterladen.\" \/>\n<meta property=\"og:url\" content=\"https:\/\/www.schwaben-international.de\/schueleraustausch\/gastfamilie-werden\/gastfamilie-wie\/\" \/>\n<meta property=\"og:site_name\" content=\"Sch\u00fcleraustausch\" \/>\n<meta property=\"article:modified_time\" content=\"2023-03-23T15:00:52+00:00\" \/>\n<meta property=\"og:image\" content=\"https:\/\/www.schwaben-international.de\/schueleraustausch\/wp-content\/uploads\/sites\/2\/2016\/08\/allg-info-01.jpg\" \/>\n\t<meta property=\"og:image:width\" content=\"1200\" \/>\n\t<meta property=\"og:image:height\" content=\"300\" \/>\n\t<meta property=\"og:image:type\" content=\"image\/jpeg\" \/>\n<meta name=\"twitter:card\" content=\"summary_large_image\" \/>\n<meta name=\"twitter:label1\" content=\"Gesch\u00e4tzte Lesezeit\" \/>\n\t<meta name=\"twitter:data1\" content=\"1\u00a0Minute\" \/>\n<script type=\"application\/ld+json\" class=\"yoast-schema-graph\">{\"@context\":\"https:\/\/schema.org\",\"@graph\":[{\"@type\":\"WebPage\",\"@id\":\"https:\/\/www.schwaben-international.de\/schueleraustausch\/gastfamilie-werden\/gastfamilie-wie\/\",\"url\":\"https:\/\/www.schwaben-international.de\/schueleraustausch\/gastfamilie-werden\/gastfamilie-wie\/\",\"name\":\"Wie k\u00f6nnen Sie Gastfamilie werden? - Schwaben International e.V.\",\"isPartOf\":{\"@id\":\"https:\/\/www.schwaben-international.de\/schueleraustausch\/#website\"},\"datePublished\":\"2016-03-07T23:17:50+00:00\",\"dateModified\":\"2023-03-23T15:00:52+00:00\",\"description\":\"Wenn sich Ihre Familie f\u00fcr die Aufnahme eines Gastkindes entschieden hat, k\u00f6nnen Sie sich unter dem Men\u00fcpunkt Downloads den Vorstellungsbogen herunterladen.\",\"breadcrumb\":{\"@id\":\"https:\/\/www.schwaben-international.de\/schueleraustausch\/gastfamilie-werden\/gastfamilie-wie\/#breadcrumb\"},\"inLanguage\":\"de\",\"potentialAction\":[{\"@type\":\"ReadAction\",\"target\":[\"https:\/\/www.schwaben-international.de\/schueleraustausch\/gastfamilie-werden\/gastfamilie-wie\/\"]}]},{\"@type\":\"BreadcrumbList\",\"@id\":\"https:\/\/www.schwaben-international.de\/schueleraustausch\/gastfamilie-werden\/gastfamilie-wie\/#breadcrumb\",\"itemListElement\":[{\"@type\":\"ListItem\",\"position\":1,\"name\":\"Startseite\",\"item\":\"https:\/\/www.schwaben-international.de\/schueleraustausch\/\"},{\"@type\":\"ListItem\",\"position\":2,\"name\":\"Gastfamilie werden\",\"item\":\"https:\/\/www.schwaben-international.de\/schueleraustausch\/gastfamilie-werden\/\"},{\"@type\":\"ListItem\",\"position\":3,\"name\":\"Wie k\u00f6nnen Sie Gastfamilie werden?\"}]},{\"@type\":\"WebSite\",\"@id\":\"https:\/\/www.schwaben-international.de\/schueleraustausch\/#website\",\"url\":\"https:\/\/www.schwaben-international.de\/schueleraustausch\/\",\"name\":\"Sch\u00fcleraustausch\",\"description\":\"Schwaben International e.V.\",\"publisher\":{\"@id\":\"https:\/\/www.schwaben-international.de\/schueleraustausch\/#organization\"},\"potentialAction\":[{\"@type\":\"SearchAction\",\"target\":{\"@type\":\"EntryPoint\",\"urlTemplate\":\"https:\/\/www.schwaben-international.de\/schueleraustausch\/?s={search_term_string}\"},\"query-input\":{\"@type\":\"PropertyValueSpecification\",\"valueRequired\":true,\"valueName\":\"search_term_string\"}}],\"inLanguage\":\"de\"},{\"@type\":\"Organization\",\"@id\":\"https:\/\/www.schwaben-international.de\/schueleraustausch\/#organization\",\"name\":\"Schwaben International e.V.\",\"url\":\"https:\/\/www.schwaben-international.de\/schueleraustausch\/\",\"logo\":{\"@type\":\"ImageObject\",\"inLanguage\":\"de\",\"@id\":\"https:\/\/www.schwaben-international.de\/schueleraustausch\/#\/schema\/logo\/image\/\",\"url\":\"https:\/\/www.schwaben-international.de\/schueleraustausch\/wp-content\/uploads\/sites\/2\/2016\/08\/logo-1.png\",\"contentUrl\":\"https:\/\/www.schwaben-international.de\/schueleraustausch\/wp-content\/uploads\/sites\/2\/2016\/08\/logo-1.png\",\"width\":300,\"height\":90,\"caption\":\"Schwaben International e.V.\"},\"image\":{\"@id\":\"https:\/\/www.schwaben-international.de\/schueleraustausch\/#\/schema\/logo\/image\/\"}}]}<\/script>\n<!-- \/ Yoast SEO plugin. -->","yoast_head_json":{"title":"Wie k\u00f6nnen Sie Gastfamilie werden? - Schwaben International e.V.","description":"Wenn sich Ihre Familie f\u00fcr die Aufnahme eines Gastkindes entschieden hat, k\u00f6nnen Sie sich unter dem Men\u00fcpunkt Downloads den Vorstellungsbogen herunterladen.","robots":{"index":"index","follow":"follow","max-snippet":"max-snippet:-1","max-image-preview":"max-image-preview:large","max-video-preview":"max-video-preview:-1"},"canonical":"https:\/\/www.schwaben-international.de\/schueleraustausch\/gastfamilie-werden\/gastfamilie-wie\/","og_locale":"de_DE","og_type":"article","og_title":"Wie k\u00f6nnen Sie Gastfamilie werden? - Schwaben International e.V.","og_description":"Wenn sich Ihre Familie f\u00fcr die Aufnahme eines Gastkindes entschieden hat, k\u00f6nnen Sie sich unter dem Men\u00fcpunkt Downloads den Vorstellungsbogen herunterladen.","og_url":"https:\/\/www.schwaben-international.de\/schueleraustausch\/gastfamilie-werden\/gastfamilie-wie\/","og_site_name":"Sch\u00fcleraustausch","article_modified_time":"2023-03-23T15:00:52+00:00","og_image":[{"width":1200,"height":300,"url":"https:\/\/www.schwaben-international.de\/schueleraustausch\/wp-content\/uploads\/sites\/2\/2016\/08\/allg-info-01.jpg","type":"image\/jpeg"}],"twitter_card":"summary_large_image","twitter_misc":{"Gesch\u00e4tzte Lesezeit":"1\u00a0Minute"},"schema":{"@context":"https:\/\/schema.org","@graph":[{"@type":"WebPage","@id":"https:\/\/www.schwaben-international.de\/schueleraustausch\/gastfamilie-werden\/gastfamilie-wie\/","url":"https:\/\/www.schwaben-international.de\/schueleraustausch\/gastfamilie-werden\/gastfamilie-wie\/","name":"Wie k\u00f6nnen Sie Gastfamilie werden? - Schwaben International e.V.","isPartOf":{"@id":"https:\/\/www.schwaben-international.de\/schueleraustausch\/#website"},"datePublished":"2016-03-07T23:17:50+00:00","dateModified":"2023-03-23T15:00:52+00:00","description":"Wenn sich Ihre Familie f\u00fcr die Aufnahme eines Gastkindes entschieden hat, k\u00f6nnen Sie sich unter dem Men\u00fcpunkt Downloads den Vorstellungsbogen herunterladen.","breadcrumb":{"@id":"https:\/\/www.schwaben-international.de\/schueleraustausch\/gastfamilie-werden\/gastfamilie-wie\/#breadcrumb"},"inLanguage":"de","potentialAction":[{"@type":"ReadAction","target":["https:\/\/www.schwaben-international.de\/schueleraustausch\/gastfamilie-werden\/gastfamilie-wie\/"]}]},{"@type":"BreadcrumbList","@id":"https:\/\/www.schwaben-international.de\/schueleraustausch\/gastfamilie-werden\/gastfamilie-wie\/#breadcrumb","itemListElement":[{"@type":"ListItem","position":1,"name":"Startseite","item":"https:\/\/www.schwaben-international.de\/schueleraustausch\/"},{"@type":"ListItem","position":2,"name":"Gastfamilie werden","item":"https:\/\/www.schwaben-international.de\/schueleraustausch\/gastfamilie-werden\/"},{"@type":"ListItem","position":3,"name":"Wie k\u00f6nnen Sie Gastfamilie werden?"}]},{"@type":"WebSite","@id":"https:\/\/www.schwaben-international.de\/schueleraustausch\/#website","url":"https:\/\/www.schwaben-international.de\/schueleraustausch\/","name":"Sch\u00fcleraustausch","description":"Schwaben International e.V.","publisher":{"@id":"https:\/\/www.schwaben-international.de\/schueleraustausch\/#organization"},"potentialAction":[{"@type":"SearchAction","target":{"@type":"EntryPoint","urlTemplate":"https:\/\/www.schwaben-international.de\/schueleraustausch\/?s={search_term_string}"},"query-input":{"@type":"PropertyValueSpecification","valueRequired":true,"valueName":"search_term_string"}}],"inLanguage":"de"},{"@type":"Organization","@id":"https:\/\/www.schwaben-international.de\/schueleraustausch\/#organization","name":"Schwaben International e.V.","url":"https:\/\/www.schwaben-international.de\/schueleraustausch\/","logo":{"@type":"ImageObject","inLanguage":"de","@id":"https:\/\/www.schwaben-international.de\/schueleraustausch\/#\/schema\/logo\/image\/","url":"https:\/\/www.schwaben-international.de\/schueleraustausch\/wp-content\/uploads\/sites\/2\/2016\/08\/logo-1.png","contentUrl":"https:\/\/www.schwaben-international.de\/schueleraustausch\/wp-content\/uploads\/sites\/2\/2016\/08\/logo-1.png","width":300,"height":90,"caption":"Schwaben International e.V."},"image":{"@id":"https:\/\/www.schwaben-international.de\/schueleraustausch\/#\/schema\/logo\/image\/"}}]}},"_links":{"self":[{"href":"https:\/\/www.schwaben-international.de\/schueleraustausch\/wp-json\/wp\/v2\/pages\/144","targetHints":{"allow":["GET"]}}],"collection":[{"href":"https:\/\/www.schwaben-international.de\/schueleraustausch\/wp-json\/wp\/v2\/pages"}],"about":[{"href":"https:\/\/www.schwaben-international.de\/schueleraustausch\/wp-json\/wp\/v2\/types\/page"}],"author":[{"embeddable":true,"href":"https:\/\/www.schwaben-international.de\/schueleraustausch\/wp-json\/wp\/v2\/users\/2"}],"replies":[{"embeddable":true,"href":"https:\/\/www.schwaben-international.de\/schueleraustausch\/wp-json\/wp\/v2\/comments?post=144"}],"version-history":[{"count":2,"href":"https:\/\/www.schwaben-international.de\/schueleraustausch\/wp-json\/wp\/v2\/pages\/144\/revisions"}],"predecessor-version":[{"id":3301,"href":"https:\/\/www.schwaben-international.de\/schueleraustausch\/wp-json\/wp\/v2\/pages\/144\/revisions\/3301"}],"up":[{"embeddable":true,"href":"https:\/\/www.schwaben-international.de\/schueleraustausch\/wp-json\/wp\/v2\/pages\/11"}],"wp:attachment":[{"href":"https:\/\/www.schwaben-international.de\/schueleraustausch\/wp-json\/wp\/v2\/media?parent=144"}],"curies":[{"name":"wp","href":"https:\/\/api.w.org\/{rel}","templated":true}]}}