{"id":140,"date":"2016-03-08T00:12:33","date_gmt":"2016-03-07T23:12:33","guid":{"rendered":"http:\/\/www.schwaben-international.de\/schueleraustausch\/?page_id=140"},"modified":"2023-03-23T15:59:19","modified_gmt":"2023-03-23T14:59:19","slug":"gastfamilie-wer","status":"publish","type":"page","link":"https:\/\/www.schwaben-international.de\/schueleraustausch\/gastfamilie-werden\/gastfamilie-wer\/","title":{"rendered":"Wer kann Gastfamilie werden?"},"content":{"rendered":"<h1 class=\"entry-title-post\"><span style=\"color: #ff0000\"><a style=\"color: #ff0000\" href=\"https:\/\/www.schwaben-international.de\/schueleraustausch\/2023\/03\/wir-sagen-auf-wiedersehen-nach-33-jahren-geht-eine-aera-zu-ende\/\" rel=\"bookmark\">Wir sagen auf Wiedersehen! \u2013 Nach 33 Jahren geht eine \u00c4ra zu Ende<\/a><\/span><\/h1>\n<h6><\/h6>\n<h1 class=\"entry-title-post\"><span style=\"color: #ff6600\"><a style=\"color: #ff6600\" href=\"https:\/\/www.schwaben-international.de\/schueleraustausch\/2023\/03\/neuer-kooperationspartner-djo-deutschen-jugend-in-europa-landesverband-baden-wuerttemberg\/\" rel=\"bookmark\">Neuer Kooperationspartner djo \u2013 Deutschen Jugend in Europa Landesverband Baden-W\u00fcrttemberg<\/a><\/span><\/h1>\n<p>&nbsp;<\/p>\n<p>&nbsp;<\/p>\n<p>Grunds\u00e4tzlich k\u00f6nnen sich alle Erwachsenen als Gastfamilie bewerben, die ein aufrichtiges Interesse am internationalen Kulturaustausch haben. Paare, ob verheiratet oder unverheiratet, mit und ohne Kinder, und auch alleinerziehende M\u00fctter und V\u00e4ter.<\/p>\n<p>Gastfamilie zu sein bedeutet, Jugendliche in die Familie zu integrieren, Lust auf ein interkulturelles Zusammenleben zu haben und \u00fcber gen\u00fcgend Raum zu verf\u00fcgen, um eine weitere Person unterbringen zu k\u00f6nnen.<\/p>\n<p>Ein wichtiger Bestandteil des Austausches ist der Schulbesuch. Dort k\u00f6nnen die Sch\u00fclerinnen und Sch\u00fcler ihre Sprache weiterentwickeln, Einblicke in unser Schulsystem bekommen und viele gleichaltrige Freunde gewinnen.<\/p>\n<p>Gastfamilie zu werden, sollte eine ideelle Entscheidung sein. Gastfamilie zu sein macht Spa\u00df und ist oftmals eine Bereicherung f\u00fcr alle Beteiligten. Wer offen und tolerant ist und bereit die Verantwortung f\u00fcr einen jungen Menschen zu \u00fcbernehmen, wird mit neuen Erfahrungen und Beziehungen belohnt.<\/p>\n<p>Die internationalen Sch\u00fcleraustauschprogramme sind Teil unseres gemeinn\u00fctzigen Selbstverst\u00e4ndnisses. Wir suchen Gastfamilien, die sich keinen materiellen Nutzen aus dem Austausch erhoffen.<\/p>\n","protected":false},"excerpt":{"rendered":"<p>Wir sagen auf Wiedersehen! \u2013 Nach 33 Jahren geht eine \u00c4ra zu Ende Neuer Kooperationspartner djo \u2013 Deutschen Jugend in Europa Landesverband Baden-W\u00fcrttemberg &nbsp; &nbsp; Grunds\u00e4tzlich k\u00f6nnen sich alle Erwachsenen als Gastfamilie bewerben, die ein aufrichtiges Interesse am internationalen Kulturaustausch haben. Paare, ob verheiratet oder unverheiratet, mit und ohne Kinder, und auch alleinerziehende M\u00fctter und V\u00e4ter. Gastfamilie zu sein bedeutet, Jugendliche in die Familie zu &hellip; <a href=\"https:\/\/www.schwaben-international.de\/schueleraustausch\/gastfamilie-werden\/gastfamilie-wer\/\" class=\"more-link\">weiterlesen <span class=\"screen-reader-text\">Wer kann Gastfamilie werden?<\/span> <span class=\u201emeta-nav\u201c>&raquo;<\/span><\/a><\/p>\n","protected":false},"author":2,"featured_media":0,"parent":11,"menu_order":28,"comment_status":"closed","ping_status":"closed","template":"","meta":{"footnotes":""},"class_list":["post-140","page","type-page","status-publish","hentry"],"yoast_head":"<!-- This site is optimized with the Yoast SEO plugin v25.6 - https:\/\/yoast.com\/wordpress\/plugins\/seo\/ -->\n<title>Wer kann Gastfamilie werden? - Schwaben International e.V.<\/title>\n<meta name=\"description\" content=\"Grunds\u00e4tzlich k\u00f6nnen sich alle Erwachsenen als Gastfamilie bewerben, die ein aufrichtiges Interesse am internationalen Kulturaustausch haben.\" \/>\n<meta name=\"robots\" content=\"index, follow, max-snippet:-1, max-image-preview:large, max-video-preview:-1\" \/>\n<link rel=\"canonical\" href=\"https:\/\/www.schwaben-international.de\/schueleraustausch\/gastfamilie-werden\/gastfamilie-wer\/\" \/>\n<meta property=\"og:locale\" content=\"de_DE\" \/>\n<meta property=\"og:type\" content=\"article\" \/>\n<meta property=\"og:title\" content=\"Wer kann Gastfamilie werden? - Schwaben International e.V.\" \/>\n<meta property=\"og:description\" content=\"Grunds\u00e4tzlich k\u00f6nnen sich alle Erwachsenen als Gastfamilie bewerben, die ein aufrichtiges Interesse am internationalen Kulturaustausch haben.\" \/>\n<meta property=\"og:url\" content=\"https:\/\/www.schwaben-international.de\/schueleraustausch\/gastfamilie-werden\/gastfamilie-wer\/\" \/>\n<meta property=\"og:site_name\" content=\"Sch\u00fcleraustausch\" \/>\n<meta property=\"article:modified_time\" content=\"2023-03-23T14:59:19+00:00\" \/>\n<meta property=\"og:image\" content=\"https:\/\/www.schwaben-international.de\/schueleraustausch\/wp-content\/uploads\/sites\/2\/2016\/08\/allg-info-01.jpg\" \/>\n\t<meta property=\"og:image:width\" content=\"1200\" \/>\n\t<meta property=\"og:image:height\" content=\"300\" \/>\n\t<meta property=\"og:image:type\" content=\"image\/jpeg\" \/>\n<meta name=\"twitter:card\" content=\"summary_large_image\" \/>\n<meta name=\"twitter:label1\" content=\"Gesch\u00e4tzte Lesezeit\" \/>\n\t<meta name=\"twitter:data1\" content=\"1\u00a0Minute\" \/>\n<script type=\"application\/ld+json\" class=\"yoast-schema-graph\">{\"@context\":\"https:\/\/schema.org\",\"@graph\":[{\"@type\":\"WebPage\",\"@id\":\"https:\/\/www.schwaben-international.de\/schueleraustausch\/gastfamilie-werden\/gastfamilie-wer\/\",\"url\":\"https:\/\/www.schwaben-international.de\/schueleraustausch\/gastfamilie-werden\/gastfamilie-wer\/\",\"name\":\"Wer kann Gastfamilie werden? - Schwaben International e.V.\",\"isPartOf\":{\"@id\":\"https:\/\/www.schwaben-international.de\/schueleraustausch\/#website\"},\"datePublished\":\"2016-03-07T23:12:33+00:00\",\"dateModified\":\"2023-03-23T14:59:19+00:00\",\"description\":\"Grunds\u00e4tzlich k\u00f6nnen sich alle Erwachsenen als Gastfamilie bewerben, die ein aufrichtiges Interesse am internationalen Kulturaustausch haben.\",\"breadcrumb\":{\"@id\":\"https:\/\/www.schwaben-international.de\/schueleraustausch\/gastfamilie-werden\/gastfamilie-wer\/#breadcrumb\"},\"inLanguage\":\"de\",\"potentialAction\":[{\"@type\":\"ReadAction\",\"target\":[\"https:\/\/www.schwaben-international.de\/schueleraustausch\/gastfamilie-werden\/gastfamilie-wer\/\"]}]},{\"@type\":\"BreadcrumbList\",\"@id\":\"https:\/\/www.schwaben-international.de\/schueleraustausch\/gastfamilie-werden\/gastfamilie-wer\/#breadcrumb\",\"itemListElement\":[{\"@type\":\"ListItem\",\"position\":1,\"name\":\"Startseite\",\"item\":\"https:\/\/www.schwaben-international.de\/schueleraustausch\/\"},{\"@type\":\"ListItem\",\"position\":2,\"name\":\"Gastfamilie werden\",\"item\":\"https:\/\/www.schwaben-international.de\/schueleraustausch\/gastfamilie-werden\/\"},{\"@type\":\"ListItem\",\"position\":3,\"name\":\"Wer kann Gastfamilie werden?\"}]},{\"@type\":\"WebSite\",\"@id\":\"https:\/\/www.schwaben-international.de\/schueleraustausch\/#website\",\"url\":\"https:\/\/www.schwaben-international.de\/schueleraustausch\/\",\"name\":\"Sch\u00fcleraustausch\",\"description\":\"Schwaben International e.V.\",\"publisher\":{\"@id\":\"https:\/\/www.schwaben-international.de\/schueleraustausch\/#organization\"},\"potentialAction\":[{\"@type\":\"SearchAction\",\"target\":{\"@type\":\"EntryPoint\",\"urlTemplate\":\"https:\/\/www.schwaben-international.de\/schueleraustausch\/?s={search_term_string}\"},\"query-input\":{\"@type\":\"PropertyValueSpecification\",\"valueRequired\":true,\"valueName\":\"search_term_string\"}}],\"inLanguage\":\"de\"},{\"@type\":\"Organization\",\"@id\":\"https:\/\/www.schwaben-international.de\/schueleraustausch\/#organization\",\"name\":\"Schwaben International e.V.\",\"url\":\"https:\/\/www.schwaben-international.de\/schueleraustausch\/\",\"logo\":{\"@type\":\"ImageObject\",\"inLanguage\":\"de\",\"@id\":\"https:\/\/www.schwaben-international.de\/schueleraustausch\/#\/schema\/logo\/image\/\",\"url\":\"https:\/\/www.schwaben-international.de\/schueleraustausch\/wp-content\/uploads\/sites\/2\/2016\/08\/logo-1.png\",\"contentUrl\":\"https:\/\/www.schwaben-international.de\/schueleraustausch\/wp-content\/uploads\/sites\/2\/2016\/08\/logo-1.png\",\"width\":300,\"height\":90,\"caption\":\"Schwaben International e.V.\"},\"image\":{\"@id\":\"https:\/\/www.schwaben-international.de\/schueleraustausch\/#\/schema\/logo\/image\/\"}}]}<\/script>\n<!-- \/ Yoast SEO plugin. -->","yoast_head_json":{"title":"Wer kann Gastfamilie werden? - Schwaben International e.V.","description":"Grunds\u00e4tzlich k\u00f6nnen sich alle Erwachsenen als Gastfamilie bewerben, die ein aufrichtiges Interesse am internationalen Kulturaustausch haben.","robots":{"index":"index","follow":"follow","max-snippet":"max-snippet:-1","max-image-preview":"max-image-preview:large","max-video-preview":"max-video-preview:-1"},"canonical":"https:\/\/www.schwaben-international.de\/schueleraustausch\/gastfamilie-werden\/gastfamilie-wer\/","og_locale":"de_DE","og_type":"article","og_title":"Wer kann Gastfamilie werden? - Schwaben International e.V.","og_description":"Grunds\u00e4tzlich k\u00f6nnen sich alle Erwachsenen als Gastfamilie bewerben, die ein aufrichtiges Interesse am internationalen Kulturaustausch haben.","og_url":"https:\/\/www.schwaben-international.de\/schueleraustausch\/gastfamilie-werden\/gastfamilie-wer\/","og_site_name":"Sch\u00fcleraustausch","article_modified_time":"2023-03-23T14:59:19+00:00","og_image":[{"width":1200,"height":300,"url":"https:\/\/www.schwaben-international.de\/schueleraustausch\/wp-content\/uploads\/sites\/2\/2016\/08\/allg-info-01.jpg","type":"image\/jpeg"}],"twitter_card":"summary_large_image","twitter_misc":{"Gesch\u00e4tzte Lesezeit":"1\u00a0Minute"},"schema":{"@context":"https:\/\/schema.org","@graph":[{"@type":"WebPage","@id":"https:\/\/www.schwaben-international.de\/schueleraustausch\/gastfamilie-werden\/gastfamilie-wer\/","url":"https:\/\/www.schwaben-international.de\/schueleraustausch\/gastfamilie-werden\/gastfamilie-wer\/","name":"Wer kann Gastfamilie werden? - Schwaben International e.V.","isPartOf":{"@id":"https:\/\/www.schwaben-international.de\/schueleraustausch\/#website"},"datePublished":"2016-03-07T23:12:33+00:00","dateModified":"2023-03-23T14:59:19+00:00","description":"Grunds\u00e4tzlich k\u00f6nnen sich alle Erwachsenen als Gastfamilie bewerben, die ein aufrichtiges Interesse am internationalen Kulturaustausch haben.","breadcrumb":{"@id":"https:\/\/www.schwaben-international.de\/schueleraustausch\/gastfamilie-werden\/gastfamilie-wer\/#breadcrumb"},"inLanguage":"de","potentialAction":[{"@type":"ReadAction","target":["https:\/\/www.schwaben-international.de\/schueleraustausch\/gastfamilie-werden\/gastfamilie-wer\/"]}]},{"@type":"BreadcrumbList","@id":"https:\/\/www.schwaben-international.de\/schueleraustausch\/gastfamilie-werden\/gastfamilie-wer\/#breadcrumb","itemListElement":[{"@type":"ListItem","position":1,"name":"Startseite","item":"https:\/\/www.schwaben-international.de\/schueleraustausch\/"},{"@type":"ListItem","position":2,"name":"Gastfamilie werden","item":"https:\/\/www.schwaben-international.de\/schueleraustausch\/gastfamilie-werden\/"},{"@type":"ListItem","position":3,"name":"Wer kann Gastfamilie werden?"}]},{"@type":"WebSite","@id":"https:\/\/www.schwaben-international.de\/schueleraustausch\/#website","url":"https:\/\/www.schwaben-international.de\/schueleraustausch\/","name":"Sch\u00fcleraustausch","description":"Schwaben International e.V.","publisher":{"@id":"https:\/\/www.schwaben-international.de\/schueleraustausch\/#organization"},"potentialAction":[{"@type":"SearchAction","target":{"@type":"EntryPoint","urlTemplate":"https:\/\/www.schwaben-international.de\/schueleraustausch\/?s={search_term_string}"},"query-input":{"@type":"PropertyValueSpecification","valueRequired":true,"valueName":"search_term_string"}}],"inLanguage":"de"},{"@type":"Organization","@id":"https:\/\/www.schwaben-international.de\/schueleraustausch\/#organization","name":"Schwaben International e.V.","url":"https:\/\/www.schwaben-international.de\/schueleraustausch\/","logo":{"@type":"ImageObject","inLanguage":"de","@id":"https:\/\/www.schwaben-international.de\/schueleraustausch\/#\/schema\/logo\/image\/","url":"https:\/\/www.schwaben-international.de\/schueleraustausch\/wp-content\/uploads\/sites\/2\/2016\/08\/logo-1.png","contentUrl":"https:\/\/www.schwaben-international.de\/schueleraustausch\/wp-content\/uploads\/sites\/2\/2016\/08\/logo-1.png","width":300,"height":90,"caption":"Schwaben International e.V."},"image":{"@id":"https:\/\/www.schwaben-international.de\/schueleraustausch\/#\/schema\/logo\/image\/"}}]}},"_links":{"self":[{"href":"https:\/\/www.schwaben-international.de\/schueleraustausch\/wp-json\/wp\/v2\/pages\/140","targetHints":{"allow":["GET"]}}],"collection":[{"href":"https:\/\/www.schwaben-international.de\/schueleraustausch\/wp-json\/wp\/v2\/pages"}],"about":[{"href":"https:\/\/www.schwaben-international.de\/schueleraustausch\/wp-json\/wp\/v2\/types\/page"}],"author":[{"embeddable":true,"href":"https:\/\/www.schwaben-international.de\/schueleraustausch\/wp-json\/wp\/v2\/users\/2"}],"replies":[{"embeddable":true,"href":"https:\/\/www.schwaben-international.de\/schueleraustausch\/wp-json\/wp\/v2\/comments?post=140"}],"version-history":[{"count":2,"href":"https:\/\/www.schwaben-international.de\/schueleraustausch\/wp-json\/wp\/v2\/pages\/140\/revisions"}],"predecessor-version":[{"id":3298,"href":"https:\/\/www.schwaben-international.de\/schueleraustausch\/wp-json\/wp\/v2\/pages\/140\/revisions\/3298"}],"up":[{"embeddable":true,"href":"https:\/\/www.schwaben-international.de\/schueleraustausch\/wp-json\/wp\/v2\/pages\/11"}],"wp:attachment":[{"href":"https:\/\/www.schwaben-international.de\/schueleraustausch\/wp-json\/wp\/v2\/media?parent=140"}],"curies":[{"name":"wp","href":"https:\/\/api.w.org\/{rel}","templated":true}]}}