{"id":137,"date":"2016-03-08T00:10:54","date_gmt":"2016-03-07T23:10:54","guid":{"rendered":"http:\/\/www.schwaben-international.de\/schueleraustausch\/?page_id=137"},"modified":"2023-03-23T15:59:55","modified_gmt":"2023-03-23T14:59:55","slug":"gastfamilie-warum","status":"publish","type":"page","link":"https:\/\/www.schwaben-international.de\/schueleraustausch\/gastfamilie-werden\/gastfamilie-warum\/","title":{"rendered":"Warum Gastfamilie werden?"},"content":{"rendered":"<h1 class=\"entry-title-post\"><a href=\"https:\/\/www.schwaben-international.de\/schueleraustausch\/2023\/03\/wir-sagen-auf-wiedersehen-nach-33-jahren-geht-eine-aera-zu-ende\/\" rel=\"bookmark\"><span style=\"color: #ff0000\">Wir sagen auf Wiedersehen! \u2013 Nach 33 Jahren geht eine \u00c4ra zu Ende<\/span><\/a><\/h1>\n<h6><\/h6>\n<h1 class=\"entry-title-post\"><a href=\"https:\/\/www.schwaben-international.de\/schueleraustausch\/2023\/03\/neuer-kooperationspartner-djo-deutschen-jugend-in-europa-landesverband-baden-wuerttemberg\/\" rel=\"bookmark\"><span style=\"color: #ff6600\">Neuer Kooperationspartner djo \u2013 Deutschen Jugend in Europa Landesverband Baden-W\u00fcrttemberg<\/span><\/a><\/h1>\n<p>&nbsp;<\/p>\n<p>&nbsp;<\/p>\n<p>Als Gastfamilie erm\u00f6glichen Sie einem jungen Menschen Einblicke in den Familien- und Schulalltag in Deutschland. Im Zusammenleben treffen Sie fast zwangsl\u00e4ufig auf Unterschiede zwischen Ihren Lebensgewohnheiten und denen Ihres Gastes. Gemeinsame Gespr\u00e4che f\u00f6rdern das gegenseitige Verst\u00e4ndnis und er\u00f6ffnen einen Zugang zum jeweilig anderen Kulturkreis.<\/p>\n<p>H\u00e4ufig genannte Motive von Familien, die sich f\u00fcr die Aufnahme eines Gastkindes entscheiden sind<\/p>\n<blockquote><p>\u201eden eigenen Kindern den Blick \u00fcber den Tellerrand erm\u00f6glichen\u201c<br \/>\n\u201eInteresse am\u00a0Kennenlernen einer anderen Kultur\u201c,<br \/>\n\u201eJugendlichen aus anderen L\u00e4ndern, Einblick in unsere Kultur geben\u201c,<br \/>\n\u201eBereicherung des Familienlebens\u201c<\/p><\/blockquote>\n<p>Das allt\u00e4gliche Zusammenleben bietet jung und alt vielf\u00e4ltige Erfahrungsm\u00f6glichkeiten. Als Gasteltern begleiten sie einen jungen Menschen auf seiner Entdeckungstour in der ihm\u00a0 noch fremden Umgebung. Sie werden herausgefordert, sollen Unterschiede erkl\u00e4ren. Es kann sehr spannend sein, Fragen nach Gewohnheiten und Traditionen zu beantworten, die den Fragenden v\u00f6llig unbekannt sind. Der jugendliche Gast bringt seine Welt zu Ihnen nach Hause. Wer nachfragt, wird Vieles dazu lernen und sein Verst\u00e4ndnis f\u00fcr kulturelle Verschiedenheiten vertiefen k\u00f6nnen.<\/p>\n<p>Von vielen Gastfamilien wird die gemeinsame Zeit mit dem Gastkind als bereichernd empfunden, auch f\u00fcr das eigene Familienleben.<\/p>\n<blockquote><p>\u201eWir haben viel mehr gemeinsam gespielt oder gemeinsam Ausfl\u00fcge unternommen, ein positiver Nebeneffekt f\u00fcr die ganze Familie\u201c<\/p><\/blockquote>\n<p>Nicht selten w\u00e4chst aus einem Sch\u00fcleraustausch eine lebenslange Freundschaft, die man nie mehr missen m\u00f6chte. Mit den Worten einer Gastmutter gesprochen:<\/p>\n<blockquote><p>\u201eVielleicht kann sich mit den vielen Jugendlichen, die mit positiven Erfahrungen nach Hause geflogen sind, einmal die Welt ver\u00e4ndern\u201c.<\/p><\/blockquote>\n","protected":false},"excerpt":{"rendered":"<p>Wir sagen auf Wiedersehen! \u2013 Nach 33 Jahren geht eine \u00c4ra zu Ende Neuer Kooperationspartner djo \u2013 Deutschen Jugend in Europa Landesverband Baden-W\u00fcrttemberg &nbsp; &nbsp; Als Gastfamilie erm\u00f6glichen Sie einem jungen Menschen Einblicke in den Familien- und Schulalltag in Deutschland. Im Zusammenleben treffen Sie fast zwangsl\u00e4ufig auf Unterschiede zwischen Ihren Lebensgewohnheiten und denen Ihres Gastes. Gemeinsame Gespr\u00e4che f\u00f6rdern das gegenseitige Verst\u00e4ndnis und er\u00f6ffnen einen Zugang &hellip; <a href=\"https:\/\/www.schwaben-international.de\/schueleraustausch\/gastfamilie-werden\/gastfamilie-warum\/\" class=\"more-link\">weiterlesen <span class=\"screen-reader-text\">Warum Gastfamilie werden?<\/span> <span class=\u201emeta-nav\u201c>&raquo;<\/span><\/a><\/p>\n","protected":false},"author":2,"featured_media":0,"parent":11,"menu_order":27,"comment_status":"closed","ping_status":"closed","template":"","meta":{"footnotes":""},"class_list":["post-137","page","type-page","status-publish","hentry"],"yoast_head":"<!-- This site is optimized with the Yoast SEO plugin v25.6 - https:\/\/yoast.com\/wordpress\/plugins\/seo\/ -->\n<title>Warum Gastfamilie werden? - Schwaben International e.V.<\/title>\n<meta name=\"description\" content=\"Als Gastfamilie f\u00fcr den Sch\u00fcleraustausch erm\u00f6glichen Sie einem jungen Menschen Einblicke in den Familien- und Schulalltag in Deutschland.\" \/>\n<meta name=\"robots\" content=\"index, follow, max-snippet:-1, max-image-preview:large, max-video-preview:-1\" \/>\n<link rel=\"canonical\" href=\"https:\/\/www.schwaben-international.de\/schueleraustausch\/gastfamilie-werden\/gastfamilie-warum\/\" \/>\n<meta property=\"og:locale\" content=\"de_DE\" \/>\n<meta property=\"og:type\" content=\"article\" \/>\n<meta property=\"og:title\" content=\"Warum Gastfamilie werden? - Schwaben International e.V.\" \/>\n<meta property=\"og:description\" content=\"Als Gastfamilie f\u00fcr den Sch\u00fcleraustausch erm\u00f6glichen Sie einem jungen Menschen Einblicke in den Familien- und Schulalltag in Deutschland.\" \/>\n<meta property=\"og:url\" content=\"https:\/\/www.schwaben-international.de\/schueleraustausch\/gastfamilie-werden\/gastfamilie-warum\/\" \/>\n<meta property=\"og:site_name\" content=\"Sch\u00fcleraustausch\" \/>\n<meta property=\"article:modified_time\" content=\"2023-03-23T14:59:55+00:00\" \/>\n<meta property=\"og:image\" content=\"https:\/\/www.schwaben-international.de\/schueleraustausch\/wp-content\/uploads\/sites\/2\/2016\/08\/allg-info-01.jpg\" \/>\n\t<meta property=\"og:image:width\" content=\"1200\" \/>\n\t<meta property=\"og:image:height\" content=\"300\" \/>\n\t<meta property=\"og:image:type\" content=\"image\/jpeg\" \/>\n<meta name=\"twitter:card\" content=\"summary_large_image\" \/>\n<meta name=\"twitter:label1\" content=\"Gesch\u00e4tzte Lesezeit\" \/>\n\t<meta name=\"twitter:data1\" content=\"2\u00a0Minuten\" \/>\n<script type=\"application\/ld+json\" class=\"yoast-schema-graph\">{\"@context\":\"https:\/\/schema.org\",\"@graph\":[{\"@type\":\"WebPage\",\"@id\":\"https:\/\/www.schwaben-international.de\/schueleraustausch\/gastfamilie-werden\/gastfamilie-warum\/\",\"url\":\"https:\/\/www.schwaben-international.de\/schueleraustausch\/gastfamilie-werden\/gastfamilie-warum\/\",\"name\":\"Warum Gastfamilie werden? - Schwaben International e.V.\",\"isPartOf\":{\"@id\":\"https:\/\/www.schwaben-international.de\/schueleraustausch\/#website\"},\"datePublished\":\"2016-03-07T23:10:54+00:00\",\"dateModified\":\"2023-03-23T14:59:55+00:00\",\"description\":\"Als Gastfamilie f\u00fcr den Sch\u00fcleraustausch erm\u00f6glichen Sie einem jungen Menschen Einblicke in den Familien- und Schulalltag in Deutschland.\",\"breadcrumb\":{\"@id\":\"https:\/\/www.schwaben-international.de\/schueleraustausch\/gastfamilie-werden\/gastfamilie-warum\/#breadcrumb\"},\"inLanguage\":\"de\",\"potentialAction\":[{\"@type\":\"ReadAction\",\"target\":[\"https:\/\/www.schwaben-international.de\/schueleraustausch\/gastfamilie-werden\/gastfamilie-warum\/\"]}]},{\"@type\":\"BreadcrumbList\",\"@id\":\"https:\/\/www.schwaben-international.de\/schueleraustausch\/gastfamilie-werden\/gastfamilie-warum\/#breadcrumb\",\"itemListElement\":[{\"@type\":\"ListItem\",\"position\":1,\"name\":\"Startseite\",\"item\":\"https:\/\/www.schwaben-international.de\/schueleraustausch\/\"},{\"@type\":\"ListItem\",\"position\":2,\"name\":\"Gastfamilie werden\",\"item\":\"https:\/\/www.schwaben-international.de\/schueleraustausch\/gastfamilie-werden\/\"},{\"@type\":\"ListItem\",\"position\":3,\"name\":\"Warum Gastfamilie werden?\"}]},{\"@type\":\"WebSite\",\"@id\":\"https:\/\/www.schwaben-international.de\/schueleraustausch\/#website\",\"url\":\"https:\/\/www.schwaben-international.de\/schueleraustausch\/\",\"name\":\"Sch\u00fcleraustausch\",\"description\":\"Schwaben International e.V.\",\"publisher\":{\"@id\":\"https:\/\/www.schwaben-international.de\/schueleraustausch\/#organization\"},\"potentialAction\":[{\"@type\":\"SearchAction\",\"target\":{\"@type\":\"EntryPoint\",\"urlTemplate\":\"https:\/\/www.schwaben-international.de\/schueleraustausch\/?s={search_term_string}\"},\"query-input\":{\"@type\":\"PropertyValueSpecification\",\"valueRequired\":true,\"valueName\":\"search_term_string\"}}],\"inLanguage\":\"de\"},{\"@type\":\"Organization\",\"@id\":\"https:\/\/www.schwaben-international.de\/schueleraustausch\/#organization\",\"name\":\"Schwaben International e.V.\",\"url\":\"https:\/\/www.schwaben-international.de\/schueleraustausch\/\",\"logo\":{\"@type\":\"ImageObject\",\"inLanguage\":\"de\",\"@id\":\"https:\/\/www.schwaben-international.de\/schueleraustausch\/#\/schema\/logo\/image\/\",\"url\":\"https:\/\/www.schwaben-international.de\/schueleraustausch\/wp-content\/uploads\/sites\/2\/2016\/08\/logo-1.png\",\"contentUrl\":\"https:\/\/www.schwaben-international.de\/schueleraustausch\/wp-content\/uploads\/sites\/2\/2016\/08\/logo-1.png\",\"width\":300,\"height\":90,\"caption\":\"Schwaben International e.V.\"},\"image\":{\"@id\":\"https:\/\/www.schwaben-international.de\/schueleraustausch\/#\/schema\/logo\/image\/\"}}]}<\/script>\n<!-- \/ Yoast SEO plugin. -->","yoast_head_json":{"title":"Warum Gastfamilie werden? - Schwaben International e.V.","description":"Als Gastfamilie f\u00fcr den Sch\u00fcleraustausch erm\u00f6glichen Sie einem jungen Menschen Einblicke in den Familien- und Schulalltag in Deutschland.","robots":{"index":"index","follow":"follow","max-snippet":"max-snippet:-1","max-image-preview":"max-image-preview:large","max-video-preview":"max-video-preview:-1"},"canonical":"https:\/\/www.schwaben-international.de\/schueleraustausch\/gastfamilie-werden\/gastfamilie-warum\/","og_locale":"de_DE","og_type":"article","og_title":"Warum Gastfamilie werden? - Schwaben International e.V.","og_description":"Als Gastfamilie f\u00fcr den Sch\u00fcleraustausch erm\u00f6glichen Sie einem jungen Menschen Einblicke in den Familien- und Schulalltag in Deutschland.","og_url":"https:\/\/www.schwaben-international.de\/schueleraustausch\/gastfamilie-werden\/gastfamilie-warum\/","og_site_name":"Sch\u00fcleraustausch","article_modified_time":"2023-03-23T14:59:55+00:00","og_image":[{"width":1200,"height":300,"url":"https:\/\/www.schwaben-international.de\/schueleraustausch\/wp-content\/uploads\/sites\/2\/2016\/08\/allg-info-01.jpg","type":"image\/jpeg"}],"twitter_card":"summary_large_image","twitter_misc":{"Gesch\u00e4tzte Lesezeit":"2\u00a0Minuten"},"schema":{"@context":"https:\/\/schema.org","@graph":[{"@type":"WebPage","@id":"https:\/\/www.schwaben-international.de\/schueleraustausch\/gastfamilie-werden\/gastfamilie-warum\/","url":"https:\/\/www.schwaben-international.de\/schueleraustausch\/gastfamilie-werden\/gastfamilie-warum\/","name":"Warum Gastfamilie werden? - Schwaben International e.V.","isPartOf":{"@id":"https:\/\/www.schwaben-international.de\/schueleraustausch\/#website"},"datePublished":"2016-03-07T23:10:54+00:00","dateModified":"2023-03-23T14:59:55+00:00","description":"Als Gastfamilie f\u00fcr den Sch\u00fcleraustausch erm\u00f6glichen Sie einem jungen Menschen Einblicke in den Familien- und Schulalltag in Deutschland.","breadcrumb":{"@id":"https:\/\/www.schwaben-international.de\/schueleraustausch\/gastfamilie-werden\/gastfamilie-warum\/#breadcrumb"},"inLanguage":"de","potentialAction":[{"@type":"ReadAction","target":["https:\/\/www.schwaben-international.de\/schueleraustausch\/gastfamilie-werden\/gastfamilie-warum\/"]}]},{"@type":"BreadcrumbList","@id":"https:\/\/www.schwaben-international.de\/schueleraustausch\/gastfamilie-werden\/gastfamilie-warum\/#breadcrumb","itemListElement":[{"@type":"ListItem","position":1,"name":"Startseite","item":"https:\/\/www.schwaben-international.de\/schueleraustausch\/"},{"@type":"ListItem","position":2,"name":"Gastfamilie werden","item":"https:\/\/www.schwaben-international.de\/schueleraustausch\/gastfamilie-werden\/"},{"@type":"ListItem","position":3,"name":"Warum Gastfamilie werden?"}]},{"@type":"WebSite","@id":"https:\/\/www.schwaben-international.de\/schueleraustausch\/#website","url":"https:\/\/www.schwaben-international.de\/schueleraustausch\/","name":"Sch\u00fcleraustausch","description":"Schwaben International e.V.","publisher":{"@id":"https:\/\/www.schwaben-international.de\/schueleraustausch\/#organization"},"potentialAction":[{"@type":"SearchAction","target":{"@type":"EntryPoint","urlTemplate":"https:\/\/www.schwaben-international.de\/schueleraustausch\/?s={search_term_string}"},"query-input":{"@type":"PropertyValueSpecification","valueRequired":true,"valueName":"search_term_string"}}],"inLanguage":"de"},{"@type":"Organization","@id":"https:\/\/www.schwaben-international.de\/schueleraustausch\/#organization","name":"Schwaben International e.V.","url":"https:\/\/www.schwaben-international.de\/schueleraustausch\/","logo":{"@type":"ImageObject","inLanguage":"de","@id":"https:\/\/www.schwaben-international.de\/schueleraustausch\/#\/schema\/logo\/image\/","url":"https:\/\/www.schwaben-international.de\/schueleraustausch\/wp-content\/uploads\/sites\/2\/2016\/08\/logo-1.png","contentUrl":"https:\/\/www.schwaben-international.de\/schueleraustausch\/wp-content\/uploads\/sites\/2\/2016\/08\/logo-1.png","width":300,"height":90,"caption":"Schwaben International e.V."},"image":{"@id":"https:\/\/www.schwaben-international.de\/schueleraustausch\/#\/schema\/logo\/image\/"}}]}},"_links":{"self":[{"href":"https:\/\/www.schwaben-international.de\/schueleraustausch\/wp-json\/wp\/v2\/pages\/137","targetHints":{"allow":["GET"]}}],"collection":[{"href":"https:\/\/www.schwaben-international.de\/schueleraustausch\/wp-json\/wp\/v2\/pages"}],"about":[{"href":"https:\/\/www.schwaben-international.de\/schueleraustausch\/wp-json\/wp\/v2\/types\/page"}],"author":[{"embeddable":true,"href":"https:\/\/www.schwaben-international.de\/schueleraustausch\/wp-json\/wp\/v2\/users\/2"}],"replies":[{"embeddable":true,"href":"https:\/\/www.schwaben-international.de\/schueleraustausch\/wp-json\/wp\/v2\/comments?post=137"}],"version-history":[{"count":1,"href":"https:\/\/www.schwaben-international.de\/schueleraustausch\/wp-json\/wp\/v2\/pages\/137\/revisions"}],"predecessor-version":[{"id":3299,"href":"https:\/\/www.schwaben-international.de\/schueleraustausch\/wp-json\/wp\/v2\/pages\/137\/revisions\/3299"}],"up":[{"embeddable":true,"href":"https:\/\/www.schwaben-international.de\/schueleraustausch\/wp-json\/wp\/v2\/pages\/11"}],"wp:attachment":[{"href":"https:\/\/www.schwaben-international.de\/schueleraustausch\/wp-json\/wp\/v2\/media?parent=137"}],"curies":[{"name":"wp","href":"https:\/\/api.w.org\/{rel}","templated":true}]}}